{"id":1291,"date":"2020-07-30T10:31:01","date_gmt":"2020-07-30T08:31:01","guid":{"rendered":"http:\/\/icicestcool.org\/?page_id=1291"},"modified":"2020-09-16T21:28:42","modified_gmt":"2020-09-16T19:28:42","slug":"lannuaire-corse","status":"publish","type":"page","link":"https:\/\/icicestcool.org\/index.php\/lannuaire-corse\/","title":{"rendered":"L&rsquo;annuaire &#8211; Corse"},"content":{"rendered":"\n<div class=\"wp-block-columns\">\n<div class=\"wp-block-column\" style=\"flex-basis:33.33%\">\n<style>\n\t#hotspot-1196 .hotspots-image-container,\n\t#hotspot-1196 .leaflet-container {\n\t\tbackground: #ffffff\t}\n\n\t#hotspot-1196 .hotspots-placeholder {\n\t\tbackground: #2E2D29;\n\t\tborder: 0 #2E2D29 solid;\n\t\tcolor: #DFEBE5;\n\t}\n\n\t#hotspot-1196 .hotspot-title {\n\t\tcolor: #000000;\n\t}\n\n\t\t\t#hotspot-1196 .hotspot-default {\n\t\t\tstroke-width: 2;\n\t\t\tfill: #ffffff;\n\t\t\tfill-opacity: 0;\n\t\t\tstroke: #ffffff;\n\t\t\tstroke-opacity: 0;\n\t\t}\n\t\t#hotspot-1196 .hotspot-default:hover,\n\t\t#hotspot-1196 .hotspot-default:focus,\n\t\t#hotspot-1196 .hotspot-default.hotspot-active {\n\t\t\tfill: #ffffff;\n\t\t\tfill-opacity: 0.71;\n\t\t\tstroke: #ffffff;\n\t\t\tstroke-opacity: 1.01;\n\t\t}\n\t\t#hotspot-1196 .leaflet-tooltip,\n\t#hotspot-1196 .leaflet-rrose-content-wrapper {\n\t\tbackground: #2E2D29;\n\t\tborder-color: #2E2D29;\n\t\tcolor: #DFEBE5;\n\t}\n\n\t#hotspot-1196 a.leaflet-rrose-close-button {\n\t\tcolor: #000000;\n\t}\n\n\t#hotspot-1196 .leaflet-rrose-tip {\n\t\tbackground: #2E2D29;\n\t}\n\n\t#hotspot-1196 .leaflet-popup-scrolled {\n\t\tborder-bottom-color: #DFEBE5;\n\t\tborder-top-color: #DFEBE5;\n\t}\n\n\t#hotspot-1196 .leaflet-tooltip-top:before {\n\t\tborder-top-color: #2E2D29;\n\t}\n\n\t#hotspot-1196 .leaflet-tooltip-bottom:before {\n\t\tborder-bottom-color: #2E2D29;\n\t}\n\t#hotspot-1196 .leaflet-tooltip-left:before {\n\t\tborder-left-color: #2E2D29;\n\t}\n\t#hotspot-1196 .leaflet-tooltip-right:before {\n\t\tborder-right-color: #2E2D29;\n\t}\n<\/style>\n\n\n\t<div class=\"hotspots-container links-only layout-left event-click\" id=\"hotspot-1196\" data-layout=\"left\" data-trigger=\"click\">\n\t\t<div class=\"hotspots-interaction\">\n\t\t\t<div class=\"hotspots-image-container\">\n\t<img\n\t\twidth=\"1000\"\n\t\theight=\"1000\"\n\t\tsrc=\"https:\/\/icicestcool.org\/wp-content\/uploads\/2020\/07\/carte-France.jpg\"\n\t\talt=\"France\"\n\t\tclass=\"hotspots-image skip-lazy\"\n\t\tusemap=\"#hotspots-image-1196\"\n\t\tdata-image-title=\"France\"\n\t\tdata-image-description=\"\"\n\t\tdata-event-trigger=\"click\"\n\t\tdata-always-visible=\"false\"\n\t\tdata-id=\"1196\"\n\t\tdata-no-lazy=\"1\"\n\t\tdata-lazy-src=\"\"\n\t\tdata-lazy=\"false\"\n\t\tloading=\"eager\"\n\t\tdata-skip-lazy=\"1\"\n\t\t>\n<\/div>\t\t<\/div>\n\t\t<map name=\"hotspots-image-1196\" class=\"hotspots-map\">\n\t\t\t\t\t\t\t\t\t\t\t<area\n\t\t\t\t\tshape=\"poly\"\n\t\t\t\t\tcoords=\"546,494,593,458,634,461,685,507,717,514,729,485,737,481,779,502,815,493,810,507,856,477,896,590,852,629,828,629,777,694,717,715,674,711,656,665,614,646,590,674,577,649,550,676,527,670,547,602,557,602,550,559,567,542,548,504\"\n\t\t\t\t\thref=\"http:\/\/icicestcool.org\/index.php\/lannuaire-auvergne-rhone-alpes\/\"\n\t\t\t\t\trel=\"\"\n\t\t\t\t\ttitle=\"Auvergne-Rh\u00f4ne-Alpes\"\n\t\t\t\t\talt=\"Auvergne-Rh\u00f4ne-Alpes\"\n\t\t\t\t\tdata-action=\"url\"\n\t\t\t\t\tdata-color-scheme=\"\"\n\t\t\t\t\ttarget=\"\"\n\t\t\t\t\tclass=\"url-area\"\n\t\t\t\t\t>\n\t\t\t\t\t\t\t\t\t\t\t<area\n\t\t\t\t\tshape=\"poly\"\n\t\t\t\t\tcoords=\"207,382,311,330,292,274,376,275,441,305,401,371,385,412,322,425,335,493,292,502,228,443,238,421,228,407,237,395,217,394,201,392\"\n\t\t\t\t\thref=\"http:\/\/icicestcool.org\/index.php\/lannuaire-pays-de-la-loire\/\"\n\t\t\t\t\trel=\"\"\n\t\t\t\t\ttitle=\"Pays de la Loire\"\n\t\t\t\t\talt=\"Pays de la Loire\"\n\t\t\t\t\tdata-action=\"url\"\n\t\t\t\t\tdata-color-scheme=\"\"\n\t\t\t\t\ttarget=\"\"\n\t\t\t\t\tclass=\"url-area\"\n\t\t\t\t\t>\n\t\t\t\t\t\t\t\t\t\t\t<area\n\t\t\t\t\tshape=\"poly\"\n\t\t\t\t\tcoords=\"564,12,572,36,632,72,636,89,669,87,669,123,671,133,661,183,622,241,603,221,509,212,509,137,477,109,487,98,494,34\"\n\t\t\t\t\thref=\"http:\/\/icicestcool.org\/index.php\/lannuaire-hauts-de-france\/\"\n\t\t\t\t\trel=\"\"\n\t\t\t\t\ttitle=\"Haut de France\"\n\t\t\t\t\talt=\"Haut de France\"\n\t\t\t\t\tdata-action=\"url\"\n\t\t\t\t\tdata-color-scheme=\"\"\n\t\t\t\t\ttarget=\"\"\n\t\t\t\t\tclass=\"url-area\"\n\t\t\t\t\t>\n\t\t\t\t\t\t\t\t\t\t\t<area\n\t\t\t\t\tshape=\"poly\"\n\t\t\t\t\tcoords=\"507,210,599,221,618,243,615,287,595,294,583,314,561,315,552,297,522,301,504,269,491,231\"\n\t\t\t\t\thref=\"http:\/\/icicestcool.org\/index.php\/lannuaire-ile-de-france\/\"\n\t\t\t\t\trel=\"\"\n\t\t\t\t\ttitle=\"Ile de France\"\n\t\t\t\t\talt=\"Ile de France\"\n\t\t\t\t\tdata-action=\"url\"\n\t\t\t\t\tdata-color-scheme=\"\"\n\t\t\t\t\ttarget=\"\"\n\t\t\t\t\tclass=\"url-area\"\n\t\t\t\t\t>\n\t\t\t\t\t\t\t\t\t\t\t<area\n\t\t\t\t\tshape=\"poly\"\n\t\t\t\t\tcoords=\"675,127,660,183,619,238,617,292,631,300,655,336,704,327,727,358,756,371,804,325,845,337,875,379,916,378,937,238,937,220,850,205,824,172,782,172,717,131,716,101,689,127\"\n\t\t\t\t\thref=\"http:\/\/icicestcool.org\/index.php\/lannuaire-grand-est\/\"\n\t\t\t\t\trel=\"\"\n\t\t\t\t\ttitle=\"Grand Est\"\n\t\t\t\t\talt=\"Grand Est\"\n\t\t\t\t\tdata-action=\"url\"\n\t\t\t\t\tdata-color-scheme=\"\"\n\t\t\t\t\ttarget=\"\"\n\t\t\t\t\tclass=\"url-area\"\n\t\t\t\t\t>\n\t\t\t\t\t\t\t\t\t\t\t<area\n\t\t\t\t\tshape=\"poly\"\n\t\t\t\t\tcoords=\"587,310,593,295,617,292,629,295,655,338,704,328,728,360,754,370,807,323,847,335,877,374,819,493,780,500,743,479,728,484,717,512,687,508,635,463,595,453\"\n\t\t\t\t\thref=\"http:\/\/icicestcool.org\/index.php\/lannuaire-bourgogne-franche-comte\/\"\n\t\t\t\t\trel=\"\"\n\t\t\t\t\ttitle=\"Bourgogne Franche Comt\u00e9\"\n\t\t\t\t\talt=\"Bourgogne Franche Comt\u00e9\"\n\t\t\t\t\tdata-action=\"url\"\n\t\t\t\t\tdata-color-scheme=\"\"\n\t\t\t\t\ttarget=\"\"\n\t\t\t\t\tclass=\"url-area\"\n\t\t\t\t\t>\n\t\t\t\t\t\t\t\t\t\t\t<area\n\t\t\t\t\tshape=\"poly\"\n\t\t\t\t\tcoords=\"716,711,726,739,680,803,819,845,935,721,862,627,830,628,774,699\"\n\t\t\t\t\thref=\"http:\/\/icicestcool.org\/index.php\/lannuaire-provence-alpes-cote-dazur\/\"\n\t\t\t\t\trel=\"\"\n\t\t\t\t\ttitle=\"Provence Alpes C\u00f4te d&#039;Azur\"\n\t\t\t\t\talt=\"Provence Alpes C\u00f4te d&#039;Azur\"\n\t\t\t\t\tdata-action=\"url\"\n\t\t\t\t\tdata-color-scheme=\"\"\n\t\t\t\t\ttarget=\"\"\n\t\t\t\t\tclass=\"url-area\"\n\t\t\t\t\t>\n\t\t\t\t\t\t\t\t\t\t\t<area\n\t\t\t\t\tshape=\"poly\"\n\t\t\t\t\tcoords=\"801,917,834,906,837,880,855,878,855,991,826,993\"\n\t\t\t\t\thref=\"http:\/\/icicestcool.org\/index.php\/lannuaire-corse\/\"\n\t\t\t\t\trel=\"\"\n\t\t\t\t\ttitle=\"Corse\"\n\t\t\t\t\talt=\"Corse\"\n\t\t\t\t\tdata-action=\"url\"\n\t\t\t\t\tdata-color-scheme=\"\"\n\t\t\t\t\ttarget=\"\"\n\t\t\t\t\tclass=\"url-area\"\n\t\t\t\t\t>\n\t\t\t\t\t\t\t\t\t\t\t<area\n\t\t\t\t\tshape=\"poly\"\n\t\t\t\t\tcoords=\"682,799,727,743,712,712,674,708,658,665,617,648,592,675,577,651,557,673,529,671,530,659,484,639,427,735,358,747,357,781,369,821,344,865,410,868,457,878,519,930,601,922,605,837,646,806\"\n\t\t\t\t\thref=\"http:\/\/icicestcool.org\/index.php\/lannuaire-occitanie\/\"\n\t\t\t\t\trel=\"\"\n\t\t\t\t\ttitle=\"Occitanie\"\n\t\t\t\t\talt=\"Occitanie\"\n\t\t\t\t\tdata-action=\"url\"\n\t\t\t\t\tdata-color-scheme=\"\"\n\t\t\t\t\ttarget=\"\"\n\t\t\t\t\tclass=\"url-area\"\n\t\t\t\t\t>\n\t\t\t\t\t\t\t\t\t\t\t<area\n\t\t\t\t\tshape=\"poly\"\n\t\t\t\t\tcoords=\"347,867,367,821,357,781,359,746,428,737,489,641,532,659,547,600,557,598,553,561,563,542,544,495,474,497,431,432,412,434,386,415,321,427,339,491,286,503,288,563,253,771,223,794\"\n\t\t\t\t\thref=\"http:\/\/icicestcool.org\/index.php\/lannuaire-nouvelle-aquitaine\/\"\n\t\t\t\t\trel=\"\"\n\t\t\t\t\ttitle=\"Nouvelle Aquitaine\"\n\t\t\t\t\talt=\"Nouvelle Aquitaine\"\n\t\t\t\t\tdata-action=\"url\"\n\t\t\t\t\tdata-color-scheme=\"\"\n\t\t\t\t\ttarget=\"\"\n\t\t\t\t\tclass=\"url-area\"\n\t\t\t\t\t>\n\t\t\t\t\t\t\t\t\t\t\t<area\n\t\t\t\t\tshape=\"poly\"\n\t\t\t\t\tcoords=\"187,789,1,791,19,989,255,991\"\n\t\t\t\t\thref=\"http:\/\/icicestcool.org\/index.php\/lannuaire-la-reunion\/\"\n\t\t\t\t\trel=\"\"\n\t\t\t\t\ttitle=\"La R\u00e9union\"\n\t\t\t\t\talt=\"La R\u00e9union\"\n\t\t\t\t\tdata-action=\"url\"\n\t\t\t\t\tdata-color-scheme=\"\"\n\t\t\t\t\ttarget=\"\"\n\t\t\t\t\tclass=\"url-area\"\n\t\t\t\t\t>\n\t\t\t\t\t\t\t\t\t\t\t<area\n\t\t\t\t\tshape=\"poly\"\n\t\t\t\t\tcoords=\"387,413,401,366,441,310,447,259,489,234,503,271,521,303,549,302,557,317,587,315,593,455,547,493,471,497,430,436,408,435\"\n\t\t\t\t\thref=\"http:\/\/icicestcool.org\/index.php\/lannuaire-centre-val-de-loire\/\"\n\t\t\t\t\trel=\"\"\n\t\t\t\t\ttitle=\"Centre Val de Loire\"\n\t\t\t\t\talt=\"Centre Val de Loire\"\n\t\t\t\t\tdata-action=\"url\"\n\t\t\t\t\tdata-color-scheme=\"\"\n\t\t\t\t\ttarget=\"\"\n\t\t\t\t\tclass=\"url-area\"\n\t\t\t\t\t>\n\t\t\t\t\t\t\t\t\t\t\t<area\n\t\t\t\t\tshape=\"poly\"\n\t\t\t\t\tcoords=\"208,381,314,330,284,253,183,218,57,247,54,309,86,339\"\n\t\t\t\t\thref=\"http:\/\/icicestcool.org\/index.php\/lannuaire-bretagne\/\"\n\t\t\t\t\trel=\"\"\n\t\t\t\t\ttitle=\"Bretagne\"\n\t\t\t\t\talt=\"Bretagne\"\n\t\t\t\t\tdata-action=\"url\"\n\t\t\t\t\tdata-color-scheme=\"\"\n\t\t\t\t\ttarget=\"\"\n\t\t\t\t\tclass=\"url-area\"\n\t\t\t\t\t>\n\t\t\t\t\t\t\t\t\t\t\t<area\n\t\t\t\t\tshape=\"poly\"\n\t\t\t\t\tcoords=\"282,247,296,274,375,271,437,302,448,263,490,236,507,206,507,138,477,112,427,121,389,167,369,187,327,180,311,141,254,146,278,199\"\n\t\t\t\t\thref=\"http:\/\/icicestcool.org\/index.php\/lannuaire-normandie\/\"\n\t\t\t\t\trel=\"\"\n\t\t\t\t\ttitle=\"Normandie\"\n\t\t\t\t\talt=\"Normandie\"\n\t\t\t\t\tdata-action=\"url\"\n\t\t\t\t\tdata-color-scheme=\"\"\n\t\t\t\t\ttarget=\"\"\n\t\t\t\t\tclass=\"url-area\"\n\t\t\t\t\t>\n\t\t\t\t\t<\/map>\n\n\t\t\n\t\t\t\t\t\t\t\t\t\t\t\t\t\t\t\t\t\t\t\t\t\t\t\t\t\t\t\t\t\t\t\t\t\t\t\t\t\t\t\t\t\t\t\t\t<\/div>\n\n\n<\/div>\n\n\n\n<div class=\"wp-block-column\" style=\"flex-basis:66.66%\">\n<h3>Le P\u00f4le R\u00e9gional Musiques Actuelles<\/h3>\n\n\n<section id=\"mt-members\"><div class=\"grid grid-pad\"><\/div><\/section>\n\n\n\n<h3>Les relais en Pr\u00e9fectures<\/h3>\n\n\n<section id=\"mt-members\"><div class=\"grid grid-pad\"><\/div><\/section>\n\n\n\n<h3>Lutte contre le sexisme<\/h3>\n\n\n<section id=\"mt-members\"><div class=\"grid grid-pad\"><\/div><\/section>\n\n\n\n<h3>Lutte contre l&rsquo;homophobie et la lesbophobie<\/h3>\n\n\n<section id=\"mt-members\"><div class=\"grid grid-pad\"><\/div><\/section>\n\n\n\n<h3>Les structures de R\u00e9duction des Risques en Milieu Festif<\/h3>\n\n\n<section id=\"mt-members\"><div class=\"grid grid-pad\"><\/div><\/section>\n<\/div>\n<\/div>\n","protected":false},"excerpt":{"rendered":"<p>Le P\u00f4le R\u00e9gional Musiques Actuelles Les relais en Pr\u00e9fectures Lutte contre le sexisme Lutte contre l&rsquo;homophobie et la lesbophobie Les structures de R\u00e9duction des Risques en Milieu Festif<\/p>\n","protected":false},"author":1,"featured_media":0,"parent":0,"menu_order":0,"comment_status":"closed","ping_status":"closed","template":"","meta":[],"_links":{"self":[{"href":"https:\/\/icicestcool.org\/index.php\/wp-json\/wp\/v2\/pages\/1291"}],"collection":[{"href":"https:\/\/icicestcool.org\/index.php\/wp-json\/wp\/v2\/pages"}],"about":[{"href":"https:\/\/icicestcool.org\/index.php\/wp-json\/wp\/v2\/types\/page"}],"author":[{"embeddable":true,"href":"https:\/\/icicestcool.org\/index.php\/wp-json\/wp\/v2\/users\/1"}],"replies":[{"embeddable":true,"href":"https:\/\/icicestcool.org\/index.php\/wp-json\/wp\/v2\/comments?post=1291"}],"version-history":[{"count":2,"href":"https:\/\/icicestcool.org\/index.php\/wp-json\/wp\/v2\/pages\/1291\/revisions"}],"predecessor-version":[{"id":1650,"href":"https:\/\/icicestcool.org\/index.php\/wp-json\/wp\/v2\/pages\/1291\/revisions\/1650"}],"wp:attachment":[{"href":"https:\/\/icicestcool.org\/index.php\/wp-json\/wp\/v2\/media?parent=1291"}],"curies":[{"name":"wp","href":"https:\/\/api.w.org\/{rel}","templated":true}]}}