{"id":1691,"date":"2020-09-17T11:32:03","date_gmt":"2020-09-17T09:32:03","guid":{"rendered":"http:\/\/icicestcool.org\/?page_id=1691"},"modified":"2020-09-23T11:19:32","modified_gmt":"2020-09-23T09:19:32","slug":"lutte-contre-lhomophobie","status":"publish","type":"page","link":"https:\/\/icicestcool.org\/index.php\/ici-cest-cool-2\/lutte-contre-lhomophobie\/","title":{"rendered":"Lutte contre l&rsquo;homophobie"},"content":{"rendered":"\n<h4><strong>Initiatives inspirantes :<\/strong><\/h4>\n\n\n\n<figure class=\"wp-block-table\"><table><tbody><tr><td><a href=\"http:\/\/barbieturix.com\"><img loading=\"lazy\" width=\"300\" height=\"300\" class=\"wp-image-1700\" style=\"width: 150px;\" src=\"https:\/\/icicestcool.org\/wp-content\/uploads\/2020\/09\/logo-barbiturix.jpg\" alt=\"\" srcset=\"https:\/\/icicestcool.org\/wp-content\/uploads\/2020\/09\/logo-barbiturix.jpg 300w, https:\/\/icicestcool.org\/wp-content\/uploads\/2020\/09\/logo-barbiturix-150x150.jpg 150w\" sizes=\"(max-width: 300px) 100vw, 300px\" \/><\/a><\/td><td class=\"has-text-align-left\" data-align=\"left\"><a href=\"https:\/\/www.barbieturix.com\/\"><strong>Barbi(e)turix<\/strong><\/a><br>Barbi(e)turix est un site internet d\u00e9di\u00e9 \u00e0 la culture lesbienne et f\u00e9minine. Barbi(e)turix produit des soir\u00e9es LGBT+ depuis 2008.<\/td><\/tr><tr><td><img loading=\"lazy\" width=\"150\" height=\"150\" class=\"wp-image-1698\" style=\"width: 150px;\" src=\"https:\/\/icicestcool.org\/wp-content\/uploads\/2020\/09\/logo-ladyfest.jpg\" alt=\"\"><\/td><td class=\"has-text-align-left\" data-align=\"left\"><a href=\"https:\/\/ladiyfeststrasbourg.wordpress.com\/\"><strong>LaDIY*fest<\/strong><\/a><br>Festival solidaire et inclusif \u00e0 Strasbourg qui met en avant les talents, les luttes et les savoirs de toutes les meufs, les personnes trans et non-binaires, autour de concerts, ateliers, expositions.<\/td><\/tr><\/tbody><\/table><\/figure>\n\n\n\n<h4><strong><strong>Sites ressources<\/strong><\/strong> :<\/h4>\n\n\n\n<figure class=\"wp-block-table\"><table><tbody><tr><td><a href=\"http:\/\/www.alterheros.com\/\" data-type=\"URL\" data-id=\"http:\/\/www.alterheros.com\/\"><img loading=\"lazy\" width=\"150\" height=\"150\" class=\"wp-image-1706\" style=\"width: 150px;\" src=\"https:\/\/icicestcool.org\/wp-content\/uploads\/2020\/09\/logo-alterheros.jpg\" alt=\"\"><\/a><\/td><td><a href=\"http:\/\/www.alterheros.com\/\"><strong>AlterH\u00e9ros<\/strong><\/a><br>AlterH\u00e9ros est une communaut\u00e9 qu\u00e9b\u00e9coise engag\u00e9e dans la lutte aux pr\u00e9jug\u00e9s et la d\u00e9mystification de la diversit\u00e9 sexuelle et la pluralit\u00e9 des genres. Ce site propose de nombreuses ressources.<\/td><\/tr><tr><td><a href=\"https:\/\/assigneegarcon.tumblr.com\/\" data-type=\"URL\" data-id=\"https:\/\/assigneegarcon.tumblr.com\/\" target=\"_blank\" rel=\"noreferrer noopener\"><img loading=\"lazy\" width=\"150\" height=\"150\" class=\"wp-image-1708\" style=\"width: 150px;\" src=\"https:\/\/icicestcool.org\/wp-content\/uploads\/2020\/09\/assignee-garcon-logo.jpg\" alt=\"\"><\/a><\/td><td><a href=\"https:\/\/assigneegarcon.tumblr.com\/\"><strong>Assign\u00e9e gar\u00e7on<\/strong><\/a><br>Sophie Labelle est une institutrice et auteure de bande dessin\u00e9e qu\u00e9becoise. Dans ce webcomic, elle raconte les aventures de St\u00e9phie, petite fille transgenre, au travers d\u2019anecdotes de la vie quotidienne.<\/td><\/tr><tr><td><a href=\"https:\/\/cestcommeca.net\/\" data-type=\"URL\" data-id=\"https:\/\/cestcommeca.net\/\"><img loading=\"lazy\" width=\"200\" height=\"200\" class=\"wp-image-513\" style=\"width: 150px;\" src=\"https:\/\/icicestcool.org\/wp-content\/uploads\/2019\/06\/ccommeca.jpg\" alt=\"\" srcset=\"https:\/\/icicestcool.org\/wp-content\/uploads\/2019\/06\/ccommeca.jpg 200w, https:\/\/icicestcool.org\/wp-content\/uploads\/2019\/06\/ccommeca-150x150.jpg 150w\" sizes=\"(max-width: 200px) 100vw, 200px\" \/><\/a><\/td><td><a href=\"https:\/\/cestcommeca.net\/\"><strong>C\u2019est comme \u00e7a<\/strong><\/a><strong>&nbsp;<\/strong><br>C\u2019est comme \u00e7a est un site r\u00e9cemment cr\u00e9\u00e9 par des membres de l\u2019association SOS homophobie sur l&rsquo;orientation amoureuse, sexuelle et l&rsquo;identit\u00e9 de genre. Il propose de tr\u00e8s tr\u00e8s nombreuses ressources.<\/td><\/tr><tr><td><a href=\"https:\/\/www.asso-contact.org\" data-type=\"URL\" data-id=\"https:\/\/www.asso-contact.org\"><img loading=\"lazy\" width=\"85\" height=\"84\" class=\"wp-image-1709\" style=\"width: 85px;\" src=\"https:\/\/icicestcool.org\/wp-content\/uploads\/2020\/09\/logo-contact.jpg\" alt=\"\"><\/a><\/td><td><a href=\"https:\/\/www.asso-contact.org\"><strong>CONTACT<\/strong><\/a><br>CONTACT a pour objectifs d\u2019aider les familles et ami\u00b7e\u00b7s \u00e0 comprendre et \u00e0 accepter l\u2019orientation sexuelle et\/ou l&rsquo;identit\u00e9 de genre de leurs proches.<\/td><\/tr><tr><td><a href=\"https:\/\/commentonsaime.fr\/\" data-type=\"URL\" data-id=\"https:\/\/commentonsaime.fr\/\" target=\"_blank\" rel=\"noreferrer noopener\"><img loading=\"lazy\" width=\"150\" height=\"150\" class=\"wp-image-1710\" style=\"width: 150px;\" src=\"https:\/\/icicestcool.org\/wp-content\/uploads\/2020\/09\/comment-on-saime-logo.jpg\" alt=\"\"><\/a><\/td><td><strong><a href=\"https:\/\/commentonsaime.fr\/\" data-type=\"URL\" data-id=\"https:\/\/commentonsaime.fr\/\">En avant toute(s)<\/a><\/strong><br><a href=\"https:\/\/commentonsaime.fr\/\">https:\/\/commentonsaime.fr\/<\/a><br>L\u2019association En avant toute(s) accompagne des jeunes femmes et personnes LGBT+ vivant des violences au sein du couple et de la famille via le<a href=\"https:\/\/commentonsaime.fr\/\"> premier tchat sp\u00e9cifique<\/a><\/td><\/tr><tr><td><a href=\"https:\/\/www.le-refuge.org\/\" data-type=\"URL\" data-id=\"https:\/\/www.le-refuge.org\/\" target=\"_blank\" rel=\"noreferrer noopener\"><img loading=\"lazy\" width=\"150\" height=\"150\" class=\"wp-image-1711\" style=\"width: 150px;\" src=\"https:\/\/icicestcool.org\/wp-content\/uploads\/2020\/09\/refuge-logo.jpg\" alt=\"\"><\/a><\/td><td><strong><a href=\"https:\/\/www.le-refuge.org\/\" data-type=\"URL\" data-id=\"https:\/\/www.le-refuge.org\/\" target=\"_blank\" rel=\"noreferrer noopener\">Le refuge<\/a><\/strong><br>Reconnue d\u2019Utilit\u00e9 Publique, la Fondation Le Refuge h\u00e9berge et accompagne les jeunes LGBT+ rejet\u00e9s par leurs parents, chass\u00e9s du domicile familial, parce qu\u2019ils sont homosexuels ou trans et\/ou en questionnement identitaire<\/td><\/tr><tr><td><a href=\"https:\/\/www.youtube.com\/channel\/UCOuK5fuhDMhDYYkqoE_AZ9A\" target=\"_blank\" rel=\"noreferrer noopener\"><img loading=\"lazy\" width=\"150\" height=\"150\" class=\"wp-image-1712\" style=\"width: 150px;\" src=\"https:\/\/icicestcool.org\/wp-content\/uploads\/2020\/09\/leztalk.jpg\" alt=\"\"><\/a><\/td><td><strong><a href=\"https:\/\/www.youtube.com\/channel\/UCOuK5fuhDMhDYYkqoE_AZ9A\">Lez talk<\/a><\/strong><br>Carla et Louisiane, un couple lesbienne \/ bisexuelle, parlent de th\u00e8mes LGBT+ et r\u00e9pondent \u00e0 vos questions sur leur chaine Youtube.<\/td><\/tr><tr><td><a href=\"https:\/\/www.mag-jeunes.com\/\" data-type=\"URL\" data-id=\"https:\/\/www.mag-jeunes.com\/\"><img loading=\"lazy\" width=\"150\" height=\"150\" class=\"wp-image-1718\" style=\"width: 150px;\" src=\"https:\/\/icicestcool.org\/wp-content\/uploads\/2020\/09\/logo-mag.jpg\" alt=\"\"><\/a><\/td><td><strong><a href=\"https:\/\/www.mag-jeunes.com\/\" data-type=\"URL\" data-id=\"https:\/\/www.mag-jeunes.com\/\">MAG Jeunes LGB<\/a><\/strong><br>Le MAG Jeunes LGBT permet aux jeunes gays, lesbiennes, bi, trans ou en questionnement de se rencontrer dans un esprit convivial pour sortir de leur isolement, discuter et partager leurs questions ou exp\u00e9riences.<\/td><\/tr><\/tbody><\/table><\/figure>\n\n\n\n<figure class=\"wp-block-table\"><table><tbody><tr><td><a href=\"http:\/\/www.assomousse.org\" data-type=\"URL\" data-id=\"http:\/\/www.assomousse.org\"><img loading=\"lazy\" width=\"150\" height=\"150\" class=\"wp-image-1720\" style=\"width: 150px;\" src=\"https:\/\/icicestcool.org\/wp-content\/uploads\/2020\/09\/logo-mousse.jpg\" alt=\"\"><\/a><\/td><td><strong><a href=\"http:\/\/www.assomousse.org\" data-type=\"URL\" data-id=\"www.assomousse.org\" target=\"_blank\" rel=\"noreferrer noopener\">Mousse<\/a><\/strong><br>Mousse s\u2019engage dans les domaines \u00e9ducatif, social, judiciaire et humanitaire. L\u2019association se propose d\u2019agir en justice et de lutter contre la discrimination et la provocation \u00e0 la haine de personnes \u00e0 raison de leur orientation sexuelle.<\/td><\/tr><tr><td><a href=\"https:\/\/outrans.org\/\"><img loading=\"lazy\" width=\"150\" height=\"150\" class=\"wp-image-1721\" style=\"width: 150px;\" src=\"https:\/\/icicestcool.org\/wp-content\/uploads\/2020\/09\/log-outrans.jpg\" alt=\"\"><\/a><\/td><td><a href=\"https:\/\/outrans.org\/\"><strong>OUTrans<\/strong><\/a><strong>&nbsp;<\/strong><br>OUTrans est une association f\u00e9ministe d\u2019autosupport trans pour les personnes transmasculines, transf\u00e9minines, non-binaires, en questionnement, et pour leurs alli\u00e9-e-s.<\/td><\/tr><tr><td><a href=\"https:\/\/www.sexysoucis.fr\/sexy-soucis-le-gougle-du-cul\/\"><img loading=\"lazy\" width=\"150\" height=\"150\" class=\"wp-image-1722\" style=\"width: 150px;\" src=\"https:\/\/icicestcool.org\/wp-content\/uploads\/2020\/09\/sexysoucis-logo.jpg\" alt=\"\"><\/a><\/td><td><a href=\"https:\/\/www.sexysoucis.fr\/sexy-soucis-le-gougle-du-cul\/\"><strong>Sexys Soucis<\/strong><\/a><br>En plus d\u2019\u00eatre un site d\u2019informations sur&nbsp; la sant\u00e9 sexuelle, l\u2019homophobie ou la r\u00e9duction des risques sur les consos de produits, en parall\u00e8le, un collectif s\u2019est mont\u00e9 et intervient sur le terrain, en milieu festif.<\/td><\/tr><tr><td><a href=\"https:\/\/www.sos-homophobie.org\/\"><img loading=\"lazy\" width=\"150\" height=\"150\" class=\"wp-image-1724\" style=\"width: 150px;\" src=\"https:\/\/icicestcool.org\/wp-content\/uploads\/2020\/09\/soshomophobie-logo.jpg\" alt=\"\"><\/a><\/td><td><a href=\"https:\/\/www.sos-homophobie.org\/\"><strong>SOS homophobie<\/strong><\/a><br>SOS homophobie est l\u2019association nationale de lutte contre la lesbophobie, la gayphobie, la biphobie et la transphobie. Elle propose de nombreuses ressources.<\/td><\/tr><tr><td><a href=\"https:\/\/www.stophomophobie.com\/\" data-type=\"URL\" data-id=\"https:\/\/www.stophomophobie.com\/\"><img loading=\"lazy\" width=\"300\" height=\"300\" class=\"wp-image-501\" style=\"width: 150px;\" src=\"https:\/\/icicestcool.org\/wp-content\/uploads\/2019\/06\/stopHomophobie.jpg\" alt=\"\" srcset=\"https:\/\/icicestcool.org\/wp-content\/uploads\/2019\/06\/stopHomophobie.jpg 300w, https:\/\/icicestcool.org\/wp-content\/uploads\/2019\/06\/stopHomophobie-150x150.jpg 150w\" sizes=\"(max-width: 300px) 100vw, 300px\" \/><\/a><\/td><td><a href=\"https:\/\/www.stophomophobie.com\/\"><strong>Stop homophobie<\/strong><\/a><br>STOP homophobie est une association qui d\u00e9fend les droits et personnes LGBT+. L\u2018association produit \u00e9galement des contenus visant \u00e0 sensibiliser le grand public et les m\u00e9dias, avec une ligne \u00e9ditoriale engag\u00e9e. Elle propose de nombreuses ressources.<\/td><\/tr><\/tbody><\/table><\/figure>\n\n\n\n<h4>Presse<\/h4>\n\n\n\n<figure class=\"wp-block-table\"><table><tbody><tr><td><\/td><td><a href=\"https:\/\/www.franceinter.fr\/emissions\/interception\/interception-17-fevrier-2019\"><strong>Homophobie : la sale parole lib\u00e9r\u00e9e<\/strong><\/a><br>G\u00e9raldine Hallot a remport\u00e9 le 26 novembre 2019<a href=\"https:\/\/www.radiofrance.fr\/prix-et-recompenses\/geraldine-hallot-laureate-du-prix-du-reportage-radio-france-2019\"> le Prix Reportage Radio France 2019<\/a> pour ce reportage sur l&rsquo;homophobie.<\/td><\/tr><tr><td><\/td><td><a href=\"http:\/\/www.rfi.fr\/fr\/emission\/20200107-europe-homophobie-montee-inquietante-lgbt-hongrie-pologne-royaume-uni\"><strong>Mont\u00e9e de l\u2019homophobie en Europe<\/strong><\/a><br>Cette \u00e9mission de RFI de janvier 2020 fait un point sur la progression de l&rsquo;homophobie en Europe. La haine envers les homosexuels n&rsquo;est plus cach\u00e9e, mais elle est d\u00e9sormais affirm\u00e9e et affich\u00e9e par les homophobes, que ce soit sur les r\u00e9seaux sociaux ou dans les rues.<\/td><\/tr><tr><td><\/td><td><a href=\"https:\/\/www.madmoizelle.com\/idees-recues-sur-lhomosexualite-1-88468\"><strong>Id\u00e9es re\u00e7ues<\/strong><\/a><br>Madmoizelle propose de faire le tour en trois articles de 17 id\u00e9es re\u00e7ues sur l&rsquo;homosexualit\u00e9 (principalement f\u00e9minine), histoire de mettre les choses \u00e0 plat.<\/td><\/tr><\/tbody><\/table><\/figure>\n\n\n\n<h4>Vid\u00e9os<\/h4>\n\n\n\n<div class=\"wp-block-columns\">\n<div class=\"wp-block-column\">\n<figure class=\"wp-block-embed-youtube wp-block-embed is-type-video is-provider-youtube wp-embed-aspect-16-9 wp-has-aspect-ratio\"><div class=\"wp-block-embed__wrapper\">\n<div class='embed-container'><iframe loading=\"lazy\" title=\"Stand Up! - Don&#039;t Stand for Homophobic Bullying\" width=\"1920\" height=\"1080\" src=\"https:\/\/www.youtube.com\/embed\/lrJxqvalFxM?feature=oembed\" frameborder=\"0\" allow=\"accelerometer; autoplay; clipboard-write; encrypted-media; gyroscope; picture-in-picture\" allowfullscreen><\/iframe><\/div>\n<\/div><\/figure>\n\n\n\n<p><strong>Th\u00e8me<\/strong> : Harc\u00e8lement homophobe en milieu scolaire<br><strong>Genre<\/strong> : Poignant et positif<br><strong>Dur\u00e9e<\/strong> : 4 min<br>Cette vid\u00e9o a \u00e9t\u00e9 r\u00e9alis\u00e9e dans le cadre d\u2019une campagne en Ecosse qui promeut l\u2019amiti\u00e9 et la solidarit\u00e9 pour lutter contre le harc\u00e8lement homophobe.<\/p>\n<\/div>\n\n\n\n<div class=\"wp-block-column\">\n<figure class=\"wp-block-embed-youtube wp-block-embed is-type-video is-provider-youtube wp-embed-aspect-16-9 wp-has-aspect-ratio\"><div class=\"wp-block-embed__wrapper\">\n<div class='embed-container'><iframe loading=\"lazy\" title=\"6 pubs contre l&#039;homophobie - Amnesty International\" width=\"1920\" height=\"1080\" src=\"https:\/\/www.youtube.com\/embed\/DLw02zRIYSA?feature=oembed\" frameborder=\"0\" allow=\"accelerometer; autoplay; clipboard-write; encrypted-media; gyroscope; picture-in-picture\" allowfullscreen><\/iframe><\/div>\n<\/div><\/figure>\n\n\n\n<p><strong>Th\u00e8me<\/strong> : Homophobie dans le monde<br><strong>Genre<\/strong> : Choc et informatif<br><strong>Dur\u00e9e<\/strong> : 7 min<br>Cette vid\u00e9o de Amnesty international nous rappelle que ailleurs, \u00eatre homosexuel, ce sont des menaces et des agressions au quotidien.<\/p>\n<\/div>\n<\/div>\n\n\n\n<div class=\"wp-block-columns\">\n<div class=\"wp-block-column\">\n<figure class=\"wp-block-embed-youtube wp-block-embed is-type-video is-provider-youtube wp-embed-aspect-16-9 wp-has-aspect-ratio\"><div class=\"wp-block-embed__wrapper\">\n<div class='embed-container'><iframe loading=\"lazy\" title=\"L&#039;homophobie - D\u00e9cod&#039;Actu, saison 1\" width=\"1920\" height=\"1080\" src=\"https:\/\/www.youtube.com\/embed\/QvsvNmGx-jI?feature=oembed\" frameborder=\"0\" allow=\"accelerometer; autoplay; clipboard-write; encrypted-media; gyroscope; picture-in-picture\" allowfullscreen><\/iframe><\/div>\n<\/div><\/figure>\n\n\n\n<p><strong>Th\u00e8me<\/strong> : Homophobie<br><strong>Genre <\/strong>: Informatif<br><strong>Dur\u00e9e<\/strong> :&nbsp; 3 min<br>\u201cC\u2019est quoi l\u2019homophobie ?\u201d fait parti d\u2019un programme de France TV \u00e9ducation qui propose de d\u00e9coder l\u2019actualit\u00e9.<\/p>\n<\/div>\n\n\n\n<div class=\"wp-block-column\">\n<figure class=\"wp-block-embed-youtube wp-block-embed is-type-video is-provider-youtube wp-embed-aspect-16-9 wp-has-aspect-ratio\"><div class=\"wp-block-embed__wrapper\">\n<div class='embed-container'><iframe loading=\"lazy\" title=\"PAULINE\" width=\"1920\" height=\"1080\" src=\"https:\/\/www.youtube.com\/embed\/jVSUe4wZ-lE?feature=oembed\" frameborder=\"0\" allow=\"accelerometer; autoplay; clipboard-write; encrypted-media; gyroscope; picture-in-picture\" allowfullscreen><\/iframe><\/div>\n<\/div><\/figure>\n\n\n\n<p><strong>Th\u00e8me<\/strong> : Lesbophobie<br><strong>Genre<\/strong> : Emouvant<br><strong>Dur\u00e9e<\/strong> : 7 min\u201cPauline\u00a0\u00bb est un court-m\u00e9trage r\u00e9alis\u00e9 par C\u00e9line Sciamma dans le cadre d\u2019un concours de films sur le th\u00e8me de la prise de conscience de son homosexualit\u00e9.<\/p>\n<\/div>\n<\/div>\n\n\n\n<div class=\"wp-block-columns\">\n<div class=\"wp-block-column\">\n<figure class=\"wp-block-embed-youtube wp-block-embed is-type-video is-provider-youtube wp-embed-aspect-4-3 wp-has-aspect-ratio\"><div class=\"wp-block-embed__wrapper\">\n<div class='embed-container'><iframe loading=\"lazy\" title=\"Omar - Film contre l&#039;homophobie 4\/5 INPES &amp; Minist\u00e8re de la Sante et des Sports\" width=\"1440\" height=\"1080\" src=\"https:\/\/www.youtube.com\/embed\/nFgYczhF4cU?feature=oembed\" frameborder=\"0\" allow=\"accelerometer; autoplay; clipboard-write; encrypted-media; gyroscope; picture-in-picture\" allowfullscreen><\/iframe><\/div>\n<\/div><\/figure>\n\n\n\n<p><strong>Th\u00e8me<\/strong> : Homophobie<br><strong>Genre<\/strong> : Emouvant<br><strong>Dur\u00e9e<\/strong> : 8 min<br>\u201cOmar\u201d est un court-m\u00e9trage r\u00e9alis\u00e9 par S\u00e9bastien Gabriel dans le cadre d\u2019un concours de films sur le th\u00e8me de la prise de conscience de son homosexualit\u00e9.&nbsp;<\/p>\n<\/div>\n\n\n\n<div class=\"wp-block-column\">\n<figure class=\"wp-block-embed-youtube wp-block-embed is-type-video is-provider-youtube wp-embed-aspect-16-9 wp-has-aspect-ratio\"><div class=\"wp-block-embed__wrapper\">\n<div class='embed-container'><iframe loading=\"lazy\" title=\"Et tout le monde s&#039;en fout #45 - L&#039;homosexualit\u00e9 -\" width=\"1920\" height=\"1080\" src=\"https:\/\/www.youtube.com\/embed\/9dlu8iCdaCA?start=15&#038;feature=oembed\" frameborder=\"0\" allow=\"accelerometer; autoplay; clipboard-write; encrypted-media; gyroscope; picture-in-picture\" allowfullscreen><\/iframe><\/div>\n<\/div><\/figure>\n\n\n\n<p><strong>Th\u00e8me<\/strong> : Homophobie<br><strong>Genre<\/strong> : Informatif et humoristique<br><strong>Dur\u00e9e<\/strong> : 4 min<br>Cet \u00e9pisode sur l\u2019homophobie fait partie d\u2019une web s\u00e9rie \u201cEt tout le monde s\u2019en fout\u201d qui essaie de d\u00e9crypter les sujets de soci\u00e9t\u00e9.<\/p>\n<\/div>\n<\/div>\n\n\n\n<div class=\"wp-block-columns\">\n<div class=\"wp-block-column\">\n<figure class=\"wp-block-embed-youtube wp-block-embed is-type-video is-provider-youtube wp-embed-aspect-16-9 wp-has-aspect-ratio\"><div class=\"wp-block-embed__wrapper\">\n<div class='embed-container'><iframe loading=\"lazy\" title=\"L&#039;homophobie, c&#039;est \u00e7a\" width=\"1920\" height=\"1080\" src=\"https:\/\/www.youtube.com\/embed\/7TGFKoU3hJA?start=8&#038;feature=oembed\" frameborder=\"0\" allow=\"accelerometer; autoplay; clipboard-write; encrypted-media; gyroscope; picture-in-picture\" allowfullscreen><\/iframe><\/div>\n<\/div><\/figure>\n\n\n\n<p><strong>Th\u00e8me<\/strong> : Histoire de l\u2019homophobie<br><strong>Genre<\/strong> : Informatif<br><strong>Dur\u00e9e<\/strong> : 2 min<br>Le m\u00e9dia Brut avec cette vid\u00e9o \u201cL&rsquo;homophobie c\u2019est \u00e7a\u201d retrace l\u2019histoire de l&rsquo;homophobie de 390 \u00e0 aujourd\u2019hui.<\/p>\n<\/div>\n\n\n\n<div class=\"wp-block-column\">\n<figure class=\"wp-block-embed-youtube wp-block-embed is-type-video is-provider-youtube wp-embed-aspect-16-9 wp-has-aspect-ratio\"><div class=\"wp-block-embed__wrapper\">\n<div class='embed-container'><iframe loading=\"lazy\" title=\"Si j&#039;\u00e9tais homosexuel dans le monde...\" width=\"1920\" height=\"1080\" src=\"https:\/\/www.youtube.com\/embed\/UaEVYDKZPk0?start=10&#038;feature=oembed\" frameborder=\"0\" allow=\"accelerometer; autoplay; clipboard-write; encrypted-media; gyroscope; picture-in-picture\" allowfullscreen><\/iframe><\/div>\n<\/div><\/figure>\n\n\n\n<p><strong>Th\u00e8me<\/strong> : Homophobie dans le monde<br><strong>Genre<\/strong> : Informatif<br><strong>Dur\u00e9e<\/strong> : 2 min<br>Le m\u00e9dia Brut avec cette vid\u00e9o \u201cSi j\u2019\u00e9tais homosexuel dans le monde&#8230;\u201d fait un \u00e9tat des lieux des discriminations dont souffrent les homosexuels dans le monde.<\/p>\n<\/div>\n<\/div>\n\n\n\n<p><\/p>\n","protected":false},"excerpt":{"rendered":"<p>Initiatives inspirantes : Barbi(e)turixBarbi(e)turix est un site internet d\u00e9di\u00e9 \u00e0 la culture lesbienne et f\u00e9minine. Barbi(e)turix produit des soir\u00e9es LGBT+ depuis 2008. LaDIY*festFestival solidaire et inclusif \u00e0 Strasbourg qui met en avant les talents, les luttes et les savoirs de toutes les meufs, les personnes trans et non-binaires, autour de concerts, ateliers, expositions. Sites ressources&hellip; <br \/> <a class=\"read-more\" href=\"https:\/\/icicestcool.org\/index.php\/ici-cest-cool-2\/lutte-contre-lhomophobie\/\">Lire la suite<\/a><\/p>\n","protected":false},"author":1,"featured_media":0,"parent":42,"menu_order":0,"comment_status":"closed","ping_status":"closed","template":"","meta":[],"_links":{"self":[{"href":"https:\/\/icicestcool.org\/index.php\/wp-json\/wp\/v2\/pages\/1691"}],"collection":[{"href":"https:\/\/icicestcool.org\/index.php\/wp-json\/wp\/v2\/pages"}],"about":[{"href":"https:\/\/icicestcool.org\/index.php\/wp-json\/wp\/v2\/types\/page"}],"author":[{"embeddable":true,"href":"https:\/\/icicestcool.org\/index.php\/wp-json\/wp\/v2\/users\/1"}],"replies":[{"embeddable":true,"href":"https:\/\/icicestcool.org\/index.php\/wp-json\/wp\/v2\/comments?post=1691"}],"version-history":[{"count":31,"href":"https:\/\/icicestcool.org\/index.php\/wp-json\/wp\/v2\/pages\/1691\/revisions"}],"predecessor-version":[{"id":1862,"href":"https:\/\/icicestcool.org\/index.php\/wp-json\/wp\/v2\/pages\/1691\/revisions\/1862"}],"up":[{"embeddable":true,"href":"https:\/\/icicestcool.org\/index.php\/wp-json\/wp\/v2\/pages\/42"}],"wp:attachment":[{"href":"https:\/\/icicestcool.org\/index.php\/wp-json\/wp\/v2\/media?parent=1691"}],"curies":[{"name":"wp","href":"https:\/\/api.w.org\/{rel}","templated":true}]}}