{"id":1775,"date":"2020-09-17T16:12:13","date_gmt":"2020-09-17T14:12:13","guid":{"rendered":"http:\/\/icicestcool.org\/?page_id=1775"},"modified":"2020-09-23T11:19:46","modified_gmt":"2020-09-23T09:19:46","slug":"ressource-lutte-contre-le-racisme","status":"publish","type":"page","link":"https:\/\/icicestcool.org\/index.php\/ici-cest-cool-2\/ressource-lutte-contre-le-racisme\/","title":{"rendered":"Lutte contre le racisme"},"content":{"rendered":"\n<h4>Initiatives inspirantes<\/h4>\n\n\n\n<figure class=\"wp-block-table\"><table><tbody><tr><td><\/td><td><a href=\"https:\/\/docs.google.com\/document\/u\/0\/d\/1rZX6ovsbv90eId_EVUxynq-KDNqLE9iiZJuBKxCrsrQ\/mobilebasic?urp=gmail_link\"><strong>Women who do stuff<\/strong><\/a><br>Cette association propose dans ce document de tr\u00e8s nombreuses ressources int\u00e9ressantes (livres, articles, documentaires, films, s\u00e9ries, podcast, associations\u2026) pour que les personnes blanches prennent conscience que le racisme est l\u2019affaire de toutes et de tous, afin que l\u2019on s\u2019\u00e9duque et agisse.<\/td><\/tr><tr><td><img loading=\"lazy\" width=\"150\" height=\"150\" class=\"wp-image-1851\" style=\"width: 150px;\" src=\"https:\/\/icicestcool.org\/wp-content\/uploads\/2020\/09\/conseil-europe-jeunesse.jpg\" alt=\"\"><\/td><td><a href=\"https:\/\/www.coe.int\/fr\/web\/no-hate-campaign\"><strong>Campagne Jeunesse contre les Discours de Haine<\/strong><\/a><br>Le Mouvement contre le discours de haine est une campagne de jeunesse men\u00e9e par le Service de la jeunesse du Conseil de l\u2019Europe qui appelle les jeunes \u00e0 se mobiliser pour lutter contre le discours de haine et promouvoir les droits de l\u2019homme en ligne.<\/td><\/tr><tr><td><img loading=\"lazy\" width=\"150\" height=\"150\" class=\"wp-image-1833\" style=\"width: 150px;\" src=\"https:\/\/icicestcool.org\/wp-content\/uploads\/2020\/09\/CNCDH-logo.jpg\" alt=\"\"><\/td><td><a href=\"https:\/\/www.cncdh.fr\/node\/2105\"><strong>Commission nationale consultative des droits de l\u2019homme (CNCDH)<\/strong><\/a><br>Rapporteur national ind\u00e9pendant, la CNCDH publie chaque ann\u00e9e un&nbsp; rapport sur la lutte contre le racisme, l&rsquo;antis\u00e9mitisme et la x\u00e9nophobie.<\/td><\/tr><tr><td><img loading=\"lazy\" width=\"150\" height=\"150\" class=\"wp-image-1834\" style=\"width: 150px;\" src=\"https:\/\/icicestcool.org\/wp-content\/uploads\/2020\/09\/MJC-confederation.jpg\" alt=\"\"><\/td><td><a href=\"http:\/\/cmjcfnonalahaine.com\/\"><strong>Conf\u00e9d\u00e9ration des Maisons des Jeunes et de la Culture de France (MJC)<\/strong><br><\/a>\u00ab Savoir, comprendre, agir pour dire non \u00e0 la haine \u00bb est le fruit d\u2019un travail et d\u2019une r\u00e9flexion en partant d\u2019une observation de la mont\u00e9e de la radicalisation des propos de haine, notamment sur les r\u00e9seaux sociaux.<br>cmjcfnonalahaine.com\/<\/td><\/tr><tr><td><img loading=\"lazy\" width=\"150\" height=\"150\" class=\"wp-image-1852\" style=\"width: 150px;\" src=\"https:\/\/icicestcool.org\/wp-content\/uploads\/2020\/09\/decolonisons-nous.jpg\" alt=\"\"><\/td><td><strong><a href=\"https:\/\/www.instagram.com\/decolonisonsnous\/\">D\u00e9colonisons nous<\/a><\/strong><br>\u201cD\u00e9colonisons-nous\u201d est compte instagram qui est une introduction \u00e0 l\u2019antiracisme et d\u00e9construit l\u2019h\u00e9ritage post-colonial de l\u2019inconscient collectif. A suivre \u00e9galement sur <a href=\"https:\/\/twitter.com\/decolonisons?lang=fr\">twitter<\/a><\/td><\/tr><tr><td><img loading=\"lazy\" width=\"458\" height=\"458\" class=\"wp-image-708\" style=\"width: 150px;\" src=\"https:\/\/icicestcool.org\/wp-content\/uploads\/2019\/06\/egalite-racisme.jpg\" alt=\"\" srcset=\"https:\/\/icicestcool.org\/wp-content\/uploads\/2019\/06\/egalite-racisme.jpg 458w, https:\/\/icicestcool.org\/wp-content\/uploads\/2019\/06\/egalite-racisme-150x150.jpg 150w, https:\/\/icicestcool.org\/wp-content\/uploads\/2019\/06\/egalite-racisme-300x300.jpg 300w, https:\/\/icicestcool.org\/wp-content\/uploads\/2019\/06\/egalite-racisme-400x400.jpg 400w\" sizes=\"(max-width: 458px) 100vw, 458px\" \/><\/td><td><strong><a href=\"http:\/\/egalitecontreracisme.fr\/dispositifs?field_type_dispositif_tid=All&amp;field_domaine_tid=All\">Egalit\u00e9 contre le racisme<\/a><\/strong><br>Le site Egalit\u00e9 contre le racisme est une initiative du D\u00e9fenseur des droits pour faire face au racisme. Il propose une page ressources avec de nombreux dispositifs institutionnels ou associatifs qui existent pour lutter contre le racisme.<\/td><\/tr><tr><td><img loading=\"lazy\" width=\"150\" height=\"150\" class=\"wp-image-1853\" style=\"width: 150px;\" src=\"https:\/\/icicestcool.org\/wp-content\/uploads\/2020\/09\/ligue-enseignement.jpg\" alt=\"\"><\/td><td><strong><a href=\"http:\/\/portail.discrim.fr\/\">Ligue de l&rsquo;enseignement<\/a>&nbsp;<\/strong><br>La Ligue de l\u2019Enseignement est un mouvement d\u2019\u00e9ducation populaire. Elle propose sur ce site internet des outils pour sensibiliser les publics aux discriminations.<\/td><\/tr><tr><td><img loading=\"lazy\" width=\"150\" height=\"150\" class=\"wp-image-1854\" style=\"width: 150px;\" src=\"https:\/\/icicestcool.org\/wp-content\/uploads\/2020\/09\/ligue-droit-homme.jpg\" alt=\"\"><\/td><td><strong><a href=\"https:\/\/www.ldh-france.org\/sujet\/racisme-antisemitisme\/\">Ligue des Droits de l\u2019Homme<\/a><\/strong><br>La LDH m\u00e8ne un combat quotidien contre toutes les formes de racisme et de discrimination et propose des ressources sur ce th\u00e8me.<\/td><\/tr><tr><td><img loading=\"lazy\" width=\"150\" height=\"150\" class=\"wp-image-1855\" style=\"width: 150px;\" src=\"https:\/\/icicestcool.org\/wp-content\/uploads\/2020\/09\/pas-raciste.jpg\" alt=\"\"><\/td><td><strong><a href=\"https:\/\/www.instagram.com\/maisnoncestpasraciste\/?hl=fr\" data-type=\"URL\" data-id=\"https:\/\/www.instagram.com\/maisnoncestpasraciste\/?hl=fr\">Mais non c\u2019est pas raciste<\/a><\/strong><br>Mais non c\u2019est pas raciste est une page instagram qui d\u00e9nonce le racisme ordinaire. A suivre \u00e9galement sur <a href=\"https:\/\/twitter.com\/maisnoncestpas1\">twitter<\/a><\/td><\/tr><tr><td><img loading=\"lazy\" width=\"150\" height=\"150\" class=\"wp-image-1856\" style=\"width: 150px;\" src=\"https:\/\/icicestcool.org\/wp-content\/uploads\/2020\/09\/fmsh-sciences.jpg\" alt=\"\"><\/td><td><strong><a href=\"https:\/\/www.canal-u.tv\/producteurs\/fmsh\/mooc\/le_racisme_et_l_antisemitisme\">MOOC \u201cRacisme et antis\u00e9mitisme\u201d<\/a><\/strong><br>Ce MOOC, propos\u00e9 par&nbsp; la fondation Maison des Sciences est adapt\u00e9 et ouvert \u00e0 tout public d\u00e9sireux d\u2019\u00e9largir ses questionnements et de renforcer ses connaissances sur le racisme et l\u2019antis\u00e9mitisme.<\/td><\/tr><tr><td><img loading=\"lazy\" width=\"150\" height=\"150\" class=\"wp-image-1844\" style=\"width: 150px;\" src=\"https:\/\/icicestcool.org\/wp-content\/uploads\/2020\/09\/musee-immigration.jpg\" alt=\"\"><\/td><td><strong><a href=\"https:\/\/www.histoire-immigration.fr\/ressources\">Mus\u00e9e national de l\u2019histoire de l\u2019immigration<\/a><\/strong><strong>&nbsp;<\/strong><br>Le mus\u00e9e est charg\u00e9 de constituer une collection repr\u00e9sentative de l\u2019histoire, des arts et des cultures de l\u2019immigration. On peut y trouver plus de 12 000 publications scientifiques, litt\u00e9raires et artistiques, essais, documentaires et fictions.<\/td><\/tr><tr><td><img loading=\"lazy\" width=\"150\" height=\"150\" class=\"wp-image-1843\" style=\"width: 150px;\" src=\"https:\/\/icicestcool.org\/wp-content\/uploads\/2020\/09\/opentalks-podcast.jpg\" alt=\"\"><\/td><td><a href=\"https:\/\/podcast.ausha.co\/openspacetalks-le-podcast\"><strong>OpenspaceTalks le podcast<\/strong>&nbsp;<\/a><br>Ce podcast d\u00e9nonce les discriminations, notamment racistes, au travail. Ce podcast donne la parole aux personnes concern\u00e9es afin de d\u00e9noncer, d&rsquo;informer, de faire prendre conscience. Permettant \u00e9galement de s&rsquo;\u00e9duquer et se d\u00e9construire.<\/td><\/tr><tr><td><img loading=\"lazy\" width=\"150\" height=\"150\" class=\"wp-image-1841\" style=\"width: 150px;\" src=\"https:\/\/icicestcool.org\/wp-content\/uploads\/2020\/09\/canope-logo.jpg\" alt=\"\"><\/td><td><strong><a href=\"https:\/\/www.reseau-canope.fr\/eduquer-contre-le-racisme-et-lantisemitisme\">R\u00e9seau Canop\u00e9<\/a><\/strong><br>L\u2019\u00e9cole se mobilise en faveur de la lutte contre le racisme et l\u2019antis\u00e9mitisme. Dans ce cadre, R\u00e9seau Canop\u00e9 propose, sur cette plateforme d\u00e9di\u00e9e, un ensemble de ressources pour comprendre les principales notions et agir&nbsp; contre les discriminations.<\/td><\/tr><tr><td><img loading=\"lazy\" width=\"150\" height=\"150\" class=\"wp-image-1840\" style=\"width: 150px;\" src=\"https:\/\/icicestcool.org\/wp-content\/uploads\/2020\/09\/Sans-blanc-rien-logo.jpg\" alt=\"\"><\/td><td><strong><a href=\"https:\/\/sans-blanc-de-rien.be\/\">Sans blanc de rien<\/a><\/strong><br>Ce projet consiste en une s\u00e9rie fictionnelle de podcasts dans lesquels se retrouvent une analyse des m\u00e9canismes qui gardent le racisme invisible \u00e0 l\u2019\u0153il nu et une r\u00e9flexion sur les solutions qu\u2019on peut y apporter.<\/td><\/tr><tr><td><img loading=\"lazy\" width=\"150\" height=\"150\" class=\"wp-image-1838\" style=\"width: 150px;\" src=\"https:\/\/icicestcool.org\/wp-content\/uploads\/2020\/09\/logo-the-womanist.jpg\" alt=\"\"><\/td><td><strong><a href=\"https:\/\/www.thewomanistpodcast.com\/episodes\">The Womanist&nbsp;<\/a><\/strong><br>Bas\u00e9 \u00e0 New York, \u201cThe Womanist\u201d est un podcast en fran\u00e7ais qui s&rsquo;adresse aux femmes noires \u00e0 l&rsquo;identit\u00e9 multiculturelle. Il offre un espace de dialogue et d&rsquo;expression sur les questions li\u00e9es aux exp\u00e9riences et \u00e0 la repr\u00e9sentation des femmes noires.<\/td><\/tr><tr><td><\/td><td><strong><a href=\"http:\/\/egalitecontreracisme.fr\/sites\/default\/files\/atoms\/files\/racisme_52_livres_contre.pdf\">52 livres pour d\u00e9noncer le racisme<\/a><\/strong><br>La Biblioth\u00e8que Nationale de France propose une s\u00e9lection de 52 livres pour d\u00e9noncer le racisme<\/td><\/tr><tr><td><img loading=\"lazy\" width=\"150\" height=\"150\" class=\"wp-image-1837\" style=\"width: 150px;\" src=\"https:\/\/icicestcool.org\/wp-content\/uploads\/2020\/09\/kiffe-ta-race-logo.jpg\" alt=\"\"><\/td><td><strong><strong><a href=\"https:\/\/www.binge.audio\/category\/kiffetarace\/\">Kiffe ta race<\/a><\/strong><\/strong><br>Ce podcast traite des discriminations raciales et sexuelles. Pourquoi le mot \u00ab race \u00bb est-il tabou ? Comment assumer son identit\u00e9 plurielle ? Un mardi sur deux, Rokhaya Diallo et Grace Ly re\u00e7oivent un-e invit\u00e9-e pour explorer les questions raciales sur le mode de la conversation et du v\u00e9cu.<\/td><\/tr><\/tbody><\/table><\/figure>\n\n\n\n<h4>Presse<\/h4>\n\n\n\n<p><a href=\"https:\/\/www.franceculture.fr\/emissions\/linvite-des-matins\/mouvements-antiracistes-un-tournant-dans-lhistoire\">\u201cMouvements antiracistes : un tournant dans l\u2019histoire ?\u201d<\/a> L\u2019invit\u00e9.e des matins, France culture, juin 2020. Avec Fran\u00e7oise Verg\u00e8s, politologue, historienne, autrice notamment de \u201cUn f\u00e9minisme d\u00e9colonial\u201d paru en 2019 aux \u00e9ditions La Fabrique.&nbsp;&nbsp;<\/p>\n\n\n\n<p><a href=\"https:\/\/www.lemonde.fr\/idees\/article\/2020\/06\/11\/reflechir-a-la-blanchite-et-a-ses-privileges-apparait-aussi-vital-que-d-analyser-les-rapports-de-classe-ou-de-genre_6042513_3232.html\">\u00ab R\u00e9fl\u00e9chir \u00e0 la \u201cblanchit\u00e9\u201d et \u00e0 ses privil\u00e8ges appara\u00eet aussi vital que d\u2019analyser les rapports de classe ou de genre <\/a>\u00bb, tribune de Simon Grivet, Ma\u00eetre de conf\u00e9rences en civilisation am\u00e9ricaine \u00e0 l\u2019universit\u00e9 de Lille, Le Monde, 11 juin 2020.<br><br><a href=\"https:\/\/www.lemonde.fr\/societe\/article\/2020\/06\/18\/stereotypes-discriminations-et-actes-racistes-ne-reculent-pas-en-france-selon-un-rapport_6043291_3224.html\">\u201cSt\u00e9r\u00e9otypes, discriminations et actes racistes persistent en France, m\u00eame de mani\u00e8re plus indirecte, selon un rapport\u201d<\/a>, Le Monde, 18 juin 2020.<\/p>\n\n\n\n<h4>Vid\u00e9os<\/h4>\n\n\n\n<div class=\"wp-block-columns\">\n<div class=\"wp-block-column\">\n<figure class=\"wp-block-embed-youtube wp-block-embed is-type-video is-provider-youtube wp-embed-aspect-16-9 wp-has-aspect-ratio\"><div class=\"wp-block-embed__wrapper\">\n<div class='embed-container'><iframe loading=\"lazy\" title=\"C&#039;est quoi le racisme ? - 1 jour, 1 question\" width=\"1920\" height=\"1080\" src=\"https:\/\/www.youtube.com\/embed\/LExBCyxzWIU?feature=oembed\" frameborder=\"0\" allow=\"accelerometer; autoplay; clipboard-write; encrypted-media; gyroscope; picture-in-picture\" allowfullscreen><\/iframe><\/div>\n<\/div><\/figure>\n\n\n\n<p><strong>Th\u00e8me<\/strong> : Racisme<br><strong>Genre<\/strong> : Informatif<br><strong>Dur\u00e9e<\/strong> : 1 min 30<br>\u201cC\u2019est quoi le racisme ?\u201d La s\u00e9rie \u201c1 jour, 1 question\u201d est un programme de France TV \u00e9ducation qui propose de r\u00e9pondre chaque jour \u00e0 une question<\/p>\n<\/div>\n\n\n\n<div class=\"wp-block-column\">\n<figure class=\"wp-block-embed-youtube wp-block-embed is-type-video is-provider-youtube wp-embed-aspect-4-3 wp-has-aspect-ratio\"><div class=\"wp-block-embed__wrapper\">\n<div class='embed-container'><iframe loading=\"lazy\" title=\"C\u2019EST QUOI \u00caTRE UN\u00b7E ALLI\u00c9\u00b7E ?\" width=\"1440\" height=\"1080\" src=\"https:\/\/www.youtube.com\/embed\/Q5DSLu0OWwY?feature=oembed\" frameborder=\"0\" allow=\"accelerometer; autoplay; clipboard-write; encrypted-media; gyroscope; picture-in-picture\" allowfullscreen><\/iframe><\/div>\n<\/div><\/figure>\n\n\n\n<p><strong>Th\u00e8me<\/strong> : Discriminations<br><strong>Genre<\/strong> : Informatif<br><strong>Dur\u00e9e<\/strong> : 4 min<br>Vous voulez aider \u00e0 combattre les discriminations ? Voici 6 conseils, dans une vid\u00e9o r\u00e9alis\u00e9e par la cha\u00eene AJ+,&nbsp; pour \u00eatre une alli\u00e9e ou un alli\u00e9.<\/p>\n<\/div>\n<\/div>\n\n\n\n<div class=\"wp-block-columns\">\n<div class=\"wp-block-column\">\n<figure class=\"wp-block-embed-youtube wp-block-embed is-type-video is-provider-youtube wp-embed-aspect-16-9 wp-has-aspect-ratio\"><div class=\"wp-block-embed__wrapper\">\n<div class='embed-container'><iframe loading=\"lazy\" title=\"Amandine Gay : \u00ab Etre une femme noire en France, c\u2019est un enjeu sp\u00e9cifique \u00bb\" width=\"1920\" height=\"1080\" src=\"https:\/\/www.youtube.com\/embed\/veNF8s6qBXg?start=575&#038;feature=oembed\" frameborder=\"0\" allow=\"accelerometer; autoplay; clipboard-write; encrypted-media; gyroscope; picture-in-picture\" allowfullscreen><\/iframe><\/div>\n<\/div><\/figure>\n\n\n\n<p><strong>Th\u00e8me<\/strong> : Racisme et sexisme<br><strong>Genre<\/strong> : Interview r\u00e9alisatrice documentaire<br><strong>Dur\u00e9e<\/strong> : 18 minutes<br>Amandine Gay, r\u00e9alisatrice du documentaire \u00ab Ouvrir la voix \u00bb est invit\u00e9e de Le Monde Afrique. Elle&nbsp; donne la parole \u00e0 des femmes noires qui d\u00e9noncent le racisme, le sexisme et la misogynie subis au quotidien.<\/p>\n<\/div>\n\n\n\n<div class=\"wp-block-column\">\n<figure class=\"wp-block-embed-youtube wp-block-embed is-type-video is-provider-youtube wp-embed-aspect-16-9 wp-has-aspect-ratio\"><div class=\"wp-block-embed__wrapper\">\n<div class='embed-container'><iframe loading=\"lazy\" title=\"#27 Les clich\u00e9s sont faits pour \u00eatre retourn\u00e9s by Yassine Belattar\" width=\"1920\" height=\"1080\" src=\"https:\/\/www.youtube.com\/embed\/ELbwMlTnkug?feature=oembed\" frameborder=\"0\" allow=\"accelerometer; autoplay; clipboard-write; encrypted-media; gyroscope; picture-in-picture\" allowfullscreen><\/iframe><\/div>\n<\/div><\/figure>\n\n\n\n<p><strong>Th\u00e8me<\/strong> : Pr\u00e9jug\u00e9s racistes<br><strong>Genre<\/strong> : Humoristique<br><strong>Dur\u00e9e<\/strong> : 5 minutes<br>L\u2019humoriste Yassine Belattar inverse les clich\u00e9s racistes de la soci\u00e9t\u00e9 fran\u00e7aise et met fin aux id\u00e9es re\u00e7ues.<\/p>\n<\/div>\n<\/div>\n\n\n\n<div class=\"wp-block-columns\">\n<div class=\"wp-block-column\">\n<figure class=\"wp-block-embed-youtube wp-block-embed is-type-video is-provider-youtube wp-embed-aspect-16-9 wp-has-aspect-ratio\"><div class=\"wp-block-embed__wrapper\">\n<div class='embed-container'><iframe loading=\"lazy\" title=\"Rokhaya Diallo parle du racisme &quot;anti-blanc&quot;\" width=\"1920\" height=\"1080\" src=\"https:\/\/www.youtube.com\/embed\/zS7SaQgmhYw?start=39&#038;feature=oembed\" frameborder=\"0\" allow=\"accelerometer; autoplay; clipboard-write; encrypted-media; gyroscope; picture-in-picture\" allowfullscreen><\/iframe><\/div>\n<\/div><\/figure>\n\n\n\n<p><strong>Th\u00e8me<\/strong> : Racisme<br><strong>Genre<\/strong> : Informatif<br><strong>Dur\u00e9e<\/strong> : 2 min<br>Pour la militante antiraciste Rokhaya Diallo Parler de \u00ab\u00a0racisme anti-blanc\u00a0\u00bb est probl\u00e9matique.&nbsp; Elle explique pourquoi \u00e0 Brut.<\/p>\n<\/div>\n\n\n\n<div class=\"wp-block-column\">\n<figure class=\"wp-block-embed-youtube wp-block-embed is-type-video is-provider-youtube wp-embed-aspect-16-9 wp-has-aspect-ratio\"><div class=\"wp-block-embed__wrapper\">\n<div class='embed-container'><iframe loading=\"lazy\" title=\"Le &quot;blackface&quot;, une pratique ancienne et raciste\" width=\"1920\" height=\"1080\" src=\"https:\/\/www.youtube.com\/embed\/5CFNzjqx5ag?feature=oembed\" frameborder=\"0\" allow=\"accelerometer; autoplay; clipboard-write; encrypted-media; gyroscope; picture-in-picture\" allowfullscreen><\/iframe><\/div>\n<\/div><\/figure>\n\n\n\n<p><strong>Th\u00e8me<\/strong> : Le \u201cblackface\u201d<br><strong>Genre<\/strong> : Informatif<br><strong>Dur\u00e9e<\/strong> : 2 min<br>Cette vid\u00e9o du Huffington Post explique cette pratique raciste qui consiste \u00e0 se grimer en noir en se fon\u00e7ant la peau, qui a notamment \u00e9t\u00e9 popularis\u00e9e aux \u00c9tats-Unis dans les ann\u00e9es 1830.<\/p>\n<\/div>\n<\/div>\n\n\n\n<div class=\"wp-block-columns\">\n<div class=\"wp-block-column\">\n<figure class=\"wp-block-embed-youtube wp-block-embed is-type-video is-provider-youtube wp-embed-aspect-16-9 wp-has-aspect-ratio\"><div class=\"wp-block-embed__wrapper\">\n<div class='embed-container'><iframe loading=\"lazy\" title=\"5 questions auxquelles Thomas Ngijol en a marre de devoir r\u00e9pondre\" width=\"1920\" height=\"1080\" src=\"https:\/\/www.youtube.com\/embed\/tECykaHwNlg?feature=oembed\" frameborder=\"0\" allow=\"accelerometer; autoplay; clipboard-write; encrypted-media; gyroscope; picture-in-picture\" allowfullscreen><\/iframe><\/div>\n<\/div><\/figure>\n\n\n\n<p><strong>Th\u00e8me<\/strong> : Racisme et pr\u00e9jug\u00e9s<br><strong>Genre<\/strong> : Informatif<br><strong>Dur\u00e9e<\/strong> : 5 min<br>La banlieue, son rapport \u00e0 l&rsquo;Afrique, la France black-blanc-beur&#8230; Brut a demand\u00e9 \u00e0 l\u2019humoriste Thomas Ngijol 5 questions auxquelles il en a marre de devoir r\u00e9pondre<\/p>\n<\/div>\n\n\n\n<div class=\"wp-block-column\">\n<figure class=\"wp-block-embed-youtube wp-block-embed is-type-video is-provider-youtube wp-embed-aspect-4-3 wp-has-aspect-ratio\"><div class=\"wp-block-embed__wrapper\">\n<div class='embed-container'><iframe loading=\"lazy\" title=\"Speech - Grace Ly\" width=\"1440\" height=\"1080\" src=\"https:\/\/www.youtube.com\/embed\/A8SsnhKwwzs?feature=oembed\" frameborder=\"0\" allow=\"accelerometer; autoplay; clipboard-write; encrypted-media; gyroscope; picture-in-picture\" allowfullscreen><\/iframe><\/div>\n<\/div><\/figure>\n\n\n\n<p><strong>Th\u00e8me<\/strong> : Racisme et pr\u00e9jug\u00e9s<br><strong>Genre<\/strong> : Informatif<br><strong>Dur\u00e9e<\/strong> : 2 min<br>Le racisme ne devrait jamais \u00eatre ordinaire. Grace Ly nous explique \u00e0 konbini news le racisme anti-asiatique que de nombreuses personnes subissent au quotidien.<\/p>\n<\/div>\n<\/div>\n\n\n\n<div class=\"wp-block-columns\">\n<div class=\"wp-block-column\">\n<figure class=\"wp-block-embed-youtube wp-block-embed is-type-video is-provider-youtube wp-embed-aspect-16-9 wp-has-aspect-ratio\"><div class=\"wp-block-embed__wrapper\">\n<div class='embed-container'><iframe loading=\"lazy\" title=\"Tania de Montaigne : &quot;les Noirs n&#039;existent pas&quot;\" width=\"1920\" height=\"1080\" src=\"https:\/\/www.youtube.com\/embed\/u2q0gykqpoA?feature=oembed\" frameborder=\"0\" allow=\"accelerometer; autoplay; clipboard-write; encrypted-media; gyroscope; picture-in-picture\" allowfullscreen><\/iframe><\/div>\n<\/div><\/figure>\n\n\n\n<p><strong>Th\u00e8me<\/strong> : Racisme et pr\u00e9jug\u00e9s<br><strong>Genre<\/strong> : Informatif<br><strong>Dur\u00e9e<\/strong> : 15 min<br>La romanci\u00e8re et journaliste Tania de Montaigne, interview\u00e9e ici par La ruche m\u00e9dias parle de son livre \u201cl\u2019assignation : les noirs n&rsquo;existent pas\u201d.<\/p>\n<\/div>\n\n\n\n<div class=\"wp-block-column\"><\/div>\n<\/div>\n","protected":false},"excerpt":{"rendered":"<p>Initiatives inspirantes Women who do stuffCette association propose dans ce document de tr\u00e8s nombreuses ressources int\u00e9ressantes (livres, articles, documentaires, films, s\u00e9ries, podcast, associations\u2026) pour que les personnes blanches prennent conscience que le racisme est l\u2019affaire de toutes et de tous, afin que l\u2019on s\u2019\u00e9duque et agisse. Campagne Jeunesse contre les Discours de HaineLe Mouvement contre&hellip; <br \/> <a class=\"read-more\" href=\"https:\/\/icicestcool.org\/index.php\/ici-cest-cool-2\/ressource-lutte-contre-le-racisme\/\">Lire la suite<\/a><\/p>\n","protected":false},"author":1,"featured_media":0,"parent":42,"menu_order":0,"comment_status":"closed","ping_status":"closed","template":"","meta":[],"_links":{"self":[{"href":"https:\/\/icicestcool.org\/index.php\/wp-json\/wp\/v2\/pages\/1775"}],"collection":[{"href":"https:\/\/icicestcool.org\/index.php\/wp-json\/wp\/v2\/pages"}],"about":[{"href":"https:\/\/icicestcool.org\/index.php\/wp-json\/wp\/v2\/types\/page"}],"author":[{"embeddable":true,"href":"https:\/\/icicestcool.org\/index.php\/wp-json\/wp\/v2\/users\/1"}],"replies":[{"embeddable":true,"href":"https:\/\/icicestcool.org\/index.php\/wp-json\/wp\/v2\/comments?post=1775"}],"version-history":[{"count":18,"href":"https:\/\/icicestcool.org\/index.php\/wp-json\/wp\/v2\/pages\/1775\/revisions"}],"predecessor-version":[{"id":1863,"href":"https:\/\/icicestcool.org\/index.php\/wp-json\/wp\/v2\/pages\/1775\/revisions\/1863"}],"up":[{"embeddable":true,"href":"https:\/\/icicestcool.org\/index.php\/wp-json\/wp\/v2\/pages\/42"}],"wp:attachment":[{"href":"https:\/\/icicestcool.org\/index.php\/wp-json\/wp\/v2\/media?parent=1775"}],"curies":[{"name":"wp","href":"https:\/\/api.w.org\/{rel}","templated":true}]}}