{"id":2010,"date":"2021-02-17T11:52:09","date_gmt":"2021-02-17T10:52:09","guid":{"rendered":"http:\/\/icicestcool.org\/?page_id=2010"},"modified":"2022-03-17T15:35:40","modified_gmt":"2022-03-17T14:35:40","slug":"sengager","status":"publish","type":"page","link":"https:\/\/icicestcool.org\/index.php\/sengager\/","title":{"rendered":"S&rsquo;engager"},"content":{"rendered":"\n<h4>Devenir partenaire<\/h4>\n\n\n\n<figure class=\"wp-block-image size-large\"><img loading=\"lazy\" width=\"1024\" height=\"559\" src=\"https:\/\/icicestcool.org\/wp-content\/uploads\/2021\/02\/formations_bordeaux-1024x559.png\" alt=\"\" class=\"wp-image-2055\" srcset=\"https:\/\/icicestcool.org\/wp-content\/uploads\/2021\/02\/formations_bordeaux-1024x559.png 1024w, https:\/\/icicestcool.org\/wp-content\/uploads\/2021\/02\/formations_bordeaux-300x164.png 300w, https:\/\/icicestcool.org\/wp-content\/uploads\/2021\/02\/formations_bordeaux-768x419.png 768w, https:\/\/icicestcool.org\/wp-content\/uploads\/2021\/02\/formations_bordeaux-400x218.png 400w, https:\/\/icicestcool.org\/wp-content\/uploads\/2021\/02\/formations_bordeaux.png 1319w\" sizes=\"(max-width: 1024px) 100vw, 1024px\" \/><\/figure>\n\n\n\n<h3>Pour s\u2019engager \u00e0 nos c\u00f4t\u00e9s et devenir partenaire, c\u2019est tr\u00e8s simple.<\/h3>\n\n\n\n<p><em>Merci pour votre int\u00e9r\u00eat pour la campagne \u00ab Ici c\u2019est cool ! Les lieux et \u00e9v\u00e9nements festifs s\u2019associent contre toutes les violences \u00bb. De plus en plus de personnes prennent conscience de ces ph\u00e9nom\u00e8nes de violences et de discriminations et souhaitent y mettre fin, nous nous en r\u00e9jouissons et nous sommes l\u00e0 pour vous appuyer dans cette d\u00e9marche&nbsp;!<\/em><\/p>\n\n\n\n<p>Vous souhaitez \u00a0vous associer \u00e0 cette d\u00e9marche pour lutter contre les violences et comportements inappropri\u00e9s \u00e0 caract\u00e8re sexuel, sexiste, raciste et homophobe. <strong>Merci de remplir ce <a href=\"https:\/\/forms.gle\/aKevCuEExzS25pkD8\" target=\"_blank\" rel=\"noreferrer noopener\">formulaire<\/a>. <\/strong>Nous ferons le bilan ensemble \u00e0 la fin de l&rsquo;ann\u00e9e des actions que vous avez r\u00e9ussi \u00e0 mettre en place.<\/p>\n\n\n\n<p>Merci \u00e9galement <strong>de nous envoyer votre logo<\/strong> pour que vous puissiez appara\u00eetre sur notre <a rel=\"noreferrer noopener\" href=\"https:\/\/icicestcool.org\/index.php\/festivals-lieux-engages\/\" target=\"_blank\">page<\/a> des lieux engag\u00e9s.<\/p>\n\n\n\n<p>Vous pouvez t\u00e9l\u00e9charger <a href=\"https:\/\/icicestcool.org\/wp-content\/uploads\/2021\/02\/Kit-visuel.zip\" data-type=\"URL\" data-id=\"https:\/\/icicestcool.org\/wp-content\/uploads\/2021\/02\/Kit-visuel.zip\" target=\"_blank\" rel=\"noreferrer noopener\">notre&nbsp;kit visuel de communication<\/a>.<\/p>\n\n\n\n<p>N&rsquo;h\u00e9sitez pas \u00e0 consulter nos <a rel=\"noreferrer noopener\" href=\"https:\/\/icicestcool.org\/index.php\/fiche-pratiques\/\" target=\"_blank\">fiches pratiques<\/a> qui proposent un mode d&#8217;emploi pour mettre en place des actions concr\u00e8tes dans votre lieu festif ou notre <a rel=\"noreferrer noopener\" href=\"https:\/\/icicestcool.org\/index.php\/lannuaire\/\" target=\"_blank\">annuaire<\/a> o\u00f9 vous trouverez des ressources locales par r\u00e9gion ; les contacts des institutions et associations qui peuvent vous aider.<br>Nous avons \u00e9galement r\u00e9pertori\u00e9 des centaines de <a rel=\"noreferrer noopener\" href=\"https:\/\/icicestcool.org\/index.php\/ici-cest-cool-2\/\" target=\"_blank\">ressources <\/a>(sites web, podcasts, vid\u00e9os) par th\u00e9matique : sexisme, homophobie et racisme avec \u00e0 chaque fois, des initiatives de projets qui existent d\u00e9j\u00e0 sur ce th\u00e8me dans le milieu festif. Retrouvez \u00e9galement nos <a rel=\"noreferrer noopener\" href=\"https:\/\/icicestcool.org\/index.php\/portraits-dinitiatives\/\" target=\"_blank\">interviews<\/a> d&rsquo;actrices et d&rsquo;acteurs de l&rsquo;\u00e9galit\u00e9 dans toute la France.<\/p>\n\n\n\n<p class=\"has-text-color\" style=\"color:#000000\"><\/p>\n","protected":false},"excerpt":{"rendered":"<p>Devenir partenaire Pour s\u2019engager \u00e0 nos c\u00f4t\u00e9s et devenir partenaire, c\u2019est tr\u00e8s simple. Merci pour votre int\u00e9r\u00eat pour la campagne \u00ab Ici c\u2019est cool ! Les lieux et \u00e9v\u00e9nements festifs s\u2019associent contre toutes les violences \u00bb. De plus en plus de personnes prennent conscience de ces ph\u00e9nom\u00e8nes de violences et de discriminations et souhaitent y&hellip; <br \/> <a class=\"read-more\" href=\"https:\/\/icicestcool.org\/index.php\/sengager\/\">Lire la suite<\/a><\/p>\n","protected":false},"author":1,"featured_media":0,"parent":0,"menu_order":0,"comment_status":"closed","ping_status":"closed","template":"","meta":[],"_links":{"self":[{"href":"https:\/\/icicestcool.org\/index.php\/wp-json\/wp\/v2\/pages\/2010"}],"collection":[{"href":"https:\/\/icicestcool.org\/index.php\/wp-json\/wp\/v2\/pages"}],"about":[{"href":"https:\/\/icicestcool.org\/index.php\/wp-json\/wp\/v2\/types\/page"}],"author":[{"embeddable":true,"href":"https:\/\/icicestcool.org\/index.php\/wp-json\/wp\/v2\/users\/1"}],"replies":[{"embeddable":true,"href":"https:\/\/icicestcool.org\/index.php\/wp-json\/wp\/v2\/comments?post=2010"}],"version-history":[{"count":10,"href":"https:\/\/icicestcool.org\/index.php\/wp-json\/wp\/v2\/pages\/2010\/revisions"}],"predecessor-version":[{"id":2755,"href":"https:\/\/icicestcool.org\/index.php\/wp-json\/wp\/v2\/pages\/2010\/revisions\/2755"}],"wp:attachment":[{"href":"https:\/\/icicestcool.org\/index.php\/wp-json\/wp\/v2\/media?parent=2010"}],"curies":[{"name":"wp","href":"https:\/\/api.w.org\/{rel}","templated":true}]}}