{"id":2142,"date":"2021-03-24T10:43:12","date_gmt":"2021-03-24T09:43:12","guid":{"rendered":"http:\/\/icicestcool.org\/?page_id=2142"},"modified":"2021-06-14T15:35:40","modified_gmt":"2021-06-14T13:35:40","slug":"kit-mobilisation","status":"publish","type":"page","link":"https:\/\/icicestcool.org\/index.php\/kit-mobilisation\/","title":{"rendered":"KIT MOBILISATION"},"content":{"rendered":"\n<figure class=\"wp-block-image size-large\"><img loading=\"lazy\" width=\"1024\" height=\"562\" src=\"https:\/\/icicestcool.org\/wp-content\/uploads\/2021\/05\/imageconsentis-1024x562.jpg\" alt=\"\" class=\"wp-image-2343\" srcset=\"https:\/\/icicestcool.org\/wp-content\/uploads\/2021\/05\/imageconsentis-1024x562.jpg 1024w, https:\/\/icicestcool.org\/wp-content\/uploads\/2021\/05\/imageconsentis-300x165.jpg 300w, https:\/\/icicestcool.org\/wp-content\/uploads\/2021\/05\/imageconsentis-768x421.jpg 768w, https:\/\/icicestcool.org\/wp-content\/uploads\/2021\/05\/imageconsentis-400x220.jpg 400w, https:\/\/icicestcool.org\/wp-content\/uploads\/2021\/05\/imageconsentis.jpg 1405w\" sizes=\"(max-width: 1024px) 100vw, 1024px\" \/><\/figure>\n\n\n\n<h4>Ici c\u2019est cool X Consentis<\/h4>\n\n\n\n<p>Ici c&rsquo;est cool a demand\u00e9 \u00e0 l&rsquo;association <a href=\"http:\/\/consentis.info\/\" target=\"_blank\" rel=\"noreferrer noopener\">Consentis<\/a> de cr\u00e9er un kit mobilisation pour pouvoir former, sur un temps r\u00e9duit (1h), vos b\u00e9n\u00e9voles, salari\u00e9.e.s, prestataires sur le pr\u00e9vention des violences sexistes et sexuelles avant un \u00e9v\u00e9nement.<\/p>\n\n\n\n<p>Ce kit se compose de :<\/p>\n\n\n\n<ul><li>un flyer format A5 \u201cBienveillance en milieu festif\u201d<\/li><li>un support de formation \u00ab\u00a0Sc\u00e9nario 1\u00a0\u00bb pour savoir comment soutenir un.e personne victime d&rsquo;agressions sexuelle et connaitre la proc\u00e9dure interne pour rapporter les faits <\/li><li>un support de formation \u00ab\u00a0Sc\u00e9nario 2\u00a0\u00bb pour identifier une situation probl\u00e9matique lors des maraudes et intervenir face \u00e0 une situation d\u00e9tect\u00e9e<\/li><li>une vid\u00e9o sur le consentement r\u00e9alis\u00e9e en partenariat avec Trax Magazine <\/li><\/ul>\n\n\n\n<hr class=\"wp-block-separator\"\/>\n\n\n\n<p><\/p>\n\n\n\n<h4>Le flyer<\/h4>\n\n\n\n<p><a href=\"https:\/\/icicestcool.org\/wp-content\/uploads\/2021\/05\/CONSENTIS-FLYER-BIENVEILLANCE-iciccool-1-1.pdf\">T\u00e9l\u00e9charger <\/a>le flyer \u00ab\u00a0Bienveillance en milieu festif\u00a0\u00bb (format A 5 &#8211; pr\u00eat \u00e0 l&rsquo;impression)<\/p>\n\n\n\n<figure class=\"wp-block-image size-large\"><img loading=\"lazy\" width=\"400\" height=\"164\" src=\"https:\/\/icicestcool.org\/wp-content\/uploads\/2021\/05\/bienveillance-1-e1622490315497.jpg\" alt=\"\" class=\"wp-image-2405\"\/><\/figure>\n\n\n\n<hr class=\"wp-block-separator\"\/>\n\n\n\n<h4><strong>Les supports de formatio<\/strong>n<\/h4>\n\n\n\n<p>Chaque sc\u00e9nario est un document PDF de 57 pages qui vous permet de sensibiliser, sur un temps plus ou moins long, les personnes de votre choix. Vous trouverez un focus sur les qualifications juridiques des violences sexuelles et les 5 points du consentement sous forme de quiz, comment r\u00e9agir, comment communiquer en interne, comment identifier une situation probl\u00e9matique, la <a rel=\"noreferrer noopener\" href=\"https:\/\/www.standup-international.com\/fr\/fr\" target=\"_blank\">m\u00e9thode des 5D<\/a>, quels sont les 9 principes de soutien, comment prendre soin de soi ainsi que des exercices de mises en situation. <\/p>\n\n\n\n<p>Le sc\u00e9nario 1 est plus ax\u00e9 sur l\u2019accueil de la parole des personnes victimes et le report des faits de violence. Le sc\u00e9nario 2 est plus ax\u00e9 sur la participation \u00e0 une maraude pour d\u00e9tecter les violences sexuelles et savoir comment y r\u00e9agir. Selon le temps dont vous disposez, vous pouvez effectuer l&rsquo;un ou les deux temps de sensibilisation.<\/p>\n\n\n\n<p>Acc\u00e9der au <a rel=\"noreferrer noopener\" href=\"https:\/\/icicestcool.org\/wp-content\/uploads\/2021\/05\/Sce\u0301nario-1-Formation-flash-be\u0301ne\u0301voles-1.pdf\" target=\"_blank\">sc\u00e9nario 1<\/a><\/p>\n\n\n\n<p>Acc\u00e9der au <a rel=\"noreferrer noopener\" href=\"https:\/\/icicestcool.org\/wp-content\/uploads\/2021\/05\/Sce\u0301nario-2-Formation-flash-be\u0301ne\u0301voles-1.pdf\" target=\"_blank\">sc\u00e9nario 2<\/a><\/p>\n\n\n\n<hr class=\"wp-block-separator\"\/>\n\n\n\n<h4>La vid\u00e9o<\/h4>\n\n\n\n<div style=\"padding:125% 0 0 0;position:relative;\"><iframe src=\"https:\/\/player.vimeo.com\/video\/562770371?badge=0&amp;autopause=0&amp;player_id=0&amp;app_id=58479\" frameborder=\"0\" allow=\"autoplay; fullscreen; picture-in-picture\" allowfullscreen style=\"position:absolute;top:0;left:0;width:100%;height:100%;\" title=\"Consentis_Consentement_Consentis_DEF_4_5\"><\/iframe><\/div><script src=\"https:\/\/player.vimeo.com\/api\/player.js\"><\/script>\n","protected":false},"excerpt":{"rendered":"<p>Ici c\u2019est cool X Consentis Ici c&rsquo;est cool a demand\u00e9 \u00e0 l&rsquo;association Consentis de cr\u00e9er un kit mobilisation pour pouvoir former, sur un temps r\u00e9duit (1h), vos b\u00e9n\u00e9voles, salari\u00e9.e.s, prestataires sur le pr\u00e9vention des violences sexistes et sexuelles avant un \u00e9v\u00e9nement. Ce kit se compose de : un flyer format A5 \u201cBienveillance en milieu festif\u201d&hellip; <br \/> <a class=\"read-more\" href=\"https:\/\/icicestcool.org\/index.php\/kit-mobilisation\/\">Lire la suite<\/a><\/p>\n","protected":false},"author":1,"featured_media":0,"parent":0,"menu_order":0,"comment_status":"closed","ping_status":"closed","template":"","meta":[],"_links":{"self":[{"href":"https:\/\/icicestcool.org\/index.php\/wp-json\/wp\/v2\/pages\/2142"}],"collection":[{"href":"https:\/\/icicestcool.org\/index.php\/wp-json\/wp\/v2\/pages"}],"about":[{"href":"https:\/\/icicestcool.org\/index.php\/wp-json\/wp\/v2\/types\/page"}],"author":[{"embeddable":true,"href":"https:\/\/icicestcool.org\/index.php\/wp-json\/wp\/v2\/users\/1"}],"replies":[{"embeddable":true,"href":"https:\/\/icicestcool.org\/index.php\/wp-json\/wp\/v2\/comments?post=2142"}],"version-history":[{"count":31,"href":"https:\/\/icicestcool.org\/index.php\/wp-json\/wp\/v2\/pages\/2142\/revisions"}],"predecessor-version":[{"id":2518,"href":"https:\/\/icicestcool.org\/index.php\/wp-json\/wp\/v2\/pages\/2142\/revisions\/2518"}],"wp:attachment":[{"href":"https:\/\/icicestcool.org\/index.php\/wp-json\/wp\/v2\/media?parent=2142"}],"curies":[{"name":"wp","href":"https:\/\/api.w.org\/{rel}","templated":true}]}}