{"id":2150,"date":"2021-03-24T10:48:01","date_gmt":"2021-03-24T09:48:01","guid":{"rendered":"http:\/\/icicestcool.org\/?page_id=2150"},"modified":"2021-03-24T11:31:35","modified_gmt":"2021-03-24T10:31:35","slug":"presentation","status":"publish","type":"page","link":"https:\/\/icicestcool.org\/index.php\/presentation\/","title":{"rendered":"PR\u00c9SENTATION"},"content":{"rendered":"\n<p><strong>La gen\u00e8se du projet<\/strong><\/p>\n\n\n\n<p>En 2017, #Metoo nous a r\u00e9veill\u00e9. Tous les secteurs se sont sentis concern\u00e9s. Conscients de leur responsabilit\u00e9 en tant qu\u2019acteurs culturels organisant des temps festifs, mais aussi conscients des possibilit\u00e9s de communication qu\u2019offrent leurs \u00e9v\u00e8nements, les organisateurs de festivals ont d\u00e9cid\u00e9 d\u2019agir pour sensibiliser les publics et pr\u00e9venir les violences. \u00ab Ici c\u2019est cool \u00bb est le fruit de cet engagement.<\/p>\n\n\n\n<p>Les concerts sont des espaces de d\u00e9couverte et de f\u00eate propices \u00e0 la rencontre. Depuis plusieurs ann\u00e9es, des politiques de pr\u00e9vention y sont \u00e0 l\u2019\u0153uvre pour r\u00e9duire les risques li\u00e9s aux comportements excessifs qui sont parfois associ\u00e9s \u00e0 la f\u00eate. Elles permettent de toucher et de sensibiliser les nombreux publics qui fr\u00e9quentent les \u00e9v\u00e9nements culturels tout au long de l\u2019ann\u00e9e, et en particulier durant la p\u00e9riode estivale.<\/p>\n\n\n\n<p>R\u00e9cemment, en Europe et en France, des incidents, agressions et violences \u00e0 caract\u00e8re sexuel, sexiste, raciste et homophobe, ont \u00e9t\u00e9 observ\u00e9s. Ces ph\u00e9nom\u00e8nes ont alert\u00e9 les organisateurs de festivals et de concerts des Pays de la Loire qui ont choisi d\u2019y r\u00e9pondre ensemble afin de pr\u00e9server leurs \u00e9v\u00e9nements, comme espaces privil\u00e9gi\u00e9s de plaisir et de partage.<\/p>\n\n\n\n<div class=\"wp-block-columns\">\n<div class=\"wp-block-column\">\n<figure class=\"wp-block-image size-large\"><img loading=\"lazy\" width=\"1024\" height=\"1024\" src=\"https:\/\/icicestcool.org\/wp-content\/uploads\/2019\/06\/Instagram_Pute-1024x1024.png\" alt=\"\" class=\"wp-image-734\" srcset=\"https:\/\/icicestcool.org\/wp-content\/uploads\/2019\/06\/Instagram_Pute-1024x1024.png 1024w, https:\/\/icicestcool.org\/wp-content\/uploads\/2019\/06\/Instagram_Pute-150x150.png 150w, https:\/\/icicestcool.org\/wp-content\/uploads\/2019\/06\/Instagram_Pute-300x300.png 300w, https:\/\/icicestcool.org\/wp-content\/uploads\/2019\/06\/Instagram_Pute-768x768.png 768w, https:\/\/icicestcool.org\/wp-content\/uploads\/2019\/06\/Instagram_Pute-400x400.png 400w, https:\/\/icicestcool.org\/wp-content\/uploads\/2019\/06\/Instagram_Pute.png 1080w\" sizes=\"(max-width: 1024px) 100vw, 1024px\" \/><\/figure>\n<\/div>\n\n\n\n<div class=\"wp-block-column\">\n<figure class=\"wp-block-image size-large\"><img loading=\"lazy\" width=\"1024\" height=\"1024\" src=\"https:\/\/icicestcool.org\/wp-content\/uploads\/2019\/06\/Instagram_Pede-1024x1024.png\" alt=\"\" class=\"wp-image-731\" srcset=\"https:\/\/icicestcool.org\/wp-content\/uploads\/2019\/06\/Instagram_Pede-1024x1024.png 1024w, https:\/\/icicestcool.org\/wp-content\/uploads\/2019\/06\/Instagram_Pede-150x150.png 150w, https:\/\/icicestcool.org\/wp-content\/uploads\/2019\/06\/Instagram_Pede-300x300.png 300w, https:\/\/icicestcool.org\/wp-content\/uploads\/2019\/06\/Instagram_Pede-768x768.png 768w, https:\/\/icicestcool.org\/wp-content\/uploads\/2019\/06\/Instagram_Pede-400x400.png 400w, https:\/\/icicestcool.org\/wp-content\/uploads\/2019\/06\/Instagram_Pede.png 1080w\" sizes=\"(max-width: 1024px) 100vw, 1024px\" \/><\/figure>\n<\/div>\n\n\n\n<div class=\"wp-block-column\">\n<figure class=\"wp-block-image size-large\"><img loading=\"lazy\" width=\"1024\" height=\"1024\" src=\"https:\/\/icicestcool.org\/wp-content\/uploads\/2019\/06\/Instagram_Negre-1024x1024.png\" alt=\"\" class=\"wp-image-730\" srcset=\"https:\/\/icicestcool.org\/wp-content\/uploads\/2019\/06\/Instagram_Negre-1024x1024.png 1024w, https:\/\/icicestcool.org\/wp-content\/uploads\/2019\/06\/Instagram_Negre-150x150.png 150w, https:\/\/icicestcool.org\/wp-content\/uploads\/2019\/06\/Instagram_Negre-300x300.png 300w, https:\/\/icicestcool.org\/wp-content\/uploads\/2019\/06\/Instagram_Negre-768x768.png 768w, https:\/\/icicestcool.org\/wp-content\/uploads\/2019\/06\/Instagram_Negre-400x400.png 400w, https:\/\/icicestcool.org\/wp-content\/uploads\/2019\/06\/Instagram_Negre.png 1080w\" sizes=\"(max-width: 1024px) 100vw, 1024px\" \/><\/figure>\n<\/div>\n<\/div>\n\n\n\n<p><strong>Une campagne qui vient du terrain !<\/strong><\/p>\n\n\n\n<p>En 2019, 25 festivals des Pays de la Loire ont initi\u00e9 dans le cadre de leur politique de pr\u00e9vention, une campagne contre les violences \u00e0 caract\u00e8re sexuel, sexiste, raciste et homophobe. Ils ont \u00e9labor\u00e9 ensemble une politique commune de pr\u00e9vention des comportements inappropri\u00e9s en milieu festif, comportant des actions de formation des \u00e9quipes, b\u00e9n\u00e9voles et prestataires financ\u00e9es par l\u2019Etat, la mise en en place d\u2019actions d\u2019information, ainsi qu\u2019une meilleure communication sur leurs valeurs : respect de l\u2019autre, ouverture \u00e0 la diversit\u00e9, d\u00e9couverte et convivialit\u00e9.<\/p>\n\n\n\n<p>C\u2019est dans ce cadre et avec le soutien de la Pr\u00e9fecture des Pays de la Loire (Direction aux droits des femmes et \u00e0 l\u2019\u00e9galit\u00e9) et l\u2019appui du P\u00f4le de coop\u00e9ration pour les musiques actuelles en Pays de la Loire, qu\u2019ils ont lancent en mai 2019 la campagne \u00ab Ici c\u2019est cool ! Les lieux et \u00e9v\u00e9nements festifs s\u2019associent contre toutes les violences \u00bb.<\/p>\n\n\n\n<figure class=\"wp-block-image size-large\"><img loading=\"lazy\" width=\"1024\" height=\"1024\" src=\"https:\/\/icicestcool.org\/wp-content\/uploads\/2019\/06\/Instagram_Gouine-1024x1024.png\" alt=\"\" class=\"wp-image-729\" srcset=\"https:\/\/icicestcool.org\/wp-content\/uploads\/2019\/06\/Instagram_Gouine-1024x1024.png 1024w, https:\/\/icicestcool.org\/wp-content\/uploads\/2019\/06\/Instagram_Gouine-150x150.png 150w, https:\/\/icicestcool.org\/wp-content\/uploads\/2019\/06\/Instagram_Gouine-300x300.png 300w, https:\/\/icicestcool.org\/wp-content\/uploads\/2019\/06\/Instagram_Gouine-768x768.png 768w, https:\/\/icicestcool.org\/wp-content\/uploads\/2019\/06\/Instagram_Gouine-400x400.png 400w, https:\/\/icicestcool.org\/wp-content\/uploads\/2019\/06\/Instagram_Gouine.png 1080w\" sizes=\"(max-width: 1024px) 100vw, 1024px\" \/><\/figure>\n\n\n\n<p><strong>La campagne en 2021<\/strong><\/p>\n\n\n\n<p>Cette campagne, \u00ab&nbsp;ICI, C&rsquo;EST COOL &#8211; Ne laissons pas la violence pourrir l&rsquo;ambiance&nbsp;!&nbsp;\u00bb, a pris une envergure nationale d\u00e8s son lancement, avec une centaine d\u2019\u00e9v\u00e8nements mobilis\u00e9s en France. En 2020, malgr\u00e9 les annulations dues \u00e0 la Covid19, et gr\u00e2ce au soutien de la Fondation Amnesty International et du Conseil National de la Musique (CNM), les volets \u00ab\u00a0formations\u00a0\u00bb et \u00ab\u00a0ressources\u00a0\u00bb de la campagne ont \u00e9t\u00e9 renforc\u00e9s. 180 personnes ont \u00e9t\u00e9 form\u00e9es l\u2019an pass\u00e9 et de nombreuses ressources ont \u00e9t\u00e9 identifi\u00e9es. Ainsi, \u00e0 travers cette campagne commune, lieux et \u00e9v\u00e9nements festifs s\u2019organisent pour anticiper et pr\u00e9venir toutes formes de violences lors de la reprise des \u00e9v\u00e9nements en 2021.&nbsp;<\/p>\n\n\n\n<p>En 2019, une premi\u00e8re pierre a \u00e9t\u00e9 pos\u00e9e avec une sensibilisation des publics et des professionnels. Des formations ont permis d\u2019aborder la question des agressions \u00e0 caract\u00e8re sexuel, sexiste, raciste et homophobe en milieu festif, avec les \u00e9quipes salari\u00e9es, les b\u00e9n\u00e9voles, ainsi que les prestataires de s\u00e9curit\u00e9. La campagne \u00ab\u00a0grand public\u00a0\u00bb a \u00e9t\u00e9 stabilis\u00e9e\u00a0: visuels et slogans compl\u00e9mentaires marquant les esprits. D\u00e8s cette premi\u00e8re \u00e9dition, la campagne fut un succ\u00e8s. Une centaine de lieux et d\u2019\u00e9v\u00e9nements musicaux se sont empar\u00e9s des outils mis \u00e0 leur disposition pour d\u00e9cliner diff\u00e9rents supports de communication (papier, vid\u00e9o et num\u00e9rique) aupr\u00e8s de leurs publics, plus d\u2019un million de spectateurs.<\/p>\n\n\n\n<div class=\"wp-block-columns\">\n<div class=\"wp-block-column\">\n<figure class=\"wp-block-image size-large\"><img loading=\"lazy\" width=\"1024\" height=\"1024\" src=\"https:\/\/icicestcool.org\/wp-content\/uploads\/2019\/06\/Instagram_Gaffer_Pute-1024x1024.png\" alt=\"\" class=\"wp-image-743\" srcset=\"https:\/\/icicestcool.org\/wp-content\/uploads\/2019\/06\/Instagram_Gaffer_Pute-1024x1024.png 1024w, https:\/\/icicestcool.org\/wp-content\/uploads\/2019\/06\/Instagram_Gaffer_Pute-150x150.png 150w, https:\/\/icicestcool.org\/wp-content\/uploads\/2019\/06\/Instagram_Gaffer_Pute-300x300.png 300w, https:\/\/icicestcool.org\/wp-content\/uploads\/2019\/06\/Instagram_Gaffer_Pute-768x768.png 768w, https:\/\/icicestcool.org\/wp-content\/uploads\/2019\/06\/Instagram_Gaffer_Pute-400x400.png 400w, https:\/\/icicestcool.org\/wp-content\/uploads\/2019\/06\/Instagram_Gaffer_Pute.png 1080w\" sizes=\"(max-width: 1024px) 100vw, 1024px\" \/><\/figure>\n<\/div>\n\n\n\n<div class=\"wp-block-column\">\n<figure class=\"wp-block-image size-large\"><img loading=\"lazy\" width=\"1024\" height=\"1024\" src=\"https:\/\/icicestcool.org\/wp-content\/uploads\/2019\/06\/Instagram_Gaffer_Pede-1024x1024.png\" alt=\"\" class=\"wp-image-742\" srcset=\"https:\/\/icicestcool.org\/wp-content\/uploads\/2019\/06\/Instagram_Gaffer_Pede-1024x1024.png 1024w, https:\/\/icicestcool.org\/wp-content\/uploads\/2019\/06\/Instagram_Gaffer_Pede-150x150.png 150w, https:\/\/icicestcool.org\/wp-content\/uploads\/2019\/06\/Instagram_Gaffer_Pede-300x300.png 300w, https:\/\/icicestcool.org\/wp-content\/uploads\/2019\/06\/Instagram_Gaffer_Pede-768x768.png 768w, https:\/\/icicestcool.org\/wp-content\/uploads\/2019\/06\/Instagram_Gaffer_Pede-400x400.png 400w, https:\/\/icicestcool.org\/wp-content\/uploads\/2019\/06\/Instagram_Gaffer_Pede.png 1080w\" sizes=\"(max-width: 1024px) 100vw, 1024px\" \/><\/figure>\n<\/div>\n\n\n\n<div class=\"wp-block-column\">\n<figure class=\"wp-block-image size-large\"><img loading=\"lazy\" width=\"1024\" height=\"1024\" src=\"https:\/\/icicestcool.org\/wp-content\/uploads\/2019\/06\/Instagram_Gaffer_Negre-1024x1024.png\" alt=\"\" class=\"wp-image-741\" srcset=\"https:\/\/icicestcool.org\/wp-content\/uploads\/2019\/06\/Instagram_Gaffer_Negre-1024x1024.png 1024w, https:\/\/icicestcool.org\/wp-content\/uploads\/2019\/06\/Instagram_Gaffer_Negre-150x150.png 150w, https:\/\/icicestcool.org\/wp-content\/uploads\/2019\/06\/Instagram_Gaffer_Negre-300x300.png 300w, https:\/\/icicestcool.org\/wp-content\/uploads\/2019\/06\/Instagram_Gaffer_Negre-768x768.png 768w, https:\/\/icicestcool.org\/wp-content\/uploads\/2019\/06\/Instagram_Gaffer_Negre-400x400.png 400w, https:\/\/icicestcool.org\/wp-content\/uploads\/2019\/06\/Instagram_Gaffer_Negre.png 1080w\" sizes=\"(max-width: 1024px) 100vw, 1024px\" \/><\/figure>\n<\/div>\n<\/div>\n\n\n\n<p>En 2020, la campagne \u00ab\u00a0ICI, C&rsquo;EST COOL &#8211; Ne laissons pas la violence pourrir l&rsquo;ambiance\u00a0!\u00a0\u00bb s\u2019est poursuivie avec l\u2019objectif d\u2019ancrer plus fortement les r\u00e9flexions au sein des \u00e9quipes, en outillant les acteurs et en structurant la campagne. Fort des premiers contenus de formation, certains organisateurs ont lanc\u00e9 des initiatives originales (conf\u00e9rences, stands d&rsquo;\u00e9coute, maraudes sp\u00e9cialis\u00e9es&#8230;) qu\u2019il s\u2019agit d\u2019amplifier et d\u2019installer dans le temps. Malgr\u00e9 la situation due au COVID \u2013, et gr\u00e2ce au soutien de la Fondation Amnesty International et du Conseil National de la Musique (CNM), nous avons poursuivi la campagne en mettant l\u2019accent sur les volets \u00ab\u00a0formations\u00a0\u00bb et \u00ab\u00a0ressources\u00a0\u00bb.\u00a0<\/p>\n\n\n\n<figure class=\"wp-block-image size-large\"><img loading=\"lazy\" width=\"1024\" height=\"1024\" src=\"https:\/\/icicestcool.org\/wp-content\/uploads\/2019\/06\/Instagram_Gaffer_Gouine-1024x1024.png\" alt=\"\" class=\"wp-image-740\" srcset=\"https:\/\/icicestcool.org\/wp-content\/uploads\/2019\/06\/Instagram_Gaffer_Gouine-1024x1024.png 1024w, https:\/\/icicestcool.org\/wp-content\/uploads\/2019\/06\/Instagram_Gaffer_Gouine-150x150.png 150w, https:\/\/icicestcool.org\/wp-content\/uploads\/2019\/06\/Instagram_Gaffer_Gouine-300x300.png 300w, https:\/\/icicestcool.org\/wp-content\/uploads\/2019\/06\/Instagram_Gaffer_Gouine-768x768.png 768w, https:\/\/icicestcool.org\/wp-content\/uploads\/2019\/06\/Instagram_Gaffer_Gouine-400x400.png 400w, https:\/\/icicestcool.org\/wp-content\/uploads\/2019\/06\/Instagram_Gaffer_Gouine.png 1080w\" sizes=\"(max-width: 1024px) 100vw, 1024px\" \/><\/figure>\n\n\n\n<p>Aujourd\u2019hui, la campagne \u00ab&nbsp;ICI, C&rsquo;EST COOL &#8211; Ne laissons pas la violence pourrir l&rsquo;ambiance&nbsp;!&nbsp;\u00bb est de mieux en mieux identifi\u00e9e par les \u00e9quipes, par les structures de pr\u00e9vention, par les organismes professionnels et par les institutions. Depuis le d\u00e9but de la campagne, plus de 700 personnes ont \u00e9t\u00e9 form\u00e9es ou sensibilis\u00e9es. Les sollicitations sont nombreuses. En 2021, nous poursuivons nos objectifs, en vue d&rsquo;une reprise d&rsquo;activit\u00e9 des lieux de concerts et des festivals, souhaitant exp\u00e9rimenter de nouveaux formats, identifier de nouvelles ressources et g\u00e9n\u00e9rer de nouvelles dynamiques dans un secteur culturel mis en difficult\u00e9 par la crise, mais d\u00e9bordant d\u2019initiatives.<\/p>\n","protected":false},"excerpt":{"rendered":"<p>La gen\u00e8se du projet En 2017, #Metoo nous a r\u00e9veill\u00e9. Tous les secteurs se sont sentis concern\u00e9s. Conscients de leur responsabilit\u00e9 en tant qu\u2019acteurs culturels organisant des temps festifs, mais aussi conscients des possibilit\u00e9s de communication qu\u2019offrent leurs \u00e9v\u00e8nements, les organisateurs de festivals ont d\u00e9cid\u00e9 d\u2019agir pour sensibiliser les publics et pr\u00e9venir les violences. \u00ab&hellip; <br \/> <a class=\"read-more\" href=\"https:\/\/icicestcool.org\/index.php\/presentation\/\">Lire la suite<\/a><\/p>\n","protected":false},"author":1,"featured_media":0,"parent":0,"menu_order":0,"comment_status":"closed","ping_status":"closed","template":"","meta":[],"_links":{"self":[{"href":"https:\/\/icicestcool.org\/index.php\/wp-json\/wp\/v2\/pages\/2150"}],"collection":[{"href":"https:\/\/icicestcool.org\/index.php\/wp-json\/wp\/v2\/pages"}],"about":[{"href":"https:\/\/icicestcool.org\/index.php\/wp-json\/wp\/v2\/types\/page"}],"author":[{"embeddable":true,"href":"https:\/\/icicestcool.org\/index.php\/wp-json\/wp\/v2\/users\/1"}],"replies":[{"embeddable":true,"href":"https:\/\/icicestcool.org\/index.php\/wp-json\/wp\/v2\/comments?post=2150"}],"version-history":[{"count":4,"href":"https:\/\/icicestcool.org\/index.php\/wp-json\/wp\/v2\/pages\/2150\/revisions"}],"predecessor-version":[{"id":2176,"href":"https:\/\/icicestcool.org\/index.php\/wp-json\/wp\/v2\/pages\/2150\/revisions\/2176"}],"wp:attachment":[{"href":"https:\/\/icicestcool.org\/index.php\/wp-json\/wp\/v2\/media?parent=2150"}],"curies":[{"name":"wp","href":"https:\/\/api.w.org\/{rel}","templated":true}]}}