{"id":219,"date":"2019-06-17T20:16:32","date_gmt":"2019-06-17T18:16:32","guid":{"rendered":"http:\/\/icicestcool.org\/?page_id=219"},"modified":"2024-01-15T16:20:29","modified_gmt":"2024-01-15T15:20:29","slug":"ici-cest-cool-home","status":"publish","type":"page","link":"https:\/\/icicestcool.org\/index.php\/ici-cest-cool-home\/","title":{"rendered":"La Campagne"},"content":{"rendered":"\n<h4>Une campagne <\/h4>\n\n\n\n<h4>\u00ab choc et informative \u00bb<\/h4>\n\n\n\n<h3>Une cr\u00e9ation originale qui s\u2019appuie sur des volontaires<\/h3>\n\n\n\n<p class=\"has-text-color has-medium-font-size\" style=\"color:#000000\">Assumant la r\u00e9alit\u00e9 et duret\u00e9 des faits que les festivals d\u00e9noncent \u00e0 travers la campagne \u00ab Ici c\u2019est cool ! \u00bb, ses cr\u00e9ateurs ont mis la violence au centre des visuels sans victimiser les personnes, tout en associant des b\u00e9n\u00e9voles volontaires de festivals de la r\u00e9gion. La cr\u00e9ation graphique a \u00e9t\u00e9 confi\u00e9e \u00e0 l\u2019agence nantaise Adamytes et \u00e0 l\u2019artiste-maquilleuse rennaise Marine Bouvier qui travaille depuis plusieurs ann\u00e9es sur le th\u00e8me de l\u2019insulte en maniant avec talent la technique du bodypainting.<\/p>\n\n\n\n<p class=\"has-text-color\" style=\"color:#000000\">Violences sexuelles, harc\u00e8lement, injures\u2026 Pour bien faire comprendre le message des festivals qui souhaitent lutter contre ces ph\u00e9nom\u00e8nes, les cr\u00e9ateurs de la campagne \u00ab Ici c\u2019est cool ! \u00bb ont mis la violence au c\u0153ur des visuels sans victimiser les personnes. Les insultes collent \u00e0 la peau de 4 personnes qui ne baissent pas les yeux. Et si l\u2019ensemble est choc, la marque \u00ab Ici c\u2019est cool ! \u00bb se veut \u00e0 l\u2019image des festivals. Le slogan \u00ab Ne laissons pas la violence pourrir l\u2019ambiance \u00bb fait sens.<\/p>\n\n\n\n<h3>Des festivals en collectif,  une agence motiv\u00e9e et une artiste cr\u00e9ative <\/h3>\n\n\n\n<p class=\"has-text-color\" style=\"color:#000000\"><em>\u00ab Quand on s\u2019est r\u00e9uni entre charg\u00e9s de communication pour \u00e9crire le cahier des charges de la campagne, on voulait quelque chose de choc, qui impacte et qui marque les esprits \u00bb <\/em>se souvient <strong>Gabriel Massei<\/strong>, responsable de la communication du festival La Nuit de l\u2019Erdre, et membre du groupe de travail \u00e0 l\u2019origine du projet. Le cahier des charges, travaill\u00e9 \u00e0 plusieurs mains et envoy\u00e9 \u00e0 des agences de communication du territoire \u00e9tait pr\u00e9cis :<em> \u00ab Le ton de la campagne doit \u00eatre \u00e0 la fois choc et informatif \u00bb<\/em>. Les communicants des festivals avaient aussi une attention particuli\u00e8re \u00e0 \u00ab ne pas \u00eatre dans un ton qui soit trop moralisateur \u00bb.<\/p>\n\n\n\n<p class=\"has-text-color\" style=\"color:#000000\">La cr\u00e9ation graphique a \u00e9t\u00e9 confi\u00e9e \u00e0 l\u2019agence nantaise Adamytes dirig\u00e9e par <strong>Beno\u00eet Barraud<\/strong>. Son \u00e9quipe pr\u00f4ne la simplification du message. Tr\u00e8s sensible au sujet des violences et int\u00e9ress\u00e9 par le monde des musiques actuelles, <strong>Beno\u00eet Barraud<\/strong> s\u2019est fortement investi pour accompagner les festivals engag\u00e9s dans cette d\u00e9marche. C\u2019est lui, qui associe la maquilleuse <strong>Marine Bouvier<\/strong> (LadyMakeUp) au projet. Cette artiste rennaise travaille depuis plusieurs ann\u00e9es sur le th\u00e8me de l\u2019insulte autour de la technique du bodypainting qu\u2019elle ma\u00eetrise parfaitement. Les prises de vues ont \u00e9t\u00e9 faites au <strong>studio Oioo Nante<\/strong>s par les photographes <strong>Ronan Rocher<\/strong> et<strong> Lionel Boissaye<\/strong>.<\/p>\n\n\n\n<h3> Les b\u00e9n\u00e9voles volontaires pour poser sur les affiches<\/h3>\n\n\n\n<p class=\"has-text-color\" style=\"color:#000000\">Quatre b\u00e9n\u00e9voles issus de festivals des Pays de la Loire se sont propos\u00e9s, suite \u00e0 un appel \u00e0 bonnes volont\u00e9s. Ils ont accept\u00e9s de se faire maquiller par Marine Bouvier et de participer \u00e0 cette s\u00e9ance photo. <em>\u00ab Les b\u00e9n\u00e9voles \u00e9taient contents que l\u2019on fasse appel \u00e0 eux. Ils \u00e9taient motiv\u00e9s sur le sujet, m\u00eame les plus pudiques \u00bb<\/em> indique <strong>M\u00e9lanie Noyer<\/strong> du Dubcamp Festival. Elle ajoute : <em>\u00ab Cette campagne a le m\u00e9rite d\u2019\u00eatre d\u00e9clinable, de montrer diff\u00e9rents corps, et diff\u00e9rentes personnalit\u00e9s. D\u00e8s le d\u00e9part, on a voulu mettre en avant nos musiques, nos esth\u00e9tiques. Et ceux qui repr\u00e9sentent clairement le mieux l\u2019\u00e2me de nos festivals, ce sont nos b\u00e9n\u00e9voles \u00bb<\/em>. <em>\u00ab Quand on a parl\u00e9 de la figuration, les b\u00e9n\u00e9voles ont dit \u00aboui\u00bb directement sans m\u00eame voir le rendu graphique. Le sujet les a mobilis\u00e9s. Ils se sont sentis directement concern\u00e9s \u00bb<\/em> confirme <strong>Gabriel Massei<\/strong>.<\/p>\n\n\n\n<h3> 4 types de violences, 8 affiches diff\u00e9rentes ! <\/h3>\n\n\n\n<p class=\"has-text-color\" style=\"color:#000000\"> La campagne \u00ab Ici c\u2019est cool ! \u00bb concerne 4 types de violences : le sexisme, le racisme, l\u2019homophobie et la lesbophobie. Pour chacune d\u2019entre elles, la campagne est d\u00e9clin\u00e9e en deux visuels (8 affiches diff\u00e9rentes) : <br>&#8211; L\u2019un \u00e0 partir d\u2019une photo d\u2019une personne nue dont le corps est recouvert d\u2019insultes. La personne a un regard franc et direct. Le slogan \u00ab Ne laissons pas la violence pourrir l\u2019ambiance \u00bb fait sens.<br>&#8211; L\u2019autre reprend l\u2019insulte, mais celle-ci est barr\u00e9e avec du gaffer. Une mention rappelle que l\u2019injure publique est un d\u00e9lit. Le slogan \u00ab Ne laissons pas la violence pourrir l\u2019ambiance \u00bb est repris.<br> Le logo \u00ab Non aux violences \u00bb et la marque \u00ab Ici c\u2019est cool \u00bb sont repris sur l\u2019ensemble des visuels et supports. Ils permettront de garder une coh\u00e9rence entre les deux types de visuels et de conserver cette coh\u00e9rence dans le temps, en fonction des prochaines d\u00e9clinaisons qui ne manqueront pas d\u2019exister.<\/p>\n\n\n\n<p class=\"has-text-color\" style=\"color:#000000\">Une vid\u00e9o d\u2019une trentaine de secondes permet une viralit\u00e9 dans les r\u00e9seaux sociaux.<\/p>\n\n\n\n<p class=\"has-text-color\" style=\"color:#000000\">L\u2019ensemble de la campagne a \u00e9t\u00e9 pens\u00e9 au d\u00e9part pour les Pays de la Loire et par\/pour les festivals, mais sa reprise par d\u2019autres acteurs, dans d\u2019autres territoires, et par d\u2019autres types d\u2019organisateurs de concerts a \u00e9t\u00e9 largement anticip\u00e9e. La campagne existe donc dans une version r\u00e9gionale mais \u00e9galement dans une version nationale.<\/p>\n","protected":false},"excerpt":{"rendered":"<p>Une campagne \u00ab choc et informative \u00bb Une cr\u00e9ation originale qui s\u2019appuie sur des volontaires Assumant la r\u00e9alit\u00e9 et duret\u00e9 des faits que les festivals d\u00e9noncent \u00e0 travers la campagne \u00ab Ici c\u2019est cool ! \u00bb, ses cr\u00e9ateurs ont mis la violence au centre des visuels sans victimiser les personnes, tout en associant des b\u00e9n\u00e9voles&hellip; <br \/> <a class=\"read-more\" href=\"https:\/\/icicestcool.org\/index.php\/ici-cest-cool-home\/\">Lire la suite<\/a><\/p>\n","protected":false},"author":1,"featured_media":49,"parent":0,"menu_order":0,"comment_status":"closed","ping_status":"closed","template":"page-templates\/page-with-left-sidebar.php","meta":[],"_links":{"self":[{"href":"https:\/\/icicestcool.org\/index.php\/wp-json\/wp\/v2\/pages\/219"}],"collection":[{"href":"https:\/\/icicestcool.org\/index.php\/wp-json\/wp\/v2\/pages"}],"about":[{"href":"https:\/\/icicestcool.org\/index.php\/wp-json\/wp\/v2\/types\/page"}],"author":[{"embeddable":true,"href":"https:\/\/icicestcool.org\/index.php\/wp-json\/wp\/v2\/users\/1"}],"replies":[{"embeddable":true,"href":"https:\/\/icicestcool.org\/index.php\/wp-json\/wp\/v2\/comments?post=219"}],"version-history":[{"count":23,"href":"https:\/\/icicestcool.org\/index.php\/wp-json\/wp\/v2\/pages\/219\/revisions"}],"predecessor-version":[{"id":3011,"href":"https:\/\/icicestcool.org\/index.php\/wp-json\/wp\/v2\/pages\/219\/revisions\/3011"}],"wp:featuredmedia":[{"embeddable":true,"href":"https:\/\/icicestcool.org\/index.php\/wp-json\/wp\/v2\/media\/49"}],"wp:attachment":[{"href":"https:\/\/icicestcool.org\/index.php\/wp-json\/wp\/v2\/media?parent=219"}],"curies":[{"name":"wp","href":"https:\/\/api.w.org\/{rel}","templated":true}]}}