{"id":2380,"date":"2021-05-31T14:39:44","date_gmt":"2021-05-31T12:39:44","guid":{"rendered":"http:\/\/icicestcool.org\/?page_id=2380"},"modified":"2021-06-14T10:42:04","modified_gmt":"2021-06-14T08:42:04","slug":"kit-print","status":"publish","type":"page","link":"https:\/\/icicestcool.org\/index.php\/kit-print\/","title":{"rendered":"Kit print"},"content":{"rendered":"\n<figure class=\"wp-block-image size-large\"><img loading=\"lazy\" width=\"569\" height=\"841\" src=\"https:\/\/icicestcool.org\/wp-content\/uploads\/2021\/06\/Sans-titre.jpg\" alt=\"\" class=\"wp-image-2449\" srcset=\"https:\/\/icicestcool.org\/wp-content\/uploads\/2021\/06\/Sans-titre.jpg 569w, https:\/\/icicestcool.org\/wp-content\/uploads\/2021\/06\/Sans-titre-203x300.jpg 203w, https:\/\/icicestcool.org\/wp-content\/uploads\/2021\/06\/Sans-titre-400x591.jpg 400w\" sizes=\"(max-width: 569px) 100vw, 569px\" \/><\/figure>\n\n\n\n<p><strong>Dans ce kit print, vous trouverez toutes les affiches en format pr\u00eat \u00e0 imprimer<\/strong>. Sur les affiches, vous trouverez les logos de nos nombreux partenaires car c&rsquo;est une campagne collective ! Pour faire parti de l&rsquo;aventure et devenir partenaire \u00e0 votre tour, <a href=\"https:\/\/icicestcool.org\/index.php\/sengager\/\">rendez-vous \u00e0 cette page<\/a>.<\/p>\n\n\n\n<p>Il existent 4 affiches diff\u00e9rentes sur les th\u00e8mes de la campagne  qui sont la lutte contre le sexisme, la lesbophobie, l&rsquo;homophobie et le racisme.<\/p>\n\n\n\n<p>Ces affiches sont d\u00e9clin\u00e9es en diff\u00e9rents formats (80&#215;120 cm \/ 40&#215;60 cm \/ 60&#215;80 cm \/ A3 \/ format num\u00e9rique) selon vos besoins d&rsquo;utilisation : du plus grand format pour les festivals, les salles de concert au format moyen pour les bars ou petites salles jusqu&rsquo;au format A3 pour afficher dans vos locaux, studios de r\u00e9p\u00e9tition&#8230; <br><\/p>\n\n\n\n<p>T\u00e9l\u00e9charger le <a href=\"https:\/\/icicestcool.org\/wp-content\/uploads\/2021\/06\/IciCestCool-AffichesFormat80x120_HD.pdf\">k<\/a><a href=\"https:\/\/icicestcool.org\/wp-content\/uploads\/2021\/06\/IciCestCool-AffichesFormat80x120_HD.pdf\" target=\"_blank\" rel=\"noreferrer noopener\">it print au tr\u00e8s grand format<\/a> 80&#215;120 cm <\/p>\n\n\n\n<p>T\u00e9l\u00e9charger le <a href=\"https:\/\/icicestcool.org\/wp-content\/uploads\/2021\/06\/IciCestCool-AffichesFormat60x80_HD.pdf\" target=\"_blank\" rel=\"noreferrer noopener\">kit print au grand format<\/a><a href=\"https:\/\/icicestcool.org\/wp-content\/uploads\/2021\/06\/IciCestCool-AffichesFormat60x80_HD.pdf\"> <\/a>60&#215;80 cm<\/p>\n\n\n\n<p>T\u00e9l\u00e9charger le <a href=\"https:\/\/icicestcool.org\/wp-content\/uploads\/2021\/06\/IciCestCool-AffichesFormat40x60_HD.pdf\" target=\"_blank\" rel=\"noreferrer noopener\">kit print au moyen format<\/a> 40&#215;60 cm<\/p>\n\n\n\n<p>T\u00e9l\u00e9charger le<a href=\"https:\/\/icicestcool.org\/wp-content\/uploads\/2021\/06\/IciCestCool-AffichesFormatA3_HD.pdf\"> <\/a><a rel=\"noreferrer noopener\" href=\"https:\/\/icicestcool.org\/wp-content\/uploads\/2021\/06\/IciCestCool-AffichesFormatA3_HD.pdf\" target=\"_blank\">kit print au plus petit format<\/a> A3<\/p>\n\n\n\n<p>T\u00e9l\u00e9charger le <a href=\"https:\/\/icicestcool.org\/wp-content\/uploads\/2021\/06\/Nouveau-dossier-compresse.zip\">kit print affichage num\u00e9rique<\/a> 2160&#215;3840 pixels <\/p>\n\n\n\n<p><\/p>\n\n\n\n<p><\/p>\n\n\n\n<p><\/p>\n","protected":false},"excerpt":{"rendered":"<p>Dans ce kit print, vous trouverez toutes les affiches en format pr\u00eat \u00e0 imprimer. Sur les affiches, vous trouverez les logos de nos nombreux partenaires car c&rsquo;est une campagne collective ! Pour faire parti de l&rsquo;aventure et devenir partenaire \u00e0 votre tour, rendez-vous \u00e0 cette page. Il existent 4 affiches diff\u00e9rentes sur les th\u00e8mes de&hellip; <br \/> <a class=\"read-more\" href=\"https:\/\/icicestcool.org\/index.php\/kit-print\/\">Lire la suite<\/a><\/p>\n","protected":false},"author":1,"featured_media":0,"parent":0,"menu_order":0,"comment_status":"closed","ping_status":"closed","template":"","meta":[],"_links":{"self":[{"href":"https:\/\/icicestcool.org\/index.php\/wp-json\/wp\/v2\/pages\/2380"}],"collection":[{"href":"https:\/\/icicestcool.org\/index.php\/wp-json\/wp\/v2\/pages"}],"about":[{"href":"https:\/\/icicestcool.org\/index.php\/wp-json\/wp\/v2\/types\/page"}],"author":[{"embeddable":true,"href":"https:\/\/icicestcool.org\/index.php\/wp-json\/wp\/v2\/users\/1"}],"replies":[{"embeddable":true,"href":"https:\/\/icicestcool.org\/index.php\/wp-json\/wp\/v2\/comments?post=2380"}],"version-history":[{"count":12,"href":"https:\/\/icicestcool.org\/index.php\/wp-json\/wp\/v2\/pages\/2380\/revisions"}],"predecessor-version":[{"id":2507,"href":"https:\/\/icicestcool.org\/index.php\/wp-json\/wp\/v2\/pages\/2380\/revisions\/2507"}],"wp:attachment":[{"href":"https:\/\/icicestcool.org\/index.php\/wp-json\/wp\/v2\/media?parent=2380"}],"curies":[{"name":"wp","href":"https:\/\/api.w.org\/{rel}","templated":true}]}}