{"id":316,"date":"2019-06-17T20:37:45","date_gmt":"2019-06-17T18:37:45","guid":{"rendered":"http:\/\/icicestcool.org\/index.php\/mesmerize\/"},"modified":"2021-03-24T12:31:08","modified_gmt":"2021-03-24T11:31:08","slug":"mesmerize","status":"publish","type":"page","link":"https:\/\/icicestcool.org\/","title":{"rendered":"Home"},"content":{"rendered":"<div id=\"overlappable-1\" class=\"overlappable-4 content-section content-section-spacing\" style=\"background-color: #ffffff;\" data-label=\"Overlappable\" data-id=\"overlappable--1\" data-export-id=\"overlappable-4\" data-category=\"overlappable\" data-overlap=\"true\">\n<div class=\"gridContainer\">\n<div class=\"row spaced-cols text-center\" data-type=\"row\">\n<div class=\"col-xs-12 col-sm-4 col-padding\"><i class=\"fa icon shadow-large-black aligncenter color1 fa-file reverse round large\"><\/i>\n<p>\u00a0<\/p>\n<div class=\"\" data-type=\"column\">\n<h5 class=\"\"><a href=\"https:\/\/icicestcool.org\/index.php\/les-supports-ici-cest-cool\/\" target=\"_blank\" rel=\"noopener\">LES SUPPORTS<\/a><\/h5>\n<p class=\"\">Assumant la r\u00e9alit\u00e9 et duret\u00e9 des faits que les festivals d\u00e9noncent \u00e0 travers la campagne \u00ab Ici c\u2019est cool ! \u00bb, ses cr\u00e9ateurs ont mis la violence au centre des visuels sans victimiser les personnes, tout en associant des b\u00e9n\u00e9voles volontaires de festivals de la r\u00e9gion. La cr\u00e9ation graphique a \u00e9t\u00e9 confi\u00e9e<br \/>\u00e0 l\u2019agence nantaise Adamytes, le studio Oioo Nantes et \u00e0 l\u2019artiste rennaise Marine Bouvier qui travaille depuis plusieurs ann\u00e9es le th\u00e8me de l\u2019insulte en maniant avec talent la technique du bodypainting.<\/p>\n<p class=\"\"><a href=\"https:\/\/icicestcool.org\/index.php\/les-supports-ici-cest-cool\/\" target=\"_blank\" rel=\"noopener\">En savoir plus<\/a><\/p>\n<\/div>\n<\/div>\n<div class=\"col-xs-12 col-sm-4 col-padding\"><i class=\"fa icon shadow-large-black aligncenter color1 fa-video-camera reverse round large\"><\/i>\n<p>\u00a0<\/p>\n<div class=\"\" data-type=\"column\">\n<h5 class=\"\"><a href=\"https:\/\/icicestcool.org\/index.php\/la-video\/\" target=\"_blank\" rel=\"noopener\">LA VIDEO<\/a><\/h5>\n<p class=\"\">R\u00e9alis\u00e9e par Beno\u00eet Barraud et Herv\u00e9-Jacques Passard, une vid\u00e9o d\u2019une trentaine de seconde, format 16\/9\u00e8me, permet de diffuser la campagne sur les r\u00e9seaux sociaux et les \u00e9crans g\u00e9ants. Reprenant les \u00e9l\u00e9ments graphiques de la campagne, elle offre un rappel des diff\u00e9rents axes. Il est possible de la t\u00e9l\u00e9charger afin de l\u2019utiliser en couverture de page facebook. Pour la diffuser sur les \u00e9crans g\u00e9ants de vos \u00e9v\u00e9nements un format adapt\u00e9 est \u00e0 demander aux initiateurs de la campagne.<\/p>\n<p class=\"\"><a href=\"https:\/\/icicestcool.org\/index.php\/la-video\/\" target=\"_blank\" rel=\"noopener\">En savoir plus<\/a><\/p>\n<\/div>\n<\/div>\n<div class=\"col-xs-12 col-sm-4 col-padding\"><i class=\"fa icon shadow-large-black aligncenter color1 fa-question reverse round large\"><\/i>\n<p>\u00a0<\/p>\n<div class=\"\" data-type=\"column\">\n<h5 class=\"\"><a href=\"https:\/\/icicestcool.org\/index.php\/le-quiz-ici-cest-cool\/\" target=\"_blank\" rel=\"noopener\">LE QUIZ EN LIGNE<\/a><\/h5>\n<p class=\"\">L\u2019accompagnement r\u00e9alis\u00e9 par le Collectif les inspirantes a d\u00e9but\u00e9 par un quiz. L\u2019objectif de celui-ci \u00e9tait de mettre les participants face \u00e0 la r\u00e9alit\u00e9 et aux ressentis des personnes qui subissent des agressions verbales ou physiques. La prise de conscience a \u00e9t\u00e9 efficace. Pour preuve de nombreux participants ont reproduit l\u2019exp\u00e9rience aupr\u00e8s des b\u00e9n\u00e9voles de leurs associations respectives.\u00a0 Une version all\u00e9g\u00e9e de 8 questions et mise \u00e0 votre disposition.<\/p>\n<p class=\"\"><a href=\"https:\/\/icicestcool.org\/index.php\/le-quiz-ici-cest-cool\/\" target=\"_blank\" rel=\"noopener\">En savoir plus<\/a><\/p>\n<\/div>\n<\/div>\n<\/div>\n<\/div>\n<\/div>\n\n\n<ul class=\"wp-block-social-links is-style-default\"><\/ul>\n\n\n\n<div class=\"wp-block-columns\">\n<div class=\"wp-block-column\"><\/div>\n\n\n\n<div class=\"wp-block-column\"><\/div>\n\n\n\n<div class=\"wp-block-column\"><\/div>\n\n\n\n<div class=\"wp-block-column\"><\/div>\n\n\n\n<div class=\"wp-block-column\"><\/div>\n\n\n\n<div class=\"wp-block-column\">\n<div class=\"wp-block-image\"><figure class=\"aligncenter size-large is-resized\"><a href=\"https:\/\/www.facebook.com\/ICICESTCOOL\/\" target=\"_blank\" rel=\"noopener\"><img loading=\"lazy\" src=\"https:\/\/icicestcool.org\/wp-content\/uploads\/2021\/03\/logo-facebook.png\" alt=\"\" class=\"wp-image-2178\" width=\"65\" height=\"65\"\/><\/a><\/figure><\/div>\n<\/div>\n\n\n\n<div class=\"wp-block-column\">\n<div class=\"wp-block-image\"><figure class=\"aligncenter size-large is-resized\"><a href=\"https:\/\/twitter.com\/icicestcool1\" target=\"_blank\" rel=\"noopener\"><img loading=\"lazy\" src=\"https:\/\/icicestcool.org\/wp-content\/uploads\/2021\/03\/logo-twitter.png\" alt=\"\" class=\"wp-image-2180\" width=\"65\" height=\"65\"\/><\/a><\/figure><\/div>\n<\/div>\n\n\n\n<div class=\"wp-block-column\">\n<div class=\"wp-block-image\"><figure class=\"aligncenter size-large is-resized\"><a href=\"https:\/\/www.instagram.com\/icicestcool_\/\" target=\"_blank\" rel=\"noopener\"><img loading=\"lazy\" src=\"https:\/\/icicestcool.org\/wp-content\/uploads\/2021\/03\/logo-instagram.png\" alt=\"\" class=\"wp-image-2181\" width=\"66\" height=\"66\"\/><\/a><\/figure><\/div>\n<\/div>\n\n\n\n<div class=\"wp-block-column\"><\/div>\n\n\n\n<div class=\"wp-block-column\"><\/div>\n\n\n\n<div class=\"wp-block-column\"><\/div>\n\n\n\n<div class=\"wp-block-column\"><\/div>\n\n\n\n<div class=\"wp-block-column\"><\/div>\n<\/div>\n\n\n\n<p><\/p>\n","protected":false},"excerpt":{"rendered":"<p>\u00a0 LES SUPPORTS Assumant la r\u00e9alit\u00e9 et duret\u00e9 des faits que les festivals d\u00e9noncent \u00e0 travers la campagne \u00ab Ici c\u2019est cool ! \u00bb, ses cr\u00e9ateurs ont mis la violence au centre des visuels sans victimiser les personnes, tout en associant des b\u00e9n\u00e9voles volontaires de festivals de la r\u00e9gion. La cr\u00e9ation graphique a \u00e9t\u00e9 confi\u00e9e\u00e0&hellip; <br \/> <a class=\"read-more\" href=\"https:\/\/icicestcool.org\/\">Lire la suite<\/a><\/p>\n","protected":false},"author":1,"featured_media":0,"parent":0,"menu_order":0,"comment_status":"closed","ping_status":"closed","template":"page-templates\/homepage.php","meta":[],"_links":{"self":[{"href":"https:\/\/icicestcool.org\/index.php\/wp-json\/wp\/v2\/pages\/316"}],"collection":[{"href":"https:\/\/icicestcool.org\/index.php\/wp-json\/wp\/v2\/pages"}],"about":[{"href":"https:\/\/icicestcool.org\/index.php\/wp-json\/wp\/v2\/types\/page"}],"author":[{"embeddable":true,"href":"https:\/\/icicestcool.org\/index.php\/wp-json\/wp\/v2\/users\/1"}],"replies":[{"embeddable":true,"href":"https:\/\/icicestcool.org\/index.php\/wp-json\/wp\/v2\/comments?post=316"}],"version-history":[{"count":53,"href":"https:\/\/icicestcool.org\/index.php\/wp-json\/wp\/v2\/pages\/316\/revisions"}],"predecessor-version":[{"id":2200,"href":"https:\/\/icicestcool.org\/index.php\/wp-json\/wp\/v2\/pages\/316\/revisions\/2200"}],"wp:attachment":[{"href":"https:\/\/icicestcool.org\/index.php\/wp-json\/wp\/v2\/media?parent=316"}],"curies":[{"name":"wp","href":"https:\/\/api.w.org\/{rel}","templated":true}]}}