{"id":782,"date":"2019-07-05T08:18:19","date_gmt":"2019-07-05T06:18:19","guid":{"rendered":"http:\/\/icicestcool.org\/?page_id=782"},"modified":"2021-06-22T07:35:30","modified_gmt":"2021-06-22T05:35:30","slug":"la-video","status":"publish","type":"page","link":"https:\/\/icicestcool.org\/index.php\/la-video\/","title":{"rendered":"Vid\u00e9os"},"content":{"rendered":"\n<p class=\"has-text-color\" style=\"color:#000000\">R\u00e9alis\u00e9es par <strong>Beno\u00eet Barraud<\/strong> et <strong>Herv\u00e9-Jacques Passard<\/strong> (<a href=\"http:\/\/www.adamytes.fr\/\">Adamytes<\/a>), ces diff\u00e9rentes vid\u00e9os permettent diffuser la campagne sur les r\u00e9seaux sociaux et les \u00e9crans g\u00e9ants. <\/p>\n\n\n\n<p>Rendez-vous en bas de la page pour t\u00e9l\u00e9charger les vid\u00e9os de la campagne aux diff\u00e9rents formats.<\/p>\n\n\n\n<div style=\"padding:56.25% 0 0 0;position:relative;\"><iframe src=\"https:\/\/player.vimeo.com\/video\/557599337?badge=0&amp;autopause=0&amp;player_id=0&amp;app_id=58479\" frameborder=\"0\" allow=\"autoplay; fullscreen; picture-in-picture\" allowfullscreen=\"\" style=\"position:absolute;top:0;left:0;width:100%;height:100%;\" title=\"1bis-Transversale Ecrangeant avec logo1920x1080\"><\/iframe><\/div><script src=\"https:\/\/player.vimeo.com\/api\/player.js\"><\/script>\n\n\n\n<p><a href=\"https:\/\/vimeo.com\/557599337\" target=\"_blank\" rel=\"noreferrer noopener\">Lien de la vid\u00e9o en ligne<\/a><\/p>\n\n\n\n<hr class=\"wp-block-separator\"\/>\n\n\n\n<div style=\"padding:56.25% 0 0 0;position:relative;\"><iframe src=\"https:\/\/player.vimeo.com\/video\/560764115?badge=0&amp;autopause=0&amp;player_id=0&amp;app_id=58479\" frameborder=\"0\" allow=\"autoplay; fullscreen; picture-in-picture\" allowfullscreen=\"\" style=\"position:absolute;top:0;left:0;width:100%;height:100%;\" title=\"2-Video1_1920x1080.mov\"><\/iframe><\/div><script src=\"https:\/\/player.vimeo.com\/api\/player.js\"><\/script>t&gt;\n\n\n\n<p><a href=\"https:\/\/vimeo.com\/560764115\" target=\"_blank\" rel=\"noreferrer noopener\">Lien de la vid\u00e9o en ligne<\/a><\/p>\n\n\n\n<hr class=\"wp-block-separator\"\/>\n\n\n\n<p>T\u00e9l\u00e9charger les vid\u00e9os HD de la campagne aux diff\u00e9rents formats :<\/p>\n\n\n\n<div class=\"wp-block-columns\">\n<div class=\"wp-block-column\">\n<div class=\"wp-block-buttons\">\n<div class=\"wp-block-button\"><a class=\"wp-block-button__link\" href=\"http:\/\/diversite-musicale.org\/icicestcool\/1-TransversaleGrandecran1920x1080.mov\" target=\"_blank\" rel=\"noreferrer noopener\">Vid\u00e9o 1 (2019)<\/a><\/div>\n\n\n\n<div class=\"wp-block-button\"><a class=\"wp-block-button__link\" href=\"http:\/\/diversite-musicale.org\/icicestcool\/1bis-Transversale%20Ecrangeant%20avec%20logo1920x1080.mov\" target=\"_blank\" rel=\"noreferrer noopener\">Vid\u00e9o 2 (2021)<\/a><\/div>\n<\/div>\n\n\n\n<p>T\u00e9l\u00e9charger les vid\u00e9os pour les r\u00e9seaux sociaux :\u00a0<\/p>\n\n\n\n<div class=\"wp-block-buttons\">\n<div class=\"wp-block-button\"><a class=\"wp-block-button__link\" href=\"http:\/\/diversite-musicale.org\/icicestcool\/videosTwitter.zip\" target=\"_blank\" rel=\"noreferrer noopener\"> Pack vid\u00e9os Twitter<\/a><\/div>\n\n\n\n<div class=\"wp-block-button\"><a class=\"wp-block-button__link\" href=\"http:\/\/diversite-musicale.org\/icicestcool\/videosInsta.zip\" target=\"_blank\" rel=\"noreferrer noopener\">Pack vid\u00e9os Instagram<\/a><\/div>\n\n\n\n<div class=\"wp-block-button\"><a class=\"wp-block-button__link\" href=\"http:\/\/diversite-musicale.org\/icicestcool\/4-Transversale%20FBfeed1024x576.mov\" target=\"_blank\" rel=\"noreferrer noopener\">Vid\u00e9o Facebook<\/a><\/div>\n\n\n\n<div class=\"wp-block-button\"><a class=\"wp-block-button__link\" href=\"http:\/\/diversite-musicale.org\/icicestcool\/14-Transversale-tiktok1080X1920.mov\" target=\"_blank\" rel=\"noopener\">Vid\u00e9o Tik Tok<\/a><\/div>\n<\/div>\n<\/div>\n<\/div>\n\n\n<p><!-- \/wp:columns --><\/p>\n<p><!-- wp:paragraph --><\/p>\n<p>D\u00e9tails vid\u00e9os pack r\u00e9seaux sociaux :<\/p>\n<p><strong>Instagram<\/strong> : <a href=\"http:\/\/diversite-musicale.org\/icicestcool\/5-Transversalegtwitter1500x500.mov\" target=\"_blank\" rel=\"noopener\">Vid\u00e9o 2 (2021)<\/a><br \/>D\u00e9clinaisons : <a href=\"http:\/\/diversite-musicale.org\/icicestcool\/10-Instagram-Homophobie%201080x1080.mov\" target=\"_blank\" rel=\"noopener\">Homophobie<\/a> &#8211; <a href=\"http:\/\/diversite-musicale.org\/icicestcool\/11-Instagram-Lesbophobie%201080x1080.mov\" target=\"_blank\" rel=\"noopener\">Lesbophobie<\/a> &#8211; <a href=\"http:\/\/diversite-musicale.org\/icicestcool\/12-Insta-racisme%201080x1080.mov\" target=\"_blank\" rel=\"noopener\">Racisme<\/a> &#8211; <a href=\"http:\/\/diversite-musicale.org\/icicestcool\/13-Insta-Violence1080x1080.mov\" target=\"_blank\" rel=\"noopener\">Violence<\/a><\/p>\n<p><strong>Twitter<\/strong> : <a href=\"http:\/\/diversite-musicale.org\/icicestcool\/5-Transversalegtwitter1500x500.mov\" target=\"_blank\" rel=\"noopener\">Vid\u00e9o 2 (2021)<\/a> <br \/>D\u00e9clinaisons : <a href=\"http:\/\/diversite-musicale.org\/icicestcool\/6-twitter-Homophobie%2010801920.mov\" target=\"_blank\" rel=\"noopener\">Homophobie<\/a> &#8211; <a href=\"http:\/\/diversite-musicale.org\/icicestcool\/7-twitter-Lesbophobie%2010801920.mov\" target=\"_blank\" rel=\"noopener\">Lesbophobie<\/a> &#8211; <a href=\"http:\/\/diversite-musicale.org\/icicestcool\/8-twitter-Racisme%2010801920.mov\" target=\"_blank\" rel=\"noopener\">Racisme<\/a> &#8211; <a href=\"http:\/\/diversite-musicale.org\/icicestcool\/9-twitter-Violence%2010801920.mov\" target=\"_blank\" rel=\"noopener\">Violence<\/a><\/p>\n<p><!-- \/wp:paragraph --><\/p>\n<p><!-- wp:buttons --><\/p>\n<div class=\"wp-block-buttons\"><!-- wp:button -->\n<p>\u00a0<\/p>\n<\/div>\n<p><!-- \/wp:buttons --><\/p>\n\n<!-- wp:buttons -->\n<div class=\"wp-block-buttons\"><\/div>\n<!-- \/wp:buttons -->","protected":false},"excerpt":{"rendered":"<p>R\u00e9alis\u00e9es par Beno\u00eet Barraud et Herv\u00e9-Jacques Passard (Adamytes), ces diff\u00e9rentes vid\u00e9os permettent diffuser la campagne sur les r\u00e9seaux sociaux et les \u00e9crans g\u00e9ants. Rendez-vous en bas de la page pour t\u00e9l\u00e9charger les vid\u00e9os de la campagne aux diff\u00e9rents formats. Lien de la vid\u00e9o en ligne t&gt; Lien de la vid\u00e9o en ligne T\u00e9l\u00e9charger les vid\u00e9os&hellip; <br \/> <a class=\"read-more\" href=\"https:\/\/icicestcool.org\/index.php\/la-video\/\">Lire la suite<\/a><\/p>\n","protected":false},"author":1,"featured_media":0,"parent":0,"menu_order":0,"comment_status":"closed","ping_status":"closed","template":"","meta":[],"_links":{"self":[{"href":"https:\/\/icicestcool.org\/index.php\/wp-json\/wp\/v2\/pages\/782"}],"collection":[{"href":"https:\/\/icicestcool.org\/index.php\/wp-json\/wp\/v2\/pages"}],"about":[{"href":"https:\/\/icicestcool.org\/index.php\/wp-json\/wp\/v2\/types\/page"}],"author":[{"embeddable":true,"href":"https:\/\/icicestcool.org\/index.php\/wp-json\/wp\/v2\/users\/1"}],"replies":[{"embeddable":true,"href":"https:\/\/icicestcool.org\/index.php\/wp-json\/wp\/v2\/comments?post=782"}],"version-history":[{"count":51,"href":"https:\/\/icicestcool.org\/index.php\/wp-json\/wp\/v2\/pages\/782\/revisions"}],"predecessor-version":[{"id":2533,"href":"https:\/\/icicestcool.org\/index.php\/wp-json\/wp\/v2\/pages\/782\/revisions\/2533"}],"wp:attachment":[{"href":"https:\/\/icicestcool.org\/index.php\/wp-json\/wp\/v2\/media?parent=782"}],"curies":[{"name":"wp","href":"https:\/\/api.w.org\/{rel}","templated":true}]}}