{"id":795,"date":"2019-07-05T08:43:09","date_gmt":"2019-07-05T06:43:09","guid":{"rendered":"http:\/\/icicestcool.org\/?page_id=795"},"modified":"2022-05-02T14:50:15","modified_gmt":"2022-05-02T12:50:15","slug":"les-supports-ici-cest-cool","status":"publish","type":"page","link":"https:\/\/icicestcool.org\/index.php\/les-supports-ici-cest-cool\/","title":{"rendered":"Kit visuel de communication"},"content":{"rendered":"\n<div class=\"wp-block-button alignright\"><a class=\"wp-block-button__link has-background no-border-radius\" href=\"https:\/\/icicestcool.org\/wp-content\/uploads\/2022\/05\/Kit-visuel.zip\" style=\"background-color:#000000\" target=\"_blank\" rel=\"noreferrer noopener\">TELECHARGER LE KIT VISUEL<\/a><\/div>\n\n\n\n<div class=\"wp-block-button alignright\"><a class=\"wp-block-button__link has-background no-border-radius\" href=\"https:\/\/www.facebook.com\/ICICESTCOOL\/posts\/471599993606301\" style=\"background-color:#000000\">POST FACEBOOK INITIAL <\/a><\/div>\n\n\n\n<p class=\"has-text-color\" style=\"color:#000000\">Assumant la r\u00e9alit\u00e9 et duret\u00e9 des faits que les festivals d\u00e9noncent \u00e0 travers la campagne <strong>\u00ab Ici c\u2019est cool ! Ne laissons pas la violence pourrir l&rsquo;ambiance \u00bb<\/strong>, ses cr\u00e9ateurs ont mis la violence au centre des visuels sans victimiser les personnes, tout en associant des b\u00e9n\u00e9voles volontaires de festivals de la r\u00e9gion. La cr\u00e9ation graphique a \u00e9t\u00e9 confi\u00e9e<br>\u00e0 <strong>Benoit Barraud <\/strong>et <strong>Yohan Gaborit<\/strong> de l\u2019agence nantaise <strong>Adamytes<\/strong> et \u00e0 l\u2019artiste rennaise <strong>Marine Bouvier<\/strong> qui travaille depuis plusieurs ann\u00e9es le th\u00e8me de l\u2019insulte en maniant avec talent la technique du bodypainting. Les prises de vues ont \u00e9t\u00e9 r\u00e9alis\u00e9es au <strong>studio Oioo Nantes<\/strong>&nbsp;par <strong>Ronan Rocher <\/strong>et <strong>Lionel Boissaye<\/strong>.<\/p>\n\n\n\n<p>Dans ce kit visuel, vous trouverez le logo de la campagne ainsi que toutes les d\u00e9clinaisons pour les r\u00e9seaux sociaux.<\/p>\n\n\n\n<div style=\"height:100px\" aria-hidden=\"true\" class=\"wp-block-spacer\"><\/div>\n\n\n\n<figure class=\"wp-block-gallery columns-3 is-cropped\"><ul class=\"blocks-gallery-grid\"><li class=\"blocks-gallery-item\"><figure><img loading=\"lazy\" width=\"1024\" height=\"1024\" src=\"https:\/\/icicestcool.org\/wp-content\/uploads\/2019\/06\/Instagram_Pute-1024x1024.png\" alt=\"\" data-id=\"734\" data-link=\"https:\/\/icicestcool.org\/index.php\/ici-cest-cool-home\/instagram_pute\/\" class=\"wp-image-734\" srcset=\"https:\/\/icicestcool.org\/wp-content\/uploads\/2019\/06\/Instagram_Pute-1024x1024.png 1024w, https:\/\/icicestcool.org\/wp-content\/uploads\/2019\/06\/Instagram_Pute-150x150.png 150w, https:\/\/icicestcool.org\/wp-content\/uploads\/2019\/06\/Instagram_Pute-300x300.png 300w, https:\/\/icicestcool.org\/wp-content\/uploads\/2019\/06\/Instagram_Pute-768x768.png 768w, https:\/\/icicestcool.org\/wp-content\/uploads\/2019\/06\/Instagram_Pute-400x400.png 400w, https:\/\/icicestcool.org\/wp-content\/uploads\/2019\/06\/Instagram_Pute.png 1080w\" sizes=\"(max-width: 1024px) 100vw, 1024px\" \/><\/figure><\/li><li class=\"blocks-gallery-item\"><figure><img loading=\"lazy\" width=\"1024\" height=\"1024\" src=\"https:\/\/icicestcool.org\/wp-content\/uploads\/2019\/06\/Instagram_Pede-1024x1024.png\" alt=\"\" data-id=\"731\" data-link=\"https:\/\/icicestcool.org\/index.php\/ici-cest-cool-home\/instagram_pede\/\" class=\"wp-image-731\" srcset=\"https:\/\/icicestcool.org\/wp-content\/uploads\/2019\/06\/Instagram_Pede-1024x1024.png 1024w, https:\/\/icicestcool.org\/wp-content\/uploads\/2019\/06\/Instagram_Pede-150x150.png 150w, https:\/\/icicestcool.org\/wp-content\/uploads\/2019\/06\/Instagram_Pede-300x300.png 300w, https:\/\/icicestcool.org\/wp-content\/uploads\/2019\/06\/Instagram_Pede-768x768.png 768w, https:\/\/icicestcool.org\/wp-content\/uploads\/2019\/06\/Instagram_Pede-400x400.png 400w, https:\/\/icicestcool.org\/wp-content\/uploads\/2019\/06\/Instagram_Pede.png 1080w\" sizes=\"(max-width: 1024px) 100vw, 1024px\" \/><\/figure><\/li><li class=\"blocks-gallery-item\"><figure><img loading=\"lazy\" width=\"1024\" height=\"1024\" src=\"https:\/\/icicestcool.org\/wp-content\/uploads\/2019\/06\/Instagram_Negre-1024x1024.png\" alt=\"\" data-id=\"730\" data-link=\"https:\/\/icicestcool.org\/index.php\/ici-cest-cool-home\/instagram_negre\/\" class=\"wp-image-730\" srcset=\"https:\/\/icicestcool.org\/wp-content\/uploads\/2019\/06\/Instagram_Negre-1024x1024.png 1024w, https:\/\/icicestcool.org\/wp-content\/uploads\/2019\/06\/Instagram_Negre-150x150.png 150w, https:\/\/icicestcool.org\/wp-content\/uploads\/2019\/06\/Instagram_Negre-300x300.png 300w, https:\/\/icicestcool.org\/wp-content\/uploads\/2019\/06\/Instagram_Negre-768x768.png 768w, https:\/\/icicestcool.org\/wp-content\/uploads\/2019\/06\/Instagram_Negre-400x400.png 400w, https:\/\/icicestcool.org\/wp-content\/uploads\/2019\/06\/Instagram_Negre.png 1080w\" sizes=\"(max-width: 1024px) 100vw, 1024px\" \/><\/figure><\/li><li class=\"blocks-gallery-item\"><figure><img loading=\"lazy\" width=\"1024\" height=\"1024\" src=\"https:\/\/icicestcool.org\/wp-content\/uploads\/2019\/06\/Instagram_Gouine-1024x1024.png\" alt=\"\" data-id=\"729\" data-link=\"https:\/\/icicestcool.org\/index.php\/ici-cest-cool-home\/instagram_gouine\/\" class=\"wp-image-729\" srcset=\"https:\/\/icicestcool.org\/wp-content\/uploads\/2019\/06\/Instagram_Gouine-1024x1024.png 1024w, https:\/\/icicestcool.org\/wp-content\/uploads\/2019\/06\/Instagram_Gouine-150x150.png 150w, https:\/\/icicestcool.org\/wp-content\/uploads\/2019\/06\/Instagram_Gouine-300x300.png 300w, https:\/\/icicestcool.org\/wp-content\/uploads\/2019\/06\/Instagram_Gouine-768x768.png 768w, https:\/\/icicestcool.org\/wp-content\/uploads\/2019\/06\/Instagram_Gouine-400x400.png 400w, https:\/\/icicestcool.org\/wp-content\/uploads\/2019\/06\/Instagram_Gouine.png 1080w\" sizes=\"(max-width: 1024px) 100vw, 1024px\" \/><\/figure><\/li><\/ul><\/figure>\n\n\n\n<figure class=\"wp-block-gallery columns-0 is-cropped\"><ul class=\"blocks-gallery-grid\"><\/ul><\/figure>\n\n\n\n<div style=\"height:100px\" aria-hidden=\"true\" class=\"wp-block-spacer\"><\/div>\n\n\n\n<h4>Bracelet \u00ab\u00a0Ici c&rsquo;est cool !\u00a0\u00bb<\/h4>\n\n\n\n<figure class=\"wp-block-image\"><img loading=\"lazy\" width=\"500\" height=\"99\" src=\"https:\/\/icicestcool.org\/wp-content\/uploads\/2019\/07\/bracelet-IciCestCool.png\" alt=\"\" class=\"wp-image-806\" srcset=\"https:\/\/icicestcool.org\/wp-content\/uploads\/2019\/07\/bracelet-IciCestCool.png 500w, https:\/\/icicestcool.org\/wp-content\/uploads\/2019\/07\/bracelet-IciCestCool-300x59.png 300w, https:\/\/icicestcool.org\/wp-content\/uploads\/2019\/07\/bracelet-IciCestCool-400x79.png 400w\" sizes=\"(max-width: 500px) 100vw, 500px\" \/><\/figure>\n\n\n\n<div style=\"height:100px\" aria-hidden=\"true\" class=\"wp-block-spacer\"><\/div>\n\n\n\n<h4> logo \u00ab\u00a0Ici c&rsquo;est cool\u00a0\u00bb<\/h4>\n\n\n\n<figure class=\"wp-block-image size-large\"><img loading=\"lazy\" width=\"390\" height=\"151\" src=\"https:\/\/icicestcool.org\/wp-content\/uploads\/2021\/02\/logo_bando.png\" alt=\"\" class=\"wp-image-2103\" srcset=\"https:\/\/icicestcool.org\/wp-content\/uploads\/2021\/02\/logo_bando.png 390w, https:\/\/icicestcool.org\/wp-content\/uploads\/2021\/02\/logo_bando-300x116.png 300w\" sizes=\"(max-width: 390px) 100vw, 390px\" \/><\/figure>\n","protected":false},"excerpt":{"rendered":"<p>Assumant la r\u00e9alit\u00e9 et duret\u00e9 des faits que les festivals d\u00e9noncent \u00e0 travers la campagne \u00ab Ici c\u2019est cool ! Ne laissons pas la violence pourrir l&rsquo;ambiance \u00bb, ses cr\u00e9ateurs ont mis la violence au centre des visuels sans victimiser les personnes, tout en associant des b\u00e9n\u00e9voles volontaires de festivals de la r\u00e9gion. La cr\u00e9ation&hellip; <br \/> <a class=\"read-more\" href=\"https:\/\/icicestcool.org\/index.php\/les-supports-ici-cest-cool\/\">Lire la suite<\/a><\/p>\n","protected":false},"author":1,"featured_media":385,"parent":0,"menu_order":0,"comment_status":"closed","ping_status":"closed","template":"","meta":[],"_links":{"self":[{"href":"https:\/\/icicestcool.org\/index.php\/wp-json\/wp\/v2\/pages\/795"}],"collection":[{"href":"https:\/\/icicestcool.org\/index.php\/wp-json\/wp\/v2\/pages"}],"about":[{"href":"https:\/\/icicestcool.org\/index.php\/wp-json\/wp\/v2\/types\/page"}],"author":[{"embeddable":true,"href":"https:\/\/icicestcool.org\/index.php\/wp-json\/wp\/v2\/users\/1"}],"replies":[{"embeddable":true,"href":"https:\/\/icicestcool.org\/index.php\/wp-json\/wp\/v2\/comments?post=795"}],"version-history":[{"count":35,"href":"https:\/\/icicestcool.org\/index.php\/wp-json\/wp\/v2\/pages\/795\/revisions"}],"predecessor-version":[{"id":2807,"href":"https:\/\/icicestcool.org\/index.php\/wp-json\/wp\/v2\/pages\/795\/revisions\/2807"}],"wp:featuredmedia":[{"embeddable":true,"href":"https:\/\/icicestcool.org\/index.php\/wp-json\/wp\/v2\/media\/385"}],"wp:attachment":[{"href":"https:\/\/icicestcool.org\/index.php\/wp-json\/wp\/v2\/media?parent=795"}],"curies":[{"name":"wp","href":"https:\/\/api.w.org\/{rel}","templated":true}]}}