{"id":834,"date":"2019-07-05T11:21:59","date_gmt":"2019-07-05T09:21:59","guid":{"rendered":"http:\/\/icicestcool.org\/?page_id=834"},"modified":"2022-04-19T12:45:45","modified_gmt":"2022-04-19T10:45:45","slug":"les-soutiens","status":"publish","type":"page","link":"https:\/\/icicestcool.org\/index.php\/les-soutiens\/","title":{"rendered":"Partenaires"},"content":{"rendered":"\n<p>Cette campagne b\u00e9n\u00e9ficie du soutien de la <a href=\"https:\/\/www.amnesty.fr\/soutenir\/fondation-amnesty-international-france\">Fondation Amnesty International<\/a>, du <a href=\"https:\/\/cnm.fr\/\" data-type=\"URL\" data-id=\"https:\/\/cnm.fr\/\">Centre National de la Musique<\/a>, du <a href=\"https:\/\/www.culture.gouv.fr\/\">Minist\u00e8re de la Culture<\/a>, du soutien de la <a href=\"http:\/\/www.cooperation-reseaux-territoriaux.org\/\">Coop\u00e9ration<\/a> des r\u00e9seaux r\u00e9gionaux de musiques actuelles, ainsi que des Pr\u00e9fectures &#8211; direction aux droits des femmes et \u00e0 l&rsquo;\u00e9galit\u00e9 \u2013 de plusieurs r\u00e9gions. <\/p>\n\n\n\n<div class=\"wp-block-columns\">\n<div class=\"wp-block-column\">\n<figure class=\"wp-block-image size-large\"><img loading=\"lazy\" width=\"1024\" height=\"779\" src=\"https:\/\/icicestcool.org\/wp-content\/uploads\/2021\/02\/ministere_culture-1-1024x779.jpg\" alt=\"\" class=\"wp-image-2052\" srcset=\"https:\/\/icicestcool.org\/wp-content\/uploads\/2021\/02\/ministere_culture-1-1024x779.jpg 1024w, https:\/\/icicestcool.org\/wp-content\/uploads\/2021\/02\/ministere_culture-1-300x228.jpg 300w, https:\/\/icicestcool.org\/wp-content\/uploads\/2021\/02\/ministere_culture-1-768x584.jpg 768w, https:\/\/icicestcool.org\/wp-content\/uploads\/2021\/02\/ministere_culture-1-1536x1169.jpg 1536w, https:\/\/icicestcool.org\/wp-content\/uploads\/2021\/02\/ministere_culture-1-2048x1558.jpg 2048w, https:\/\/icicestcool.org\/wp-content\/uploads\/2021\/02\/ministere_culture-1-1419x1080.jpg 1419w, https:\/\/icicestcool.org\/wp-content\/uploads\/2021\/02\/ministere_culture-1-400x304.jpg 400w\" sizes=\"(max-width: 1024px) 100vw, 1024px\" \/><\/figure>\n\n\n\n<figure class=\"wp-block-image size-large\"><img loading=\"lazy\" width=\"600\" height=\"300\" src=\"https:\/\/icicestcool.org\/wp-content\/uploads\/2021\/03\/logo-cooperation1_-1.png\" alt=\"\" class=\"wp-image-2239\" srcset=\"https:\/\/icicestcool.org\/wp-content\/uploads\/2021\/03\/logo-cooperation1_-1.png 600w, https:\/\/icicestcool.org\/wp-content\/uploads\/2021\/03\/logo-cooperation1_-1-300x150.png 300w, https:\/\/icicestcool.org\/wp-content\/uploads\/2021\/03\/logo-cooperation1_-1-400x200.png 400w\" sizes=\"(max-width: 600px) 100vw, 600px\" \/><\/figure>\n<\/div>\n\n\n\n<div class=\"wp-block-column\">\n<div class=\"wp-block-image\"><figure class=\"alignleft size-large\"><img loading=\"lazy\" width=\"455\" height=\"552\" src=\"https:\/\/icicestcool.org\/wp-content\/uploads\/2020\/11\/LOGO_amnesty2.jpg\" alt=\"\" class=\"wp-image-1956\" srcset=\"https:\/\/icicestcool.org\/wp-content\/uploads\/2020\/11\/LOGO_amnesty2.jpg 455w, https:\/\/icicestcool.org\/wp-content\/uploads\/2020\/11\/LOGO_amnesty2-247x300.jpg 247w, https:\/\/icicestcool.org\/wp-content\/uploads\/2020\/11\/LOGO_amnesty2-400x485.jpg 400w\" sizes=\"(max-width: 455px) 100vw, 455px\" \/><\/figure><\/div>\n<\/div>\n\n\n\n<div class=\"wp-block-column\">\n<figure class=\"wp-block-image size-large is-resized\"><img loading=\"lazy\" src=\"https:\/\/icicestcool.org\/wp-content\/uploads\/2022\/04\/CNM-logo_standard_rvb_partenaire-1024x588.jpg\" alt=\"\" class=\"wp-image-2791\" width=\"512\" height=\"294\" srcset=\"https:\/\/icicestcool.org\/wp-content\/uploads\/2022\/04\/CNM-logo_standard_rvb_partenaire-1024x588.jpg 1024w, https:\/\/icicestcool.org\/wp-content\/uploads\/2022\/04\/CNM-logo_standard_rvb_partenaire-300x172.jpg 300w, https:\/\/icicestcool.org\/wp-content\/uploads\/2022\/04\/CNM-logo_standard_rvb_partenaire-768x441.jpg 768w, https:\/\/icicestcool.org\/wp-content\/uploads\/2022\/04\/CNM-logo_standard_rvb_partenaire-1536x882.jpg 1536w, https:\/\/icicestcool.org\/wp-content\/uploads\/2022\/04\/CNM-logo_standard_rvb_partenaire-2048x1177.jpg 2048w, https:\/\/icicestcool.org\/wp-content\/uploads\/2022\/04\/CNM-logo_standard_rvb_partenaire-1880x1080.jpg 1880w, https:\/\/icicestcool.org\/wp-content\/uploads\/2022\/04\/CNM-logo_standard_rvb_partenaire-400x230.jpg 400w\" sizes=\"(max-width: 512px) 100vw, 512px\" \/><\/figure>\n<\/div>\n<\/div>\n\n\n\n<p>Les formations sont organis\u00e9es avec le concours du&nbsp;<a rel=\"noreferrer noopener\" href=\"https:\/\/fncidff.info\/\" target=\"_blank\">CIDFF<\/a>&nbsp;(Centres d\u2019Information sur les Droits des Femmes et des Familles), les associations&nbsp;<a rel=\"noreferrer noopener\" href=\"https:\/\/www.lescatherinettes.com\/\" target=\"_blank\">Les Catherinettes<\/a>,&nbsp;<a rel=\"noreferrer noopener\" href=\"http:\/\/consentis.info\/\" target=\"_blank\">Consentis<\/a>,&nbsp;<a rel=\"noreferrer noopener\" href=\"https:\/\/ethnoart.org\/\" target=\"_blank\">Ethnoart<\/a>,&nbsp;<a rel=\"noreferrer noopener\" href=\"https:\/\/www.planning-familial.org\/fr\" target=\"_blank\">le Planning Familial<\/a>, le&nbsp;<a rel=\"noreferrer noopener\" href=\"https:\/\/cfcv.asso.fr\/\" target=\"_blank\">Collectif f\u00e9ministe contre le viol<\/a>&nbsp;ainsi que les entreprises&nbsp;<a rel=\"noreferrer noopener\" href=\"http:\/\/www.budo-securite.com\/\" target=\"_blank\">Budo s\u00e9curit\u00e9<\/a>&nbsp;et&nbsp;<a rel=\"noreferrer noopener\" href=\"https:\/\/lacupestpleine.fr\/\" target=\"_blank\">La cup est pleine<\/a>.<\/p>\n\n\n\n<div class=\"wp-block-columns has-3-columns\">\n<div class=\"wp-block-column\">\n<figure class=\"wp-block-image\"><a href=\"http:\/\/www.infofemmes.com\/v2\/p\/Contact\/cidff-de-la-loire-atlantique-nantes\/2315\" target=\"_blank\" rel=\"noreferrer noopener\"><img loading=\"lazy\" width=\"300\" height=\"300\" src=\"https:\/\/icicestcool.org\/wp-content\/uploads\/2019\/07\/cidff.jpg\" alt=\"\" class=\"wp-image-842\" srcset=\"https:\/\/icicestcool.org\/wp-content\/uploads\/2019\/07\/cidff.jpg 300w, https:\/\/icicestcool.org\/wp-content\/uploads\/2019\/07\/cidff-150x150.jpg 150w\" sizes=\"(max-width: 300px) 100vw, 300px\" \/><\/a><\/figure>\n\n\n\n<figure class=\"wp-block-image size-large\"><img loading=\"lazy\" width=\"300\" height=\"300\" src=\"https:\/\/icicestcool.org\/wp-content\/uploads\/2021\/02\/logo-cfcv.jpg\" alt=\"\" class=\"wp-image-2088\" srcset=\"https:\/\/icicestcool.org\/wp-content\/uploads\/2021\/02\/logo-cfcv.jpg 300w, https:\/\/icicestcool.org\/wp-content\/uploads\/2021\/02\/logo-cfcv-150x150.jpg 150w\" sizes=\"(max-width: 300px) 100vw, 300px\" \/><\/figure>\n\n\n\n<figure class=\"wp-block-image size-large\"><img loading=\"lazy\" width=\"300\" height=\"300\" src=\"https:\/\/icicestcool.org\/wp-content\/uploads\/2021\/02\/logo-consentis.jpg\" alt=\"\" class=\"wp-image-2091\" srcset=\"https:\/\/icicestcool.org\/wp-content\/uploads\/2021\/02\/logo-consentis.jpg 300w, https:\/\/icicestcool.org\/wp-content\/uploads\/2021\/02\/logo-consentis-150x150.jpg 150w\" sizes=\"(max-width: 300px) 100vw, 300px\" \/><\/figure>\n<\/div>\n\n\n\n<div class=\"wp-block-column\">\n<figure class=\"wp-block-image\"><a href=\"https:\/\/www.planning-familial.org\/fr\" target=\"_blank\" rel=\"noreferrer noopener\"><img loading=\"lazy\" width=\"300\" height=\"300\" src=\"https:\/\/icicestcool.org\/wp-content\/uploads\/2019\/07\/planning.jpg\" alt=\"\" class=\"wp-image-843\" srcset=\"https:\/\/icicestcool.org\/wp-content\/uploads\/2019\/07\/planning.jpg 300w, https:\/\/icicestcool.org\/wp-content\/uploads\/2019\/07\/planning-150x150.jpg 150w\" sizes=\"(max-width: 300px) 100vw, 300px\" \/><\/a><\/figure>\n\n\n\n<figure class=\"wp-block-image size-large\"><img loading=\"lazy\" width=\"300\" height=\"300\" src=\"https:\/\/icicestcool.org\/wp-content\/uploads\/2021\/02\/logo-budo.jpg\" alt=\"\" class=\"wp-image-2087\" srcset=\"https:\/\/icicestcool.org\/wp-content\/uploads\/2021\/02\/logo-budo.jpg 300w, https:\/\/icicestcool.org\/wp-content\/uploads\/2021\/02\/logo-budo-150x150.jpg 150w\" sizes=\"(max-width: 300px) 100vw, 300px\" \/><\/figure>\n\n\n\n<figure class=\"wp-block-image size-large\"><img loading=\"lazy\" width=\"300\" height=\"300\" src=\"https:\/\/icicestcool.org\/wp-content\/uploads\/2021\/02\/logo-la-cup-pleine.jpg\" alt=\"\" class=\"wp-image-2093\" srcset=\"https:\/\/icicestcool.org\/wp-content\/uploads\/2021\/02\/logo-la-cup-pleine.jpg 300w, https:\/\/icicestcool.org\/wp-content\/uploads\/2021\/02\/logo-la-cup-pleine-150x150.jpg 150w\" sizes=\"(max-width: 300px) 100vw, 300px\" \/><\/figure>\n<\/div>\n\n\n\n<div class=\"wp-block-column\">\n<figure class=\"wp-block-image size-large\"><img loading=\"lazy\" width=\"300\" height=\"300\" src=\"https:\/\/icicestcool.org\/wp-content\/uploads\/2020\/11\/logo-ethnoart.jpg\" alt=\"\" class=\"wp-image-1941\" srcset=\"https:\/\/icicestcool.org\/wp-content\/uploads\/2020\/11\/logo-ethnoart.jpg 300w, https:\/\/icicestcool.org\/wp-content\/uploads\/2020\/11\/logo-ethnoart-150x150.jpg 150w\" sizes=\"(max-width: 300px) 100vw, 300px\" \/><\/figure>\n\n\n\n<figure class=\"wp-block-image size-large\"><img loading=\"lazy\" width=\"300\" height=\"300\" src=\"https:\/\/icicestcool.org\/wp-content\/uploads\/2021\/02\/logo-catherinettes.jpg\" alt=\"\" class=\"wp-image-2090\" srcset=\"https:\/\/icicestcool.org\/wp-content\/uploads\/2021\/02\/logo-catherinettes.jpg 300w, https:\/\/icicestcool.org\/wp-content\/uploads\/2021\/02\/logo-catherinettes-150x150.jpg 150w\" sizes=\"(max-width: 300px) 100vw, 300px\" \/><\/figure>\n<\/div>\n<\/div>\n\n\n\n<p>Cette campagne est r\u00e9alis\u00e9e gr\u00e2ce \u00e0&nbsp;l\u2019appui du <a href=\"https:\/\/lepole.asso.fr\/\">P\u00f4le<\/a> de coop\u00e9ration pour les musiques actuelles en Pays de la Loire.<\/p>\n\n\n\n<figure class=\"wp-block-image size-large\"><img loading=\"lazy\" width=\"300\" height=\"300\" src=\"https:\/\/icicestcool.org\/wp-content\/uploads\/2019\/07\/lePole.jpg\" alt=\"\" class=\"wp-image-837\" srcset=\"https:\/\/icicestcool.org\/wp-content\/uploads\/2019\/07\/lePole.jpg 300w, https:\/\/icicestcool.org\/wp-content\/uploads\/2019\/07\/lePole-150x150.jpg 150w\" sizes=\"(max-width: 300px) 100vw, 300px\" \/><\/figure>\n\n\n\n<div class=\"wp-block-columns has-3-columns\">\n<div class=\"wp-block-column\">\n<p>Cette campagne a b\u00e9n\u00e9fici\u00e9 du soutien de la <a href=\"http:\/\/www.cooperation-reseaux-territoriaux.org\/\">Coop\u00e9ration<\/a> des r\u00e9seaux r\u00e9gionaux de musiques actuelles.<\/p>\n<\/div>\n<\/div>\n\n\n\n<div class=\"wp-block-columns has-3-columns\">\n<div class=\"wp-block-column\">\n<figure class=\"wp-block-image\"><img loading=\"lazy\" width=\"300\" height=\"300\" src=\"https:\/\/icicestcool.org\/wp-content\/uploads\/2019\/07\/fema.jpg\" alt=\"\" class=\"wp-image-854\" srcset=\"https:\/\/icicestcool.org\/wp-content\/uploads\/2019\/07\/fema.jpg 300w, https:\/\/icicestcool.org\/wp-content\/uploads\/2019\/07\/fema-150x150.jpg 150w\" sizes=\"(max-width: 300px) 100vw, 300px\" \/><\/figure>\n\n\n\n<figure class=\"wp-block-image\"><img loading=\"lazy\" width=\"300\" height=\"300\" src=\"https:\/\/icicestcool.org\/wp-content\/uploads\/2019\/07\/octopus.jpg\" alt=\"\" class=\"wp-image-857\" srcset=\"https:\/\/icicestcool.org\/wp-content\/uploads\/2019\/07\/octopus.jpg 300w, https:\/\/icicestcool.org\/wp-content\/uploads\/2019\/07\/octopus-150x150.jpg 150w\" sizes=\"(max-width: 300px) 100vw, 300px\" \/><\/figure>\n\n\n\n<figure class=\"wp-block-image is-resized\"><img loading=\"lazy\" src=\"https:\/\/icicestcool.org\/wp-content\/uploads\/2019\/07\/fracama.jpg\" alt=\"\" class=\"wp-image-863\" width=\"184\" height=\"184\" srcset=\"https:\/\/icicestcool.org\/wp-content\/uploads\/2019\/07\/fracama.jpg 300w, https:\/\/icicestcool.org\/wp-content\/uploads\/2019\/07\/fracama-150x150.jpg 150w\" sizes=\"(max-width: 184px) 100vw, 184px\" \/><\/figure>\n\n\n\n<figure class=\"wp-block-image size-large\"><img loading=\"lazy\" width=\"250\" height=\"250\" src=\"https:\/\/icicestcool.org\/wp-content\/uploads\/2020\/08\/FB-Avatar-250x250-1.png\" alt=\"\" class=\"wp-image-1483\" srcset=\"https:\/\/icicestcool.org\/wp-content\/uploads\/2020\/08\/FB-Avatar-250x250-1.png 250w, https:\/\/icicestcool.org\/wp-content\/uploads\/2020\/08\/FB-Avatar-250x250-1-150x150.png 150w\" sizes=\"(max-width: 250px) 100vw, 250px\" \/><\/figure>\n<\/div>\n\n\n\n<div class=\"wp-block-column\">\n<figure class=\"wp-block-image\"><img loading=\"lazy\" width=\"300\" height=\"300\" src=\"https:\/\/icicestcool.org\/wp-content\/uploads\/2019\/07\/GrandBureau.jpg\" alt=\"\" class=\"wp-image-855\" srcset=\"https:\/\/icicestcool.org\/wp-content\/uploads\/2019\/07\/GrandBureau.jpg 300w, https:\/\/icicestcool.org\/wp-content\/uploads\/2019\/07\/GrandBureau-150x150.jpg 150w\" sizes=\"(max-width: 300px) 100vw, 300px\" \/><\/figure>\n\n\n\n<figure class=\"wp-block-image\"><img loading=\"lazy\" width=\"300\" height=\"300\" src=\"https:\/\/icicestcool.org\/wp-content\/uploads\/2019\/07\/rim.jpg\" alt=\"\" class=\"wp-image-861\" srcset=\"https:\/\/icicestcool.org\/wp-content\/uploads\/2019\/07\/rim.jpg 300w, https:\/\/icicestcool.org\/wp-content\/uploads\/2019\/07\/rim-150x150.jpg 150w\" sizes=\"(max-width: 300px) 100vw, 300px\" \/><\/figure>\n\n\n\n<figure class=\"wp-block-image size-large is-resized\"><img loading=\"lazy\" src=\"https:\/\/icicestcool.org\/wp-content\/uploads\/2020\/07\/PAM.jpg\" alt=\"\" class=\"wp-image-1237\" width=\"193\" height=\"193\" srcset=\"https:\/\/icicestcool.org\/wp-content\/uploads\/2020\/07\/PAM.jpg 500w, https:\/\/icicestcool.org\/wp-content\/uploads\/2020\/07\/PAM-300x300.jpg 300w, https:\/\/icicestcool.org\/wp-content\/uploads\/2020\/07\/PAM-150x150.jpg 150w, https:\/\/icicestcool.org\/wp-content\/uploads\/2020\/07\/PAM-400x400.jpg 400w\" sizes=\"(max-width: 193px) 100vw, 193px\" \/><\/figure>\n\n\n\n<figure class=\"wp-block-image size-large\"><img loading=\"lazy\" width=\"300\" height=\"300\" src=\"https:\/\/icicestcool.org\/wp-content\/uploads\/2021\/03\/logo-grabuge.png\" alt=\"\" class=\"wp-image-2173\" srcset=\"https:\/\/icicestcool.org\/wp-content\/uploads\/2021\/03\/logo-grabuge.png 300w, https:\/\/icicestcool.org\/wp-content\/uploads\/2021\/03\/logo-grabuge-150x150.png 150w\" sizes=\"(max-width: 300px) 100vw, 300px\" \/><\/figure>\n<\/div>\n\n\n\n<div class=\"wp-block-column\">\n<figure class=\"wp-block-image\"><img loading=\"lazy\" width=\"300\" height=\"300\" src=\"https:\/\/icicestcool.org\/wp-content\/uploads\/2019\/07\/CollectifFestivals.jpg\" alt=\"\" class=\"wp-image-853\" srcset=\"https:\/\/icicestcool.org\/wp-content\/uploads\/2019\/07\/CollectifFestivals.jpg 300w, https:\/\/icicestcool.org\/wp-content\/uploads\/2019\/07\/CollectifFestivals-150x150.jpg 150w\" sizes=\"(max-width: 300px) 100vw, 300px\" \/><\/figure>\n\n\n\n<figure class=\"wp-block-image\"><img loading=\"lazy\" width=\"300\" height=\"300\" src=\"https:\/\/icicestcool.org\/wp-content\/uploads\/2019\/07\/HauteFidelit\u00e9.jpg\" alt=\"\" class=\"wp-image-856\" srcset=\"https:\/\/icicestcool.org\/wp-content\/uploads\/2019\/07\/HauteFidelit\u00e9.jpg 300w, https:\/\/icicestcool.org\/wp-content\/uploads\/2019\/07\/HauteFidelit\u00e9-150x150.jpg 150w\" sizes=\"(max-width: 300px) 100vw, 300px\" \/><\/figure>\n\n\n\n<figure class=\"wp-block-image size-large is-resized\"><img loading=\"lazy\" src=\"https:\/\/icicestcool.org\/wp-content\/uploads\/2020\/08\/logoRIF-courrier-avec-noir-300x161-1.png\" alt=\"\" class=\"wp-image-1496\" width=\"250\" height=\"133\"\/><\/figure>\n\n\n\n<p><\/p>\n<\/div>\n<\/div>\n\n\n\n<p>Le dispositif DLA (Dispositif local d\u2019accompagnement) a \u00e9t\u00e9 r\u00e9alis\u00e9 par le <a href=\"https:\/\/lessinspirantes.org\/\">collectif l\u2019ESS Inspirantes <\/a>avec un financement de <a href=\"http:\/\/www.fondes.fr\/\">France Active Pays de la Loire.<\/a><\/p>\n\n\n\n<div class=\"wp-block-columns\">\n<div class=\"wp-block-column\">\n<figure class=\"wp-block-image size-large\"><img loading=\"lazy\" width=\"300\" height=\"300\" src=\"https:\/\/icicestcool.org\/wp-content\/uploads\/2019\/07\/FranceActive.jpg\" alt=\"\" class=\"wp-image-847\" srcset=\"https:\/\/icicestcool.org\/wp-content\/uploads\/2019\/07\/FranceActive.jpg 300w, https:\/\/icicestcool.org\/wp-content\/uploads\/2019\/07\/FranceActive-150x150.jpg 150w\" sizes=\"(max-width: 300px) 100vw, 300px\" \/><\/figure>\n<\/div>\n\n\n\n<div class=\"wp-block-column\">\n<figure class=\"wp-block-image size-large\"><img loading=\"lazy\" width=\"300\" height=\"300\" src=\"https:\/\/icicestcool.org\/wp-content\/uploads\/2019\/07\/Inspirantes.jpg\" alt=\"\" class=\"wp-image-848\" srcset=\"https:\/\/icicestcool.org\/wp-content\/uploads\/2019\/07\/Inspirantes.jpg 300w, https:\/\/icicestcool.org\/wp-content\/uploads\/2019\/07\/Inspirantes-150x150.jpg 150w\" sizes=\"(max-width: 300px) 100vw, 300px\" \/><\/figure>\n<\/div>\n\n\n\n<div class=\"wp-block-column\"><\/div>\n<\/div>\n","protected":false},"excerpt":{"rendered":"<p>Cette campagne b\u00e9n\u00e9ficie du soutien de la Fondation Amnesty International, du Centre National de la Musique, du Minist\u00e8re de la Culture, du soutien de la Coop\u00e9ration des r\u00e9seaux r\u00e9gionaux de musiques actuelles, ainsi que des Pr\u00e9fectures &#8211; direction aux droits des femmes et \u00e0 l&rsquo;\u00e9galit\u00e9 \u2013 de plusieurs r\u00e9gions. Les formations sont organis\u00e9es avec le&hellip; <br \/> <a class=\"read-more\" href=\"https:\/\/icicestcool.org\/index.php\/les-soutiens\/\">Lire la suite<\/a><\/p>\n","protected":false},"author":1,"featured_media":0,"parent":0,"menu_order":0,"comment_status":"closed","ping_status":"closed","template":"","meta":[],"_links":{"self":[{"href":"https:\/\/icicestcool.org\/index.php\/wp-json\/wp\/v2\/pages\/834"}],"collection":[{"href":"https:\/\/icicestcool.org\/index.php\/wp-json\/wp\/v2\/pages"}],"about":[{"href":"https:\/\/icicestcool.org\/index.php\/wp-json\/wp\/v2\/types\/page"}],"author":[{"embeddable":true,"href":"https:\/\/icicestcool.org\/index.php\/wp-json\/wp\/v2\/users\/1"}],"replies":[{"embeddable":true,"href":"https:\/\/icicestcool.org\/index.php\/wp-json\/wp\/v2\/comments?post=834"}],"version-history":[{"count":38,"href":"https:\/\/icicestcool.org\/index.php\/wp-json\/wp\/v2\/pages\/834\/revisions"}],"predecessor-version":[{"id":2792,"href":"https:\/\/icicestcool.org\/index.php\/wp-json\/wp\/v2\/pages\/834\/revisions\/2792"}],"wp:attachment":[{"href":"https:\/\/icicestcool.org\/index.php\/wp-json\/wp\/v2\/media?parent=834"}],"curies":[{"name":"wp","href":"https:\/\/api.w.org\/{rel}","templated":true}]}}