{"id":865,"date":"2019-07-05T11:54:10","date_gmt":"2019-07-05T09:54:10","guid":{"rendered":"http:\/\/icicestcool.org\/?page_id=865"},"modified":"2023-06-13T16:24:45","modified_gmt":"2023-06-13T14:24:45","slug":"presse","status":"publish","type":"page","link":"https:\/\/icicestcool.org\/index.php\/presse\/","title":{"rendered":"Espace Presse"},"content":{"rendered":"\n<figure class=\"wp-block-image size-full is-resized\"><img loading=\"lazy\" src=\"https:\/\/icicestcool.org\/wp-content\/uploads\/2021\/02\/zec_affiches.jpeg\" alt=\"\" class=\"wp-image-2044\" width=\"640\" height=\"427\" srcset=\"https:\/\/icicestcool.org\/wp-content\/uploads\/2021\/02\/zec_affiches.jpeg 640w, https:\/\/icicestcool.org\/wp-content\/uploads\/2021\/02\/zec_affiches-300x200.jpeg 300w, https:\/\/icicestcool.org\/wp-content\/uploads\/2021\/02\/zec_affiches-400x267.jpeg 400w\" sizes=\"(max-width: 640px) 100vw, 640px\" \/><\/figure>\n\n\n\n<h4>Communiqu\u00e9 <\/h4>\n\n\n\n<h3>Les lieux et \u00e9v\u00e9nements festifs s\u2019associent contre toutes les violences <\/h3>\n\n\n\n<p>#IciCestCool est une campagne de pr\u00e9vention des violences et comportements inappropri\u00e9s \u00e0 caract\u00e8re sexuel, sexiste, raciste et homophobe, dans les festivals et les concerts, en France initi\u00e9e en 2019.&nbsp;En 2020, malgr\u00e9 les annulations dues \u00e0 la Covid19, les volets \u00ab\u00a0formations\u00a0\u00bb et \u00ab\u00a0ressources\u00a0\u00bb de la campagne ont \u00e9t\u00e9 renforc\u00e9s. Ainsi, \u00e0 travers cette campagne commune, lieux et \u00e9v\u00e9nements festifs s\u2019organisent pour anticiper et pr\u00e9venir toutes formes de violences lors de la reprise des \u00e9v\u00e9nements en 2021.<\/p>\n\n\n\n<p>Ici C\u2019est Cool se donne plusieurs objectifs :<\/p>\n\n\n\n<p>\u2022 faire prendre conscience de la r\u00e9alit\u00e9 des probl\u00e9matiques sexuelles, sexistes, racistes et homophobes, bien trop sous-estim\u00e9es et trop peu \u00e9voqu\u00e9es.<\/p>\n\n\n\n<p>\u2022 favoriser la formation des \u00e9quipes, qu\u2019elles soient professionnelles ou b\u00e9n\u00e9voles, aux dispositifs et protocoles \u00e0 mettre en place sur leur(s) \u00e9v\u00e9nement(s).<\/p>\n\n\n\n<p>\u2022 mettre \u00e0 disposition des ressources afin que les structures aient acc\u00e8s aux gestes et mots \u00e0 utiliser, de mani\u00e8re \u00e0 toujours mieux accueillir, sensibiliser et prot\u00e9ger les publics se rendant sur les \u00e9v\u00e9nements.<\/p>\n\n\n\n<p>\u2022 inclure de nouveaux acteurs.rices dans la d\u00e9marche de pr\u00e9vention, afin de d\u00e9passer le cadre des festivals et lieux festifs. L\u2019id\u00e9e serait de mobiliser des leaders d\u2019opinion et influenceurs.euses sensibilis\u00e9.e.s au sujet, \u00e0 l\u2019audience concern\u00e9e par les festivals et les \u00e9v\u00e9nements culturels.<\/p>\n\n\n\n<p>Ainsi, dans le courant des mois de juin 2021, il sera possible de lancer une action de communication forte et synchronis\u00e9e, men\u00e9e par les festivals et boost\u00e9e par les m\u00e9dias, les artistes, les influenceurs.euses, les acteurs.rices ext\u00e9rieur.e.s se joignant au projet.<\/p>\n\n\n\n<figure class=\"wp-block-embed is-type-video is-provider-vimeo wp-block-embed-vimeo wp-embed-aspect-16-9 wp-has-aspect-ratio\"><div class=\"wp-block-embed__wrapper\">\n<div class='embed-container'><iframe loading=\"lazy\" title=\"Ici C&#039;est Cool\" src=\"https:\/\/player.vimeo.com\/video\/342797133?dnt=1&amp;app_id=122963\" width=\"1920\" height=\"1080\" frameborder=\"0\" allow=\"autoplay; fullscreen; picture-in-picture\" allowfullscreen><\/iframe><\/div>\n<\/div><\/figure>\n\n\n\n<p>Ne Laissons Pas La Violence Pourrir l\u2019Ambiance<\/p>\n\n\n\n<div class=\"wp-block-file\"><a href=\"https:\/\/icicestcool.org\/wp-content\/uploads\/2019\/07\/PourlaPresse-BD.pdf\" target=\"_blank\" rel=\"noreferrer noopener\">PourlaPresse-DP-2019<\/a><a href=\"https:\/\/icicestcool.org\/wp-content\/uploads\/2019\/07\/PourlaPresse-BD.pdf\" class=\"wp-block-file__button\" download>T\u00e9l\u00e9charger<\/a><\/div>\n\n\n\n<p>Vous pouvez t\u00e9l\u00e9charger notre&nbsp;<strong><a href=\"https:\/\/icicestcool.org\/wp-content\/uploads\/2021\/02\/Kit-visuel.zip\">kit visuel de communication<\/a>.<\/strong><\/p>\n\n\n\n<p>Vous pouvez retrouver nos portraits d&rsquo;actrices et d&rsquo;acteurs de l&rsquo;\u00e9galit\u00e9 \u00e0<a href=\"https:\/\/icicestcool.org\/index.php\/portraits-dinitiatives\/\"> cette page.<\/a><\/p>\n","protected":false},"excerpt":{"rendered":"<p>Communiqu\u00e9 Les lieux et \u00e9v\u00e9nements festifs s\u2019associent contre toutes les violences #IciCestCool est une campagne de pr\u00e9vention des violences et comportements inappropri\u00e9s \u00e0 caract\u00e8re sexuel, sexiste, raciste et homophobe, dans les festivals et les concerts, en France initi\u00e9e en 2019.&nbsp;En 2020, malgr\u00e9 les annulations dues \u00e0 la Covid19, les volets \u00ab\u00a0formations\u00a0\u00bb et \u00ab\u00a0ressources\u00a0\u00bb de la&hellip; <br \/> <a class=\"read-more\" href=\"https:\/\/icicestcool.org\/index.php\/presse\/\">Lire la suite<\/a><\/p>\n","protected":false},"author":1,"featured_media":0,"parent":0,"menu_order":0,"comment_status":"closed","ping_status":"closed","template":"","meta":[],"_links":{"self":[{"href":"https:\/\/icicestcool.org\/index.php\/wp-json\/wp\/v2\/pages\/865"}],"collection":[{"href":"https:\/\/icicestcool.org\/index.php\/wp-json\/wp\/v2\/pages"}],"about":[{"href":"https:\/\/icicestcool.org\/index.php\/wp-json\/wp\/v2\/types\/page"}],"author":[{"embeddable":true,"href":"https:\/\/icicestcool.org\/index.php\/wp-json\/wp\/v2\/users\/1"}],"replies":[{"embeddable":true,"href":"https:\/\/icicestcool.org\/index.php\/wp-json\/wp\/v2\/comments?post=865"}],"version-history":[{"count":16,"href":"https:\/\/icicestcool.org\/index.php\/wp-json\/wp\/v2\/pages\/865\/revisions"}],"predecessor-version":[{"id":2953,"href":"https:\/\/icicestcool.org\/index.php\/wp-json\/wp\/v2\/pages\/865\/revisions\/2953"}],"wp:attachment":[{"href":"https:\/\/icicestcool.org\/index.php\/wp-json\/wp\/v2\/media?parent=865"}],"curies":[{"name":"wp","href":"https:\/\/api.w.org\/{rel}","templated":true}]}}