{"id":968,"date":"2020-04-19T23:04:10","date_gmt":"2020-04-19T21:04:10","guid":{"rendered":"http:\/\/icicestcool.org\/?page_id=968"},"modified":"2023-04-03T16:15:20","modified_gmt":"2023-04-03T14:15:20","slug":"les-formations","status":"publish","type":"page","link":"https:\/\/icicestcool.org\/index.php\/les-formations\/","title":{"rendered":"Auto-Formation"},"content":{"rendered":"\n<div class=\"wp-block-columns\">\n<div class=\"wp-block-column\" style=\"flex-basis:33.33%\">\n<div class=\"wp-block-buttons\">\n<div class=\"wp-block-button\"><a class=\"wp-block-button__link\" href=\"#sensibilisation\" rel=\"#sensibilisation\">Nos sensibilisations en ligne<\/a><\/div>\n\n\n\n<div class=\"wp-block-button\"><a class=\"wp-block-button__link\" href=\"#ressource\">Les ressources en ligne<\/a><\/div>\n\n\n\n<div class=\"wp-block-button\"><a class=\"wp-block-button__link\" href=\"#asso\">Des associations sp\u00e9cialistes du milieu festif<\/a><\/div>\n\n\n\n<div class=\"wp-block-button\"><a class=\"wp-block-button__link\" href=\"#asso\">Des organismes de formation<\/a><\/div>\n\n\n\n<div class=\"wp-block-button\"><a class=\"wp-block-button__link\" href=\"#consultant\">Des consultant.e.s pour vous accompagner<\/a><\/div>\n<\/div>\n<\/div>\n\n\n\n<div class=\"wp-block-column\" style=\"flex-basis:66.66%\">\n<h4 id=\"sensibilisation\">Nos sensibilisations en ligne<\/h4>\n\n\n\n<p>Ici c&rsquo;est cool s&rsquo;associe avec <a href=\"https:\/\/www.standup-international.com\/fr\/fr\/\">Stand Up<\/a>, un programme international de formations, simple et efficace, lanc\u00e9 par l\u2019ONG Hollaback! et la <a href=\"https:\/\/www.facebook.com\/FondationDesFemmes\/?__cft__[0]=AZWrW43gSx0qmnV2h8rtyZzsPvK51tL-5Z38l0zat-yer8VgbdvBAbm9n1qhZCpXPq3G7VXL2UTgpJDM_ygcXPd4Cl-oDBy4RB10qWxRscl4tleL1QAfqMbvE7Unxp9Qp0Ks70np8da_u3PyzNd2QcvQySgAhE2sC4a5LTGctRs1mNonkFLZ3pprBYTyMBHueig&amp;__tn__=kK-R\">Fondation des Femmes<\/a> pour sensibiliser et former le plus grand nombre \u00e0 intervenir en toute s\u00e9curit\u00e9 lorsqu\u2019il est victime ou t\u00e9moin de harc\u00e8lement sexuel dans les lieux publics. <\/p>\n\n\n\n<p>Cette sensibilisation en ligne de 1 heure est adapt\u00e9e pour les interactions que l&rsquo;on peut avoir dans un festival comme dans une salle de concert.<\/p>\n\n\n\n<div class=\"wp-block-buttons\">\n<div class=\"wp-block-button\"><a class=\"wp-block-button__link\" href=\"https:\/\/fondationdesfemmes.org\/stand-up\/\">S&rsquo;inscrire \u00e0 une formation<\/a><\/div>\n<\/div>\n\n\n\n<p><\/p>\n\n\n\n<figure class=\"wp-block-embed is-type-video is-provider-youtube wp-block-embed-youtube wp-embed-aspect-16-9 wp-has-aspect-ratio\"><div class=\"wp-block-embed__wrapper\">\n<div class='embed-container'><iframe loading=\"lazy\" title=\"Agissons ensemble contre le harc\u00e8lement de rue \/\/ Stand Up\" width=\"1920\" height=\"1080\" src=\"https:\/\/www.youtube.com\/embed\/mHXZpxMRKtg?feature=oembed\" frameborder=\"0\" allow=\"accelerometer; autoplay; clipboard-write; encrypted-media; gyroscope; picture-in-picture; web-share\" allowfullscreen><\/iframe><\/div>\n<\/div><\/figure>\n\n\n\n<hr class=\"wp-block-separator\"\/>\n\n\n\n<p class=\"has-text-color\" style=\"color:#000000\">Nous vous proposons r\u00e9guli\u00e8rement des  temps de formations en ligne&nbsp;interactifs et&nbsp;dynamiques, anim\u00e9s par des expertes.<\/p>\n\n\n\n<p><strong>Webinaire 1 \/\/ \u00ab\u00a0Comprendre et pr\u00e9venir les violences sexistes, homophobes et sexuelles en milieu festif\u00a0\u00bb.<\/strong><br>&#8211; Cette formation vise \u00e0 un rappel du cadre l\u00e9gal, \u00e0 la compr\u00e9hension de ces violences et propose un focus sur la pr\u00e9vention et les bonnes pratiques \u00e0 adopter en milieu festif.<br>&#8211; Cette formation est anim\u00e9e par Marie Krumpe Quarr\u00e9, coordinatrice de la campagne \u00ab\u00a0Ici les Femmes Festoient Sereines\u00a0\u00bb du <a rel=\"noreferrer noopener\" href=\"https:\/\/cfcv.asso.fr\/\" target=\"_blank\">Collectif F\u00e9ministe contre le Viol.<\/a><\/p>\n\n\n\n<div class=\"wp-block-buttons\">\n<div class=\"wp-block-button\"><a class=\"wp-block-button__link\" href=\"https:\/\/icicestcool.org\/wp-content\/uploads\/2021\/04\/webinaire1_icicestcool.pdf\">Document PDF de la formation<\/a><\/div>\n<\/div>\n\n\n\n<p><\/p>\n\n\n\n<hr class=\"wp-block-separator\"\/>\n\n\n\n<p><strong>Webinaire 2 \/\/ \u00ab\u00a0Accueil de victimes et t\u00e9moin\u00b7e\u00b7s de violences sexistes et sexuelles en milieu festif&nbsp;?&nbsp;\u00a0\u00bb <\/strong><br>&#8211; Cette formation vise \u00e0 la compr\u00e9hension psychologique de ces enjeux, au r\u00f4le actif que chacun peut avoir comme t\u00e9moin ou \u00e9coutant.e. ainsi que les bonnes attitudes et le bon vocabulaire \u00e0 adopter en milieu festif.<br>Cette formation est \u00e9galement anim\u00e9e par Marie Krumpe Quarr\u00e9.<\/p>\n\n\n\n<p class=\"has-black-color has-luminous-vivid-amber-background-color has-text-color has-background has-normal-font-size\"><strong>Prochain W\u00e9binaire le 3 avril 2023 de 18h \u00e0 20h30<\/strong><\/p>\n\n\n\n<p><a href=\"https:\/\/forms.gle\/pBkhWyKBxDQkCRxL7\" data-type=\"URL\" data-id=\"https:\/\/forms.gle\/pBkhWyKBxDQkCRxL7\">LIEN VISIO<\/a><\/p>\n\n\n\n<p>Code ICC<\/p>\n\n\n\n<div class=\"wp-block-buttons\">\n<div class=\"wp-block-button\"><a class=\"wp-block-button__link\" href=\"https:\/\/icicestcool.org\/wp-content\/uploads\/2021\/04\/webinaire2_icicestcool.pdf\" target=\"_blank\" rel=\"noreferrer noopener\">Document PDF de la formation<\/a><\/div>\n<\/div>\n\n\n\n<hr class=\"wp-block-separator\"\/>\n\n\n\n<p><strong>Webinaire 3&nbsp;\/\/ \u00ab\u00a0Comprendre et lutter contre les discriminations et le racisme en milieu festif\u00a0\u00bb <\/strong><br>&#8211; Discriminations : de quoi parlons-nous ?&nbsp; El\u00e9ments de d\u00e9finition&nbsp;\/ St\u00e9r\u00e9otypes et pr\u00e9jug\u00e9s \/ Assignation identitaire et stigmatisation<br>&#8211; Le racisme : qu\u2019est-ce c\u2019est ? Race et racisme \/ D\u2019o\u00f9 vient le racisme ? \/ H\u00e9ritages contemporains<br>Cette formation est anim\u00e9e par Emilie Francez, titulaire d\u2019un doctorat en anthropologie sociale et culturelle, formatrice \u00e0 <a rel=\"noreferrer noopener\" href=\"https:\/\/ethnoart.org\/\" target=\"_blank\">Ethnoart<\/a> une association qui d\u00e9veloppe des projets autour de l\u2019interculturalit\u00e9.<\/p>\n\n\n\n<div class=\"wp-block-buttons\">\n<div class=\"wp-block-button\"><a class=\"wp-block-button__link\" href=\"https:\/\/icicestcool.org\/wp-content\/uploads\/2021\/04\/iciccool_lutte_racisme.pdf\" target=\"_blank\" rel=\"noreferrer noopener\">Document PDF de la formation<\/a><\/div>\n\n\n\n<div class=\"wp-block-button\"><a class=\"wp-block-button__link\" href=\"https:\/\/icicestcool.org\/wp-content\/uploads\/2020\/08\/Biblio_IciCestCool-discri_homophobes_racistes.pdf\">Bibliographie de la formation<\/a><\/div>\n<\/div>\n\n\n\n<p><\/p>\n\n\n\n<p><\/p>\n\n\n\n<p><\/p>\n\n\n\n<hr class=\"wp-block-separator is-style-default\"\/>\n\n\n\n<p>Retrouvez le replay de la pr\u00e9sentation de \u00ab\u00a0Ici c&rsquo;est cool\u00a0\u00bb lors du webinaire du Centre national de la musique organis\u00e9 en mars 2021 :<\/p>\n\n\n\n<figure class=\"wp-block-embed is-type-video is-provider-youtube wp-block-embed-youtube wp-embed-aspect-16-9 wp-has-aspect-ratio\"><div class=\"wp-block-embed__wrapper\">\n<div class='embed-container'><iframe loading=\"lazy\" title=\"Webinaire #2 - F\u00e9d\u00e9rations, r\u00e9seaux : impulser une d\u00e9marche de pr\u00e9vention\" width=\"1920\" height=\"1080\" src=\"https:\/\/www.youtube.com\/embed\/AA50iUEFHJ0?feature=oembed\" frameborder=\"0\" allow=\"accelerometer; autoplay; clipboard-write; encrypted-media; gyroscope; picture-in-picture; web-share\" allowfullscreen><\/iframe><\/div>\n<\/div><\/figure>\n\n\n\n<hr class=\"wp-block-separator has-text-color has-background\" style=\"background-color:#000000;color:#000000\"\/>\n\n\n\n<h4 id=\"ressource\"><br><br>Les ressources en ligne<\/h4>\n\n\n\n<p><strong>Centre National de la Musique<\/strong><\/p>\n\n\n\n<p>Le <a href=\"https:\/\/cnm.fr\/\">Centre National de la Musique<\/a> a cr\u00e9e un mini-site sur l&rsquo;\u00e9galit\u00e9 femmes-hommes dans la musique avec un focus sur la pr\u00e9vention des violences sexistes et sexuelles. Vous y trouverez notamment le replay des webinaires sur le sujet.<\/p>\n\n\n\n<div class=\"wp-block-buttons\">\n<div class=\"wp-block-button\"><a class=\"wp-block-button__link\" href=\"https:\/\/cnm.fr\/sujet\/egalite-femmes-hommes\/\">Voir le site<\/a><\/div>\n<\/div>\n\n\n\n<p><\/p>\n\n\n\n<p><strong>Collectif Orange bleue<\/strong><\/p>\n\n\n\n<p>Le<a href=\"https:\/\/www.collectif-orange-bleue.com\/\"> Collectif breton Orange Bleue<\/a> a collabor\u00e9 avec le Collectif des Festivals \u00e0 l&rsquo;\u00e9laboration d&rsquo;une formation en ligne \u00e0 destination des organisateurs de festival.<\/p>\n\n\n\n<p>Cette formation se compose de 10 \u00e9tapes &#8211; les violences de genre en milieu festif, comment mettre en place un stand de pr\u00e9vention\u2026 &#8211; afin de ma\u00eetriser les fondamentaux de la pr\u00e9vention et de la r\u00e9duction des risques en milieu festif et ainsi pouvoir mettre en place un dispositif coh\u00e9rent et adapt\u00e9 pour le public. \u200b<\/p>\n\n\n\n<p>Cette formation est disponible en ligne, gratuitement<\/p>\n\n\n\n<div class=\"wp-block-buttons\">\n<div class=\"wp-block-button\"><a class=\"wp-block-button__link\" href=\"https:\/\/www.collectif-orange-bleue.com\/formation-en-ligne\" target=\"_blank\" rel=\"noreferrer noopener\">voir le site<\/a><\/div>\n<\/div>\n\n\n\n<p><br><br><strong>Agissons ensemble contre le harc\u00e8lement de rue<\/strong><\/p>\n\n\n\n<p>L\u2019Or\u00e9al Paris, l\u2019ONG Hollaback! et la <a href=\"https:\/\/fondationdesfemmes.org\/\" target=\"_blank\" rel=\"noreferrer noopener\">Fondation des Femmes<\/a> se sont unis pour apprendre aux hommes et aux femmes comment lutter contre le harc\u00e8lement de rue. Le programme Stand Up propose des gestes simples, mais d\u00e9terminants, qui permettent d\u2019intervenir en toute s\u00e9curit\u00e9 lorsqu\u2019on est victime ou t\u00e9moin de harc\u00e8lement de rue.&nbsp;<\/p>\n\n\n\n<p>Formez -vous et retrouvez des conseils que vous soyez t\u00e9moin ou victime de harc\u00e8lement de rue sur le site de la campagne.<\/p>\n\n\n\n<div class=\"wp-block-buttons\">\n<div class=\"wp-block-button\"><a class=\"wp-block-button__link\" href=\"https:\/\/www.standup-international.com\/fr\/fr\/training\/landing?&amp;wiz_medium=cpc&amp;wiz_source=google&amp;wiz_campaign=oap_goog_ao_othr__bran_search_text_eg_fr_standup&amp;gclid=CjwKCAjw5Ij2BRBdEiwA0Frc9XOE82EVfv3x1FTblT5HptjZcCUwS3QBAbfi7YGJogQMqMlf2O_y5xoCcAgQAvD_BwE&amp;gclsrc=aw.ds\" target=\"_blank\" rel=\"noreferrer noopener\">voir le site<\/a><\/div>\n<\/div>\n\n\n\n<h4> <\/h4>\n\n\n\n<h4> <\/h4>\n\n\n\n<p><\/p>\n\n\n\n<hr class=\"wp-block-separator has-text-color has-background\" style=\"background-color:#000000;color:#000000\"\/>\n\n\n\n<h4 class=\"has-black-color has-text-color\" id=\"asso\">Des associations sp\u00e9cialistes du milieu festif<\/h4>\n\n\n\n<p>L\u2019association <a href=\"https:\/\/www.lescatherinettes.com\/\" target=\"_blank\" rel=\"noreferrer noopener\">Les Catherinettes<\/a> accompagne les festivals \u00e0 toutes les \u00e9tapes du dispositif de lutte contre les violences sexistes et sexuelles. Dans un premier temps, une analyse du festival, de ses publics, ses sp\u00e9cificit\u00e9s est faite afin de dimensionner et d\u00e9terminer ses besoins.<\/p>\n\n\n\n<p>Une fois tous les besoins identifi\u00e9s, l\u2019association coordonne la mise en place de formations \u00e0 destination de l\u2019\u00e9quipe organisatrice du festival, des \u00e9quipes de s\u00e9curit\u00e9 ainsi que des b\u00e9n\u00e9voles. <\/p>\n\n\n\n<div class=\"wp-block-buttons\">\n<div class=\"wp-block-button\"><a class=\"wp-block-button__link\" href=\"https:\/\/www.lescatherinettes.com\/\" target=\"_blank\" rel=\"noreferrer noopener\">voir le site<\/a><\/div>\n<\/div>\n\n\n\n<p><br><a rel=\"noreferrer noopener\" href=\"http:\/\/consentis.info\/\" target=\"_blank\">Consentis<\/a> est une association qui promeut une&nbsp;culture du consentement&nbsp;et lutte contre les violences sexuelles dans les&nbsp;lieux festifs&nbsp;(bo\u00eetes de nuit, festivals, bars\u2026)<\/p>\n\n\n\n<p>Consentis souhaite que toute personne&nbsp;sans discrimination li\u00e9e \u00e0 son genre, son \u00e2ge, son orientation sexuelle, son origine sociale et ethnique, son corps et sa tenue&nbsp;puisse danser librement. Tous les acteurs et actrices de la vie festive sont b\u00e9n\u00e9ficiaires des actions : les propri\u00e9taires de salles, les promoteur\u00b7ices de soir\u00e9es, le personnel de s\u00e9curit\u00e9 et de service, les f\u00eatard\u00b7es.<\/p>\n\n\n\n<div class=\"wp-block-buttons\">\n<div class=\"wp-block-button\"><a class=\"wp-block-button__link\" href=\"http:\/\/consentis.info\/\" target=\"_blank\" rel=\"noreferrer noopener\">voir le site<\/a><\/div>\n<\/div>\n\n\n\n<p><br>Depuis 2004, l&rsquo;association <a rel=\"noreferrer noopener\" href=\"https:\/\/www.lapetite.fr\/\" target=\"_blank\">La Petite<\/a>, bas\u00e9e \u00e0 Toulouse,  organise des f\u00eates \u00e9lectroniques et soutient les carri\u00e8res des femmes.<\/p>\n\n\n\n<p>Laboratoire d\u2019innovation sociale et artistique, La Petite organise notamment des actions de formation, d\u2019accompagnement et de sensibilisation \u00e0 l\u2019\u00e9galit\u00e9 des genres en milieu festif.<\/p>\n\n\n\n<div class=\"wp-block-buttons\">\n<div class=\"wp-block-button\"><a class=\"wp-block-button__link\" href=\"https:\/\/www.lapetite.fr\/\" target=\"_blank\" rel=\"noreferrer noopener\">voir le site<\/a><\/div>\n<\/div>\n\n\n\n<p><br><br><br><\/p>\n\n\n\n<h4 class=\"has-black-color has-text-color\" id=\"asso\">                                                                        Des organismes de formation<\/h4>\n\n\n\n<p>Le <a href=\"https:\/\/groupe-egae.fr\/\">groupe Ega\u00e9<\/a> est une agence de conseil, de formation et de communication experte de de l\u2019\u00e9galit\u00e9 entre les femmes et les hommes, de la lutte contre les discriminations, de la diversit\u00e9 et de la pr\u00e9vention des violences sexistes et sexuelles.<\/p>\n\n\n\n<p><a href=\"https:\/\/jlshfr.wordpress.com\/\">JLSH Droit et Management<\/a> propose des formations dans toute la France pour apprendre \u00e0 cr\u00e9er une culture commune au sein de votre organisation, respectueuse des individus et exigeante sur leur professionnalisme, pour distinguer ce qui rel\u00e8ve des contraintes inh\u00e9rentes au travail de ce qui est inacceptable (violences, harc\u00e8lement\u2026.) ?<\/p>\n\n\n\n<p><\/p>\n\n\n\n<p><\/p>\n\n\n\n<hr class=\"wp-block-separator has-text-color has-background\" style=\"background-color:#000000;color:#000000\"\/>\n\n\n\n<h4 id=\"consultant\"><br><br>Des consultant.e.s pour accompagner vos projets<\/h4>\n\n\n\n<p>Retrouvez des <a href=\"https:\/\/www.wah-egalite.org\/ils%c2%b7elles-vous-accompagnent\/\">consultantes <\/a>\u00e0 cet annuaire qui propose une s\u00e9lection de contacts sp\u00e9cialistes des questions de genre en milieu culturel qui pourront vous accompagner dans vos r\u00e9flexions autour de la question de l\u2019\u00e9galit\u00e9 femmes-hommes&nbsp;!<\/p>\n<\/div>\n<\/div>\n\n\n\n<p><\/p>\n","protected":false},"excerpt":{"rendered":"<p>Nos sensibilisations en ligne Ici c&rsquo;est cool s&rsquo;associe avec Stand Up, un programme international de formations, simple et efficace, lanc\u00e9 par l\u2019ONG Hollaback! et la Fondation des Femmes pour sensibiliser et former le plus grand nombre \u00e0 intervenir en toute s\u00e9curit\u00e9 lorsqu\u2019il est victime ou t\u00e9moin de harc\u00e8lement sexuel dans les lieux publics. Cette sensibilisation&hellip; <br \/> <a class=\"read-more\" href=\"https:\/\/icicestcool.org\/index.php\/les-formations\/\">Lire la suite<\/a><\/p>\n","protected":false},"author":1,"featured_media":0,"parent":0,"menu_order":0,"comment_status":"closed","ping_status":"closed","template":"","meta":[],"_links":{"self":[{"href":"https:\/\/icicestcool.org\/index.php\/wp-json\/wp\/v2\/pages\/968"}],"collection":[{"href":"https:\/\/icicestcool.org\/index.php\/wp-json\/wp\/v2\/pages"}],"about":[{"href":"https:\/\/icicestcool.org\/index.php\/wp-json\/wp\/v2\/types\/page"}],"author":[{"embeddable":true,"href":"https:\/\/icicestcool.org\/index.php\/wp-json\/wp\/v2\/users\/1"}],"replies":[{"embeddable":true,"href":"https:\/\/icicestcool.org\/index.php\/wp-json\/wp\/v2\/comments?post=968"}],"version-history":[{"count":114,"href":"https:\/\/icicestcool.org\/index.php\/wp-json\/wp\/v2\/pages\/968\/revisions"}],"predecessor-version":[{"id":2929,"href":"https:\/\/icicestcool.org\/index.php\/wp-json\/wp\/v2\/pages\/968\/revisions\/2929"}],"wp:attachment":[{"href":"https:\/\/icicestcool.org\/index.php\/wp-json\/wp\/v2\/media?parent=968"}],"curies":[{"name":"wp","href":"https:\/\/api.w.org\/{rel}","templated":true}]}}